{"id":15819,"date":"2025-04-16T20:20:22","date_gmt":"2025-04-16T20:20:22","guid":{"rendered":"https:\/\/ziedikarmena.lv\/?post_type=product&#038;p=15819"},"modified":"2026-02-05T18:52:31","modified_gmt":"2026-02-05T18:52:31","slug":"aeroflora","status":"publish","type":"product","link":"https:\/\/ziedikarmena.lv\/ru\/product\/aeroflora\/","title":{"rendered":"\u0410\u044d\u0440\u043e\u0444\u043b\u043e\u0440\u0430"},"content":{"rendered":"<p>\u041a\u043e\u043c\u043f\u043e\u0437\u0438\u0446\u0438\u044f Aeroflora \u0441 \u0448\u0430\u0440\u043e\u043c \u043e\u0431\u044a\u0435\u0434\u0438\u043d\u044f\u0435\u0442 \u043a\u0440\u0430\u0441\u043d\u044b\u0435 \u0438 \u043a\u0440\u0435\u043c\u043e\u0432\u044b\u0435 \u0440\u043e\u0437\u044b, \u0437\u0435\u043b\u0451\u043d\u044b\u0435 \u0445\u0440\u0438\u0437\u0430\u043d\u0442\u0435\u043c\u044b \u0438 \u043d\u0435\u0436\u043d\u0443\u044e \u0441\u0442\u0430\u0442\u0438\u0446\u0443 \u0432 \u0441\u0442\u0438\u043b\u044c\u043d\u043e\u0439 \u043a\u043e\u0440\u043e\u0431\u043a\u0435. \u0417\u043e\u043b\u043e\u0442\u043e\u0439 \u0433\u0435\u043b\u0438\u0435\u0432\u044b\u0439 \u0448\u0430\u0440 \u0434\u043e\u0431\u0430\u0432\u043b\u044f\u0435\u0442 \u043f\u0440\u0430\u0437\u0434\u043d\u0438\u0447\u043d\u0443\u044e \u044d\u043b\u0435\u0433\u0430\u043d\u0442\u043d\u043e\u0441\u0442\u044c, \u043f\u0440\u0435\u0432\u0440\u0430\u0449\u0430\u044f \u0435\u0451 \u0432 \u0440\u043e\u0441\u043a\u043e\u0448\u043d\u044b\u0439 \u043f\u043e\u0434\u0430\u0440\u043e\u043a \u043d\u0430 \u0434\u043d\u0438 \u0440\u043e\u0436\u0434\u0435\u043d\u0438\u044f, \u044e\u0431\u0438\u043b\u0435\u0438 \u0438 \u043a\u043e\u0440\u043f\u043e\u0440\u0430\u0442\u0438\u0432\u044b.<\/p>","protected":false},"excerpt":{"rendered":"<p>\u0420\u0430\u0437\u043c\u0435\u0440 \u0431\u0443\u043a\u0435\u0442\u0430 \u0438 \u043a\u043e\u043b\u0438\u0447\u0435\u0441\u0442\u0432\u043e \u0446\u0432\u0435\u0442\u043e\u0432 \u0432 \u043d\u0435\u043c \u0437\u0430\u0432\u0438\u0441\u044f\u0442 \u043e\u0442 \u0440\u0430\u0437\u043c\u0435\u0440\u0430 \u0432\u044b\u0431\u0440\u0430\u043d\u043d\u043e\u0433\u043e \u0432\u0430\u043c\u0438 \u0431\u0443\u043a\u0435\u0442\u0430.<\/p>","protected":false},"featured_media":15824,"comment_status":"open","ping_status":"closed","template":"","meta":[],"product_brand":[],"product_cat":[233],"product_tag":[],"class_list":{"0":"post-15819","1":"product","2":"type-product","3":"status-publish","4":"has-post-thumbnail","6":"product_cat-ziedu-kompozicijas-ar-baloniem","7":"tm-has-options","9":"first","10":"instock","11":"shipping-taxable","12":"purchasable","13":"product-type-simple"},"yoast_head":"<!-- This site is optimized with the Yoast SEO plugin v27.2 - https:\/\/yoast.com\/product\/yoast-seo-wordpress\/ -->\n<title>Aeroflora balona ziedu kompoz\u012bcija - ZiediKarmena<\/title>\n<meta name=\"description\" content=\"Aeroflora balona ziedu kompoz\u012bcija apvieno sarkan\u0101s un kr\u0113mkr\u0101sas rozes, za\u013cas krizant\u0113mas un statices elegant\u0101 cepures kast\u0113.\" \/>\n<meta name=\"robots\" content=\"index, follow, max-snippet:-1, max-image-preview:large, max-video-preview:-1\" \/>\n<link rel=\"canonical\" href=\"https:\/\/ziedikarmena.lv\/ru\/product\/aeroflora\/\" \/>\n<meta property=\"og:locale\" content=\"ru_RU\" \/>\n<meta property=\"og:type\" content=\"article\" \/>\n<meta property=\"og:title\" content=\"Aeroflora balona ziedu kompoz\u012bcija - ZiediKarmena\" \/>\n<meta property=\"og:description\" content=\"Aeroflora balona ziedu kompoz\u012bcija apvieno sarkan\u0101s un kr\u0113mkr\u0101sas rozes, za\u013cas krizant\u0113mas un statices elegant\u0101 cepures kast\u0113.\" \/>\n<meta property=\"og:url\" content=\"https:\/\/ziedikarmena.lv\/ru\/product\/aeroflora\/\" \/>\n<meta property=\"og:site_name\" content=\"Ziedi un Pu\u0161\u0137i R\u012bg\u0101 \u2013 ZiediKarmena\" \/>\n<meta property=\"article:publisher\" content=\"https:\/\/www.facebook.com\/ziedikarmena.lv\/\" \/>\n<meta property=\"article:modified_time\" content=\"2026-02-05T18:52:31+00:00\" \/>\n<meta property=\"og:image\" content=\"https:\/\/ziedikarmena.lv\/wp-content\/uploads\/2025\/04\/Ziedu-puskis-56.webp\" \/>\n\t<meta property=\"og:image:width\" content=\"2560\" \/>\n\t<meta property=\"og:image:height\" content=\"2560\" \/>\n\t<meta property=\"og:image:type\" content=\"image\/webp\" \/>\n<meta name=\"twitter:card\" content=\"summary_large_image\" \/>\n<meta name=\"twitter:label1\" content=\"\u041f\u0440\u0438\u043c\u0435\u0440\u043d\u043e\u0435 \u0432\u0440\u0435\u043c\u044f \u0434\u043b\u044f \u0447\u0442\u0435\u043d\u0438\u044f\" \/>\n\t<meta name=\"twitter:data1\" content=\"1 \u043c\u0438\u043d\u0443\u0442\u0430\" \/>\n<script type=\"application\/ld+json\" class=\"yoast-schema-graph\">{\"@context\":\"https:\/\/schema.org\",\"@graph\":[{\"@type\":\"WebPage\",\"@id\":\"https:\/\/ziedikarmena.lv\/product\/aeroflora\/\",\"url\":\"https:\/\/ziedikarmena.lv\/product\/aeroflora\/\",\"name\":\"Aeroflora balona ziedu kompoz\u012bcija - ZiediKarmena\",\"isPartOf\":{\"@id\":\"https:\/\/ziedikarmena.lv\/#website\"},\"primaryImageOfPage\":{\"@id\":\"https:\/\/ziedikarmena.lv\/product\/aeroflora\/#primaryimage\"},\"image\":{\"@id\":\"https:\/\/ziedikarmena.lv\/product\/aeroflora\/#primaryimage\"},\"thumbnailUrl\":\"https:\/\/ziedikarmena.lv\/wp-content\/uploads\/2025\/04\/Ziedu-puskis-56.webp\",\"datePublished\":\"2025-04-16T20:20:22+00:00\",\"dateModified\":\"2026-02-05T18:52:31+00:00\",\"description\":\"Aeroflora balona ziedu kompoz\u012bcija apvieno sarkan\u0101s un kr\u0113mkr\u0101sas rozes, za\u013cas krizant\u0113mas un statices elegant\u0101 cepures kast\u0113.\",\"breadcrumb\":{\"@id\":\"https:\/\/ziedikarmena.lv\/product\/aeroflora\/#breadcrumb\"},\"inLanguage\":\"ru-RU\",\"potentialAction\":[{\"@type\":\"ReadAction\",\"target\":[\"https:\/\/ziedikarmena.lv\/product\/aeroflora\/\"]}]},{\"@type\":\"ImageObject\",\"inLanguage\":\"ru-RU\",\"@id\":\"https:\/\/ziedikarmena.lv\/product\/aeroflora\/#primaryimage\",\"url\":\"https:\/\/ziedikarmena.lv\/wp-content\/uploads\/2025\/04\/Ziedu-puskis-56.webp\",\"contentUrl\":\"https:\/\/ziedikarmena.lv\/wp-content\/uploads\/2025\/04\/Ziedu-puskis-56.webp\",\"width\":2560,\"height\":2560,\"caption\":\"Aeroflora\"},{\"@type\":\"BreadcrumbList\",\"@id\":\"https:\/\/ziedikarmena.lv\/product\/aeroflora\/#breadcrumb\",\"itemListElement\":[{\"@type\":\"ListItem\",\"position\":1,\"name\":\"Home\",\"item\":\"https:\/\/ziedikarmena.lv\/\"},{\"@type\":\"ListItem\",\"position\":2,\"name\":\"Katalogs\",\"item\":\"https:\/\/ziedikarmena.lv\/katalogs\/\"},{\"@type\":\"ListItem\",\"position\":3,\"name\":\"Aeroflora\"}]},{\"@type\":\"WebSite\",\"@id\":\"https:\/\/ziedikarmena.lv\/#website\",\"url\":\"https:\/\/ziedikarmena.lv\/\",\"name\":\"\u0100tra pu\u0161\u0137u pieg\u0101de R\u012bg\u0101 \u2013 ZiediKarmena\",\"description\":\"Pu\u0161\u0137i tiks pieg\u0101d\u0101ti tie\u0161i j\u016bsu nor\u0101d\u012btaj\u0101 datum\u0101! Lab\u0101k\u0101s kvalit\u0101tes ziedi tikai pie ZiediKarmena!\",\"publisher\":{\"@id\":\"https:\/\/ziedikarmena.lv\/#organization\"},\"potentialAction\":[{\"@type\":\"SearchAction\",\"target\":{\"@type\":\"EntryPoint\",\"urlTemplate\":\"https:\/\/ziedikarmena.lv\/?s={search_term_string}\"},\"query-input\":{\"@type\":\"PropertyValueSpecification\",\"valueRequired\":true,\"valueName\":\"search_term_string\"}}],\"inLanguage\":\"ru-RU\"},{\"@type\":\"Organization\",\"@id\":\"https:\/\/ziedikarmena.lv\/#organization\",\"name\":\"SIA \u201cSA EURO\u201d\",\"url\":\"https:\/\/ziedikarmena.lv\/\",\"logo\":{\"@type\":\"ImageObject\",\"inLanguage\":\"ru-RU\",\"@id\":\"https:\/\/ziedikarmena.lv\/#\/schema\/logo\/image\/\",\"url\":\"https:\/\/ziedikarmena.lv\/wp-content\/uploads\/2023\/04\/logo-new.svg\",\"contentUrl\":\"https:\/\/ziedikarmena.lv\/wp-content\/uploads\/2023\/04\/logo-new.svg\",\"width\":182,\"height\":100,\"caption\":\"SIA \u201cSA EURO\u201d\"},\"image\":{\"@id\":\"https:\/\/ziedikarmena.lv\/#\/schema\/logo\/image\/\"},\"sameAs\":[\"https:\/\/www.facebook.com\/ziedikarmena.lv\/\",\"https:\/\/www.instagram.com\/ziedikarmena.lv\/\"]}]}<\/script>\n<!-- \/ Yoast SEO plugin. -->","yoast_head_json":{"title":"\u0410\u044d\u0440\u043e\u0444\u043b\u043e\u0440\u0430 \u0446\u0432\u0435\u0442\u043e\u0447\u043d\u0430\u044f \u043a\u043e\u043c\u043f\u043e\u0437\u0438\u0446\u0438\u044f \u0441 \u0432\u043e\u0437\u0434\u0443\u0448\u043d\u044b\u043c\u0438 \u0448\u0430\u0440\u0430\u043c\u0438","description":"\u0426\u0432\u0435\u0442\u043e\u0447\u043d\u0430\u044f \u043a\u043e\u043c\u043f\u043e\u0437\u0438\u0446\u0438\u044f \u0441 \u0432\u043e\u0437\u0434\u0443\u0448\u043d\u044b\u043c\u0438 \u0448\u0430\u0440\u0430\u043c\u0438 \u0410\u044d\u0440\u043e\u0444\u043b\u043e\u0440\u0430 \u0441\u043e\u0447\u0435\u0442\u0430\u0435\u0442 \u0432 \u0441\u0435\u0431\u0435 \u043a\u0440\u0430\u0441\u043d\u044b\u0435 \u0438 \u043a\u0440\u0435\u043c\u043e\u0432\u044b\u0435 \u0440\u043e\u0437\u044b, \u0437\u0435\u043b\u0435\u043d\u044b\u0435 \u0445\u0440\u0438\u0437\u0430\u043d\u0442\u0435\u043c\u044b \u0438 \u0441\u0442\u0430\u0442\u0438\u0446\u0443 \u0432 \u044d\u043b\u0435\u0433\u0430\u043d\u0442\u043d\u043e\u0439 \u0448\u043b\u044f\u043f\u043d\u043e\u0439 \u043a\u043e\u0440\u043e\u0431\u043a\u0435.","robots":{"index":"index","follow":"follow","max-snippet":"max-snippet:-1","max-image-preview":"max-image-preview:large","max-video-preview":"max-video-preview:-1"},"canonical":"https:\/\/ziedikarmena.lv\/ru\/product\/aeroflora\/","og_locale":"ru_RU","og_type":"article","og_title":"Aeroflora balona ziedu kompoz\u012bcija - ZiediKarmena","og_description":"Aeroflora balona ziedu kompoz\u012bcija apvieno sarkan\u0101s un kr\u0113mkr\u0101sas rozes, za\u013cas krizant\u0113mas un statices elegant\u0101 cepures kast\u0113.","og_url":"https:\/\/ziedikarmena.lv\/ru\/product\/aeroflora\/","og_site_name":"Ziedi un Pu\u0161\u0137i R\u012bg\u0101 \u2013 ZiediKarmena","article_publisher":"https:\/\/www.facebook.com\/ziedikarmena.lv\/","article_modified_time":"2026-02-05T18:52:31+00:00","og_image":[{"width":2560,"height":2560,"url":"https:\/\/ziedikarmena.lv\/wp-content\/uploads\/2025\/04\/Ziedu-puskis-56.webp","type":"image\/webp"}],"twitter_card":"summary_large_image","twitter_misc":{"\u041f\u0440\u0438\u043c\u0435\u0440\u043d\u043e\u0435 \u0432\u0440\u0435\u043c\u044f \u0434\u043b\u044f \u0447\u0442\u0435\u043d\u0438\u044f":"1 \u043c\u0438\u043d\u0443\u0442\u0430"},"schema":{"@context":"https:\/\/schema.org","@graph":[{"@type":"WebPage","@id":"https:\/\/ziedikarmena.lv\/product\/aeroflora\/","url":"https:\/\/ziedikarmena.lv\/product\/aeroflora\/","name":"\u0410\u044d\u0440\u043e\u0444\u043b\u043e\u0440\u0430 \u0446\u0432\u0435\u0442\u043e\u0447\u043d\u0430\u044f \u043a\u043e\u043c\u043f\u043e\u0437\u0438\u0446\u0438\u044f \u0441 \u0432\u043e\u0437\u0434\u0443\u0448\u043d\u044b\u043c\u0438 \u0448\u0430\u0440\u0430\u043c\u0438","isPartOf":{"@id":"https:\/\/ziedikarmena.lv\/#website"},"primaryImageOfPage":{"@id":"https:\/\/ziedikarmena.lv\/product\/aeroflora\/#primaryimage"},"image":{"@id":"https:\/\/ziedikarmena.lv\/product\/aeroflora\/#primaryimage"},"thumbnailUrl":"https:\/\/ziedikarmena.lv\/wp-content\/uploads\/2025\/04\/Ziedu-puskis-56.webp","datePublished":"2025-04-16T20:20:22+00:00","dateModified":"2026-02-05T18:52:31+00:00","description":"\u0426\u0432\u0435\u0442\u043e\u0447\u043d\u0430\u044f \u043a\u043e\u043c\u043f\u043e\u0437\u0438\u0446\u0438\u044f \u0441 \u0432\u043e\u0437\u0434\u0443\u0448\u043d\u044b\u043c\u0438 \u0448\u0430\u0440\u0430\u043c\u0438 \u0410\u044d\u0440\u043e\u0444\u043b\u043e\u0440\u0430 \u0441\u043e\u0447\u0435\u0442\u0430\u0435\u0442 \u0432 \u0441\u0435\u0431\u0435 \u043a\u0440\u0430\u0441\u043d\u044b\u0435 \u0438 \u043a\u0440\u0435\u043c\u043e\u0432\u044b\u0435 \u0440\u043e\u0437\u044b, \u0437\u0435\u043b\u0435\u043d\u044b\u0435 \u0445\u0440\u0438\u0437\u0430\u043d\u0442\u0435\u043c\u044b \u0438 \u0441\u0442\u0430\u0442\u0438\u0446\u0443 \u0432 \u044d\u043b\u0435\u0433\u0430\u043d\u0442\u043d\u043e\u0439 \u0448\u043b\u044f\u043f\u043d\u043e\u0439 \u043a\u043e\u0440\u043e\u0431\u043a\u0435.","breadcrumb":{"@id":"https:\/\/ziedikarmena.lv\/product\/aeroflora\/#breadcrumb"},"inLanguage":"ru-RU","potentialAction":[{"@type":"ReadAction","target":["https:\/\/ziedikarmena.lv\/product\/aeroflora\/"]}]},{"@type":"ImageObject","inLanguage":"ru-RU","@id":"https:\/\/ziedikarmena.lv\/product\/aeroflora\/#primaryimage","url":"https:\/\/ziedikarmena.lv\/wp-content\/uploads\/2025\/04\/Ziedu-puskis-56.webp","contentUrl":"https:\/\/ziedikarmena.lv\/wp-content\/uploads\/2025\/04\/Ziedu-puskis-56.webp","width":2560,"height":2560,"caption":"Aeroflora"},{"@type":"BreadcrumbList","@id":"https:\/\/ziedikarmena.lv\/product\/aeroflora\/#breadcrumb","itemListElement":[{"@type":"ListItem","position":1,"name":"Home","item":"https:\/\/ziedikarmena.lv\/"},{"@type":"ListItem","position":2,"name":"Katalogs","item":"https:\/\/ziedikarmena.lv\/katalogs\/"},{"@type":"ListItem","position":3,"name":"Aeroflora"}]},{"@type":"WebSite","@id":"https:\/\/ziedikarmena.lv\/#website","url":"https:\/\/ziedikarmena.lv\/","name":"\u0411\u044b\u0441\u0442\u0440\u0430\u044f \u0434\u043e\u0441\u0442\u0430\u0432\u043a\u0430 \u0431\u0443\u043a\u0435\u0442\u043e\u0432 \u0432 \u0420\u0438\u0433\u0435 - ZiediKarmena","description":"\u0411\u0443\u043a\u0435\u0442\u044b \u0431\u0443\u0434\u0443\u0442 \u0434\u043e\u0441\u0442\u0430\u0432\u043b\u0435\u043d\u044b \u0442\u043e\u0447\u043d\u043e \u0432 \u0443\u043a\u0430\u0437\u0430\u043d\u043d\u0443\u044e \u0432\u0430\u043c\u0438 \u0434\u0430\u0442\u0443! \u0426\u0432\u0435\u0442\u044b \u043b\u0443\u0447\u0448\u0435\u0433\u043e \u043a\u0430\u0447\u0435\u0441\u0442\u0432\u0430 \u0442\u043e\u043b\u044c\u043a\u043e \u0432 ZiediKarmena!","publisher":{"@id":"https:\/\/ziedikarmena.lv\/#organization"},"potentialAction":[{"@type":"SearchAction","target":{"@type":"EntryPoint","urlTemplate":"https:\/\/ziedikarmena.lv\/?s={search_term_string}"},"query-input":{"@type":"PropertyValueSpecification","valueRequired":true,"valueName":"search_term_string"}}],"inLanguage":"ru-RU"},{"@type":"Organization","@id":"https:\/\/ziedikarmena.lv\/#organization","name":"SIA \u201cSA EURO\u201d","url":"https:\/\/ziedikarmena.lv\/","logo":{"@type":"ImageObject","inLanguage":"ru-RU","@id":"https:\/\/ziedikarmena.lv\/#\/schema\/logo\/image\/","url":"https:\/\/ziedikarmena.lv\/wp-content\/uploads\/2023\/04\/logo-new.svg","contentUrl":"https:\/\/ziedikarmena.lv\/wp-content\/uploads\/2023\/04\/logo-new.svg","width":182,"height":100,"caption":"SIA \u201cSA EURO\u201d"},"image":{"@id":"https:\/\/ziedikarmena.lv\/#\/schema\/logo\/image\/"},"sameAs":["https:\/\/www.facebook.com\/ziedikarmena.lv\/","https:\/\/www.instagram.com\/ziedikarmena.lv\/"]}]}},"_links":{"self":[{"href":"https:\/\/ziedikarmena.lv\/ru\/wp-json\/wp\/v2\/product\/15819","targetHints":{"allow":["GET"]}}],"collection":[{"href":"https:\/\/ziedikarmena.lv\/ru\/wp-json\/wp\/v2\/product"}],"about":[{"href":"https:\/\/ziedikarmena.lv\/ru\/wp-json\/wp\/v2\/types\/product"}],"replies":[{"embeddable":true,"href":"https:\/\/ziedikarmena.lv\/ru\/wp-json\/wp\/v2\/comments?post=15819"}],"version-history":[{"count":1,"href":"https:\/\/ziedikarmena.lv\/ru\/wp-json\/wp\/v2\/product\/15819\/revisions"}],"predecessor-version":[{"id":16687,"href":"https:\/\/ziedikarmena.lv\/ru\/wp-json\/wp\/v2\/product\/15819\/revisions\/16687"}],"wp:featuredmedia":[{"embeddable":true,"href":"https:\/\/ziedikarmena.lv\/ru\/wp-json\/wp\/v2\/media\/15824"}],"wp:attachment":[{"href":"https:\/\/ziedikarmena.lv\/ru\/wp-json\/wp\/v2\/media?parent=15819"}],"wp:term":[{"taxonomy":"product_brand","embeddable":true,"href":"https:\/\/ziedikarmena.lv\/ru\/wp-json\/wp\/v2\/product_brand?post=15819"},{"taxonomy":"product_cat","embeddable":true,"href":"https:\/\/ziedikarmena.lv\/ru\/wp-json\/wp\/v2\/product_cat?post=15819"},{"taxonomy":"product_tag","embeddable":true,"href":"https:\/\/ziedikarmena.lv\/ru\/wp-json\/wp\/v2\/product_tag?post=15819"}],"curies":[{"name":"wp","href":"https:\/\/api.w.org\/{rel}","templated":true}]}}