{"id":14447,"date":"2023-07-10T20:10:05","date_gmt":"2023-07-10T20:10:05","guid":{"rendered":"https:\/\/ziedikarmena.lv\/?post_type=product&#038;p=14447"},"modified":"2024-09-24T17:11:28","modified_gmt":"2024-09-24T17:11:28","slug":"sarkandzeltenas-rozes-60cm","status":"publish","type":"product","link":"https:\/\/ziedikarmena.lv\/ru\/product\/sarkandzeltenas-rozes-60cm\/","title":{"rendered":"\u041a\u0440\u0430\u0441\u043d\u043e-\u0436\u0435\u043b\u0442\u044b\u0435 \u0440\u043e\u0437\u044b 60\u0441\u043c"},"content":{"rendered":"","protected":false},"excerpt":{"rendered":"","protected":false},"featured_media":14448,"comment_status":"open","ping_status":"closed","template":"","meta":[],"product_brand":[],"product_cat":[152],"product_tag":[],"class_list":{"0":"post-14447","1":"product","2":"type-product","3":"status-publish","4":"has-post-thumbnail","6":"product_cat-rozes","7":"tm-no-options","9":"first","10":"outofstock","11":"shipping-taxable","12":"purchasable","13":"product-type-simple"},"yoast_head":"<!-- This site is optimized with the Yoast SEO plugin v27.2 - https:\/\/yoast.com\/product\/yoast-seo-wordpress\/ -->\n<title>Sarkandzeltenas rozes 60cm - ZiediKarmena<\/title>\n<meta name=\"description\" content=\"Ziedu pieg\u0101de R\u012bg\u0101. Lab\u0101k\u0101s kvalit\u0101tes ziedi un pu\u0161\u0137i R\u012bg\u0101. Padariet katru dienu priec\u012bg\u0101ku ar m\u016bsu skaistajiem pu\u0161\u0137iem un ziediem! Sarkandzeltenas rozes\" \/>\n<meta name=\"robots\" content=\"index, follow, max-snippet:-1, max-image-preview:large, max-video-preview:-1\" \/>\n<link rel=\"canonical\" href=\"https:\/\/ziedikarmena.lv\/ru\/product\/sarkandzeltenas-rozes-60cm\/\" \/>\n<meta property=\"og:locale\" content=\"ru_RU\" \/>\n<meta property=\"og:type\" content=\"article\" \/>\n<meta property=\"og:title\" content=\"Sarkandzeltenas rozes 60cm - ZiediKarmena\" \/>\n<meta property=\"og:description\" content=\"Ziedu pieg\u0101de R\u012bg\u0101. Lab\u0101k\u0101s kvalit\u0101tes ziedi un pu\u0161\u0137i R\u012bg\u0101. Padariet katru dienu priec\u012bg\u0101ku ar m\u016bsu skaistajiem pu\u0161\u0137iem un ziediem! Sarkandzeltenas rozes\" \/>\n<meta property=\"og:url\" content=\"https:\/\/ziedikarmena.lv\/ru\/product\/sarkandzeltenas-rozes-60cm\/\" \/>\n<meta property=\"og:site_name\" content=\"Ziedi un Pu\u0161\u0137i R\u012bg\u0101 \u2013 ZiediKarmena\" \/>\n<meta property=\"article:publisher\" content=\"https:\/\/www.facebook.com\/ziedikarmena.lv\/\" \/>\n<meta property=\"article:modified_time\" content=\"2024-09-24T17:11:28+00:00\" \/>\n<meta property=\"og:image\" content=\"https:\/\/ziedikarmena.lv\/wp-content\/uploads\/2023\/07\/IMG_5951-scaled.jpg\" \/>\n\t<meta property=\"og:image:width\" content=\"2552\" \/>\n\t<meta property=\"og:image:height\" content=\"2560\" \/>\n\t<meta property=\"og:image:type\" content=\"image\/jpeg\" \/>\n<meta name=\"twitter:card\" content=\"summary_large_image\" \/>\n<meta name=\"twitter:label1\" content=\"\u041f\u0440\u0438\u043c\u0435\u0440\u043d\u043e\u0435 \u0432\u0440\u0435\u043c\u044f \u0434\u043b\u044f \u0447\u0442\u0435\u043d\u0438\u044f\" \/>\n\t<meta name=\"twitter:data1\" content=\"1 \u043c\u0438\u043d\u0443\u0442\u0430\" \/>\n<script type=\"application\/ld+json\" class=\"yoast-schema-graph\">{\"@context\":\"https:\/\/schema.org\",\"@graph\":[{\"@type\":\"WebPage\",\"@id\":\"https:\/\/ziedikarmena.lv\/product\/sarkandzeltenas-rozes-60cm\/\",\"url\":\"https:\/\/ziedikarmena.lv\/product\/sarkandzeltenas-rozes-60cm\/\",\"name\":\"Sarkandzeltenas rozes 60cm - ZiediKarmena\",\"isPartOf\":{\"@id\":\"https:\/\/ziedikarmena.lv\/#website\"},\"primaryImageOfPage\":{\"@id\":\"https:\/\/ziedikarmena.lv\/product\/sarkandzeltenas-rozes-60cm\/#primaryimage\"},\"image\":{\"@id\":\"https:\/\/ziedikarmena.lv\/product\/sarkandzeltenas-rozes-60cm\/#primaryimage\"},\"thumbnailUrl\":\"https:\/\/ziedikarmena.lv\/wp-content\/uploads\/2023\/07\/IMG_5951-scaled.jpg\",\"datePublished\":\"2023-07-10T20:10:05+00:00\",\"dateModified\":\"2024-09-24T17:11:28+00:00\",\"description\":\"Ziedu pieg\u0101de R\u012bg\u0101. Lab\u0101k\u0101s kvalit\u0101tes ziedi un pu\u0161\u0137i R\u012bg\u0101. Padariet katru dienu priec\u012bg\u0101ku ar m\u016bsu skaistajiem pu\u0161\u0137iem un ziediem! Sarkandzeltenas rozes\",\"breadcrumb\":{\"@id\":\"https:\/\/ziedikarmena.lv\/product\/sarkandzeltenas-rozes-60cm\/#breadcrumb\"},\"inLanguage\":\"ru-RU\",\"potentialAction\":[{\"@type\":\"ReadAction\",\"target\":[\"https:\/\/ziedikarmena.lv\/product\/sarkandzeltenas-rozes-60cm\/\"]}]},{\"@type\":\"ImageObject\",\"inLanguage\":\"ru-RU\",\"@id\":\"https:\/\/ziedikarmena.lv\/product\/sarkandzeltenas-rozes-60cm\/#primaryimage\",\"url\":\"https:\/\/ziedikarmena.lv\/wp-content\/uploads\/2023\/07\/IMG_5951-scaled.jpg\",\"contentUrl\":\"https:\/\/ziedikarmena.lv\/wp-content\/uploads\/2023\/07\/IMG_5951-scaled.jpg\",\"width\":2552,\"height\":2560},{\"@type\":\"BreadcrumbList\",\"@id\":\"https:\/\/ziedikarmena.lv\/product\/sarkandzeltenas-rozes-60cm\/#breadcrumb\",\"itemListElement\":[{\"@type\":\"ListItem\",\"position\":1,\"name\":\"Home\",\"item\":\"https:\/\/ziedikarmena.lv\/\"},{\"@type\":\"ListItem\",\"position\":2,\"name\":\"Katalogs\",\"item\":\"https:\/\/ziedikarmena.lv\/katalogs\/\"},{\"@type\":\"ListItem\",\"position\":3,\"name\":\"Sarkandzeltenas rozes 60cm\"}]},{\"@type\":\"WebSite\",\"@id\":\"https:\/\/ziedikarmena.lv\/#website\",\"url\":\"https:\/\/ziedikarmena.lv\/\",\"name\":\"\u0100tra pu\u0161\u0137u pieg\u0101de R\u012bg\u0101 \u2013 ZiediKarmena\",\"description\":\"Pu\u0161\u0137i tiks pieg\u0101d\u0101ti tie\u0161i j\u016bsu nor\u0101d\u012btaj\u0101 datum\u0101! Lab\u0101k\u0101s kvalit\u0101tes ziedi tikai pie ZiediKarmena!\",\"publisher\":{\"@id\":\"https:\/\/ziedikarmena.lv\/#organization\"},\"potentialAction\":[{\"@type\":\"SearchAction\",\"target\":{\"@type\":\"EntryPoint\",\"urlTemplate\":\"https:\/\/ziedikarmena.lv\/?s={search_term_string}\"},\"query-input\":{\"@type\":\"PropertyValueSpecification\",\"valueRequired\":true,\"valueName\":\"search_term_string\"}}],\"inLanguage\":\"ru-RU\"},{\"@type\":\"Organization\",\"@id\":\"https:\/\/ziedikarmena.lv\/#organization\",\"name\":\"SIA \u201cSA EURO\u201d\",\"url\":\"https:\/\/ziedikarmena.lv\/\",\"logo\":{\"@type\":\"ImageObject\",\"inLanguage\":\"ru-RU\",\"@id\":\"https:\/\/ziedikarmena.lv\/#\/schema\/logo\/image\/\",\"url\":\"https:\/\/ziedikarmena.lv\/wp-content\/uploads\/2023\/04\/logo-new.svg\",\"contentUrl\":\"https:\/\/ziedikarmena.lv\/wp-content\/uploads\/2023\/04\/logo-new.svg\",\"width\":182,\"height\":100,\"caption\":\"SIA \u201cSA EURO\u201d\"},\"image\":{\"@id\":\"https:\/\/ziedikarmena.lv\/#\/schema\/logo\/image\/\"},\"sameAs\":[\"https:\/\/www.facebook.com\/ziedikarmena.lv\/\",\"https:\/\/www.instagram.com\/ziedikarmena.lv\/\"]}]}<\/script>\n<!-- \/ Yoast SEO plugin. -->","yoast_head_json":{"title":"Sarkandzeltenas rozes 60cm - ZiediKarmena","description":"Ziedu pieg\u0101de R\u012bg\u0101. Lab\u0101k\u0101s kvalit\u0101tes ziedi un pu\u0161\u0137i R\u012bg\u0101. Padariet katru dienu priec\u012bg\u0101ku ar m\u016bsu skaistajiem pu\u0161\u0137iem un ziediem! Sarkandzeltenas rozes","robots":{"index":"index","follow":"follow","max-snippet":"max-snippet:-1","max-image-preview":"max-image-preview:large","max-video-preview":"max-video-preview:-1"},"canonical":"https:\/\/ziedikarmena.lv\/ru\/product\/sarkandzeltenas-rozes-60cm\/","og_locale":"ru_RU","og_type":"article","og_title":"Sarkandzeltenas rozes 60cm - ZiediKarmena","og_description":"Ziedu pieg\u0101de R\u012bg\u0101. Lab\u0101k\u0101s kvalit\u0101tes ziedi un pu\u0161\u0137i R\u012bg\u0101. Padariet katru dienu priec\u012bg\u0101ku ar m\u016bsu skaistajiem pu\u0161\u0137iem un ziediem! Sarkandzeltenas rozes","og_url":"https:\/\/ziedikarmena.lv\/ru\/product\/sarkandzeltenas-rozes-60cm\/","og_site_name":"Ziedi un Pu\u0161\u0137i R\u012bg\u0101 \u2013 ZiediKarmena","article_publisher":"https:\/\/www.facebook.com\/ziedikarmena.lv\/","article_modified_time":"2024-09-24T17:11:28+00:00","og_image":[{"width":2552,"height":2560,"url":"https:\/\/ziedikarmena.lv\/wp-content\/uploads\/2023\/07\/IMG_5951-scaled.jpg","type":"image\/jpeg"}],"twitter_card":"summary_large_image","twitter_misc":{"\u041f\u0440\u0438\u043c\u0435\u0440\u043d\u043e\u0435 \u0432\u0440\u0435\u043c\u044f \u0434\u043b\u044f \u0447\u0442\u0435\u043d\u0438\u044f":"1 \u043c\u0438\u043d\u0443\u0442\u0430"},"schema":{"@context":"https:\/\/schema.org","@graph":[{"@type":"WebPage","@id":"https:\/\/ziedikarmena.lv\/product\/sarkandzeltenas-rozes-60cm\/","url":"https:\/\/ziedikarmena.lv\/product\/sarkandzeltenas-rozes-60cm\/","name":"Sarkandzeltenas rozes 60cm - ZiediKarmena","isPartOf":{"@id":"https:\/\/ziedikarmena.lv\/#website"},"primaryImageOfPage":{"@id":"https:\/\/ziedikarmena.lv\/product\/sarkandzeltenas-rozes-60cm\/#primaryimage"},"image":{"@id":"https:\/\/ziedikarmena.lv\/product\/sarkandzeltenas-rozes-60cm\/#primaryimage"},"thumbnailUrl":"https:\/\/ziedikarmena.lv\/wp-content\/uploads\/2023\/07\/IMG_5951-scaled.jpg","datePublished":"2023-07-10T20:10:05+00:00","dateModified":"2024-09-24T17:11:28+00:00","description":"Ziedu pieg\u0101de R\u012bg\u0101. Lab\u0101k\u0101s kvalit\u0101tes ziedi un pu\u0161\u0137i R\u012bg\u0101. Padariet katru dienu priec\u012bg\u0101ku ar m\u016bsu skaistajiem pu\u0161\u0137iem un ziediem! Sarkandzeltenas rozes","breadcrumb":{"@id":"https:\/\/ziedikarmena.lv\/product\/sarkandzeltenas-rozes-60cm\/#breadcrumb"},"inLanguage":"ru-RU","potentialAction":[{"@type":"ReadAction","target":["https:\/\/ziedikarmena.lv\/product\/sarkandzeltenas-rozes-60cm\/"]}]},{"@type":"ImageObject","inLanguage":"ru-RU","@id":"https:\/\/ziedikarmena.lv\/product\/sarkandzeltenas-rozes-60cm\/#primaryimage","url":"https:\/\/ziedikarmena.lv\/wp-content\/uploads\/2023\/07\/IMG_5951-scaled.jpg","contentUrl":"https:\/\/ziedikarmena.lv\/wp-content\/uploads\/2023\/07\/IMG_5951-scaled.jpg","width":2552,"height":2560},{"@type":"BreadcrumbList","@id":"https:\/\/ziedikarmena.lv\/product\/sarkandzeltenas-rozes-60cm\/#breadcrumb","itemListElement":[{"@type":"ListItem","position":1,"name":"Home","item":"https:\/\/ziedikarmena.lv\/"},{"@type":"ListItem","position":2,"name":"Katalogs","item":"https:\/\/ziedikarmena.lv\/katalogs\/"},{"@type":"ListItem","position":3,"name":"Sarkandzeltenas rozes 60cm"}]},{"@type":"WebSite","@id":"https:\/\/ziedikarmena.lv\/#website","url":"https:\/\/ziedikarmena.lv\/","name":"\u0411\u044b\u0441\u0442\u0440\u0430\u044f \u0434\u043e\u0441\u0442\u0430\u0432\u043a\u0430 \u0431\u0443\u043a\u0435\u0442\u043e\u0432 \u0432 \u0420\u0438\u0433\u0435 - ZiediKarmena","description":"\u0411\u0443\u043a\u0435\u0442\u044b \u0431\u0443\u0434\u0443\u0442 \u0434\u043e\u0441\u0442\u0430\u0432\u043b\u0435\u043d\u044b \u0442\u043e\u0447\u043d\u043e \u0432 \u0443\u043a\u0430\u0437\u0430\u043d\u043d\u0443\u044e \u0432\u0430\u043c\u0438 \u0434\u0430\u0442\u0443! \u0426\u0432\u0435\u0442\u044b \u043b\u0443\u0447\u0448\u0435\u0433\u043e \u043a\u0430\u0447\u0435\u0441\u0442\u0432\u0430 \u0442\u043e\u043b\u044c\u043a\u043e \u0432 ZiediKarmena!","publisher":{"@id":"https:\/\/ziedikarmena.lv\/#organization"},"potentialAction":[{"@type":"SearchAction","target":{"@type":"EntryPoint","urlTemplate":"https:\/\/ziedikarmena.lv\/?s={search_term_string}"},"query-input":{"@type":"PropertyValueSpecification","valueRequired":true,"valueName":"search_term_string"}}],"inLanguage":"ru-RU"},{"@type":"Organization","@id":"https:\/\/ziedikarmena.lv\/#organization","name":"SIA \u201cSA EURO\u201d","url":"https:\/\/ziedikarmena.lv\/","logo":{"@type":"ImageObject","inLanguage":"ru-RU","@id":"https:\/\/ziedikarmena.lv\/#\/schema\/logo\/image\/","url":"https:\/\/ziedikarmena.lv\/wp-content\/uploads\/2023\/04\/logo-new.svg","contentUrl":"https:\/\/ziedikarmena.lv\/wp-content\/uploads\/2023\/04\/logo-new.svg","width":182,"height":100,"caption":"SIA \u201cSA EURO\u201d"},"image":{"@id":"https:\/\/ziedikarmena.lv\/#\/schema\/logo\/image\/"},"sameAs":["https:\/\/www.facebook.com\/ziedikarmena.lv\/","https:\/\/www.instagram.com\/ziedikarmena.lv\/"]}]}},"_links":{"self":[{"href":"https:\/\/ziedikarmena.lv\/ru\/wp-json\/wp\/v2\/product\/14447","targetHints":{"allow":["GET"]}}],"collection":[{"href":"https:\/\/ziedikarmena.lv\/ru\/wp-json\/wp\/v2\/product"}],"about":[{"href":"https:\/\/ziedikarmena.lv\/ru\/wp-json\/wp\/v2\/types\/product"}],"replies":[{"embeddable":true,"href":"https:\/\/ziedikarmena.lv\/ru\/wp-json\/wp\/v2\/comments?post=14447"}],"version-history":[{"count":0,"href":"https:\/\/ziedikarmena.lv\/ru\/wp-json\/wp\/v2\/product\/14447\/revisions"}],"wp:featuredmedia":[{"embeddable":true,"href":"https:\/\/ziedikarmena.lv\/ru\/wp-json\/wp\/v2\/media\/14448"}],"wp:attachment":[{"href":"https:\/\/ziedikarmena.lv\/ru\/wp-json\/wp\/v2\/media?parent=14447"}],"wp:term":[{"taxonomy":"product_brand","embeddable":true,"href":"https:\/\/ziedikarmena.lv\/ru\/wp-json\/wp\/v2\/product_brand?post=14447"},{"taxonomy":"product_cat","embeddable":true,"href":"https:\/\/ziedikarmena.lv\/ru\/wp-json\/wp\/v2\/product_cat?post=14447"},{"taxonomy":"product_tag","embeddable":true,"href":"https:\/\/ziedikarmena.lv\/ru\/wp-json\/wp\/v2\/product_tag?post=14447"}],"curies":[{"name":"wp","href":"https:\/\/api.w.org\/{rel}","templated":true}]}}