{"id":14425,"date":"2023-07-10T19:16:47","date_gmt":"2023-07-10T19:16:47","guid":{"rendered":"https:\/\/ziedikarmena.lv\/?post_type=product&#038;p=14425"},"modified":"2026-04-11T15:24:43","modified_gmt":"2026-04-11T15:24:43","slug":"jautra-karnevala-simfonija","status":"publish","type":"product","link":"https:\/\/ziedikarmena.lv\/ru\/product\/jautra-karnevala-simfonija\/","title":{"rendered":"\u0412\u0435\u0441\u0435\u043b\u0430\u044f \u043a\u0430\u0440\u043d\u0430\u0432\u0430\u043b\u044c\u043d\u0430\u044f \u0441\u0438\u043c\u0444\u043e\u043d\u0438\u044f"},"content":{"rendered":"<p>Spilgta un ener\u0123iska bu\u0137ete &#8220;Jautra karnev\u0101la simfonija&#8221; priec\u0113 ar savu to\u0146u daudzveid\u012bbu un kr\u0101sainaj\u0101m kombin\u0101cij\u0101m. Spilgto kr\u0101su kombin\u0101cija rada sv\u0113tku noska\u0146u un ir ide\u0101li piem\u0113rota d\u0101vanai jebkuros priec\u012bgos gad\u012bjumos. \u0160is pu\u0161\u0137is b\u016bs br\u012bni\u0161\u0137\u012bgs veids, k\u0101 paust prieku un padar\u012bt dienu \u012bpa\u0161u savam sa\u0146\u0113m\u0113jam.<\/p>","protected":false},"excerpt":{"rendered":"<p>\u0420\u0430\u0437\u043c\u0435\u0440 \u0431\u0443\u043a\u0435\u0442\u0430 \u0438 \u043a\u043e\u043b\u0438\u0447\u0435\u0441\u0442\u0432\u043e \u0446\u0432\u0435\u0442\u043e\u0432 \u0432 \u043d\u0435\u043c \u0437\u0430\u0432\u0438\u0441\u044f\u0442 \u043e\u0442 \u0440\u0430\u0437\u043c\u0435\u0440\u0430 \u0432\u044b\u0431\u0440\u0430\u043d\u043d\u043e\u0433\u043e \u0432\u0430\u043c\u0438 \u0431\u0443\u043a\u0435\u0442\u0430.<\/p>","protected":false},"featured_media":14426,"comment_status":"open","ping_status":"closed","template":"","meta":[],"product_brand":[],"product_cat":[211,149],"product_tag":[],"class_list":{"0":"post-14425","1":"product","2":"type-product","3":"status-publish","4":"has-post-thumbnail","6":"product_cat-akcijas-un-atlaides","7":"product_cat-ziedu-puski","8":"tm-has-options","10":"first","11":"outofstock","12":"shipping-taxable","13":"purchasable","14":"product-type-simple"},"yoast_head":"<!-- This site is optimized with the Yoast SEO plugin v27.3 - https:\/\/yoast.com\/product\/yoast-seo-wordpress\/ -->\n<title>Jautra karnev\u0101la simfonija Ziedu Pu\u0161\u0137is - ZiediKarmena<\/title>\n<meta name=\"description\" content=\"Jautra karnev\u0101la simfonija Ziedu Pu\u0161\u0137is priec\u0113 ar savu to\u0146u daudzveid\u012bbu un kr\u0101sainaj\u0101m kombin\u0101cij\u0101m. Spilgto kr\u0101su kombin\u0101cija rada sv\u0113tku\" \/>\n<meta name=\"robots\" content=\"index, follow, max-snippet:-1, max-image-preview:large, max-video-preview:-1\" \/>\n<link rel=\"canonical\" href=\"https:\/\/ziedikarmena.lv\/ru\/product\/jautra-karnevala-simfonija\/\" \/>\n<meta property=\"og:locale\" content=\"ru_RU\" \/>\n<meta property=\"og:type\" content=\"article\" \/>\n<meta property=\"og:title\" content=\"Jautra karnev\u0101la simfonija Ziedu Pu\u0161\u0137is - ZiediKarmena\" \/>\n<meta property=\"og:description\" content=\"Jautra karnev\u0101la simfonija Ziedu Pu\u0161\u0137is priec\u0113 ar savu to\u0146u daudzveid\u012bbu un kr\u0101sainaj\u0101m kombin\u0101cij\u0101m. Spilgto kr\u0101su kombin\u0101cija rada sv\u0113tku\" \/>\n<meta property=\"og:url\" content=\"https:\/\/ziedikarmena.lv\/ru\/product\/jautra-karnevala-simfonija\/\" \/>\n<meta property=\"og:site_name\" content=\"Ziedi un Pu\u0161\u0137i R\u012bg\u0101 \u2013 ZiediKarmena\" \/>\n<meta property=\"article:publisher\" content=\"https:\/\/www.facebook.com\/ziedikarmena.lv\/\" \/>\n<meta property=\"article:modified_time\" content=\"2026-04-11T15:24:43+00:00\" \/>\n<meta property=\"og:image\" content=\"https:\/\/ziedikarmena.lv\/wp-content\/uploads\/2023\/07\/IMG_5476.jpg\" \/>\n\t<meta property=\"og:image:width\" content=\"1242\" \/>\n\t<meta property=\"og:image:height\" content=\"1200\" \/>\n\t<meta property=\"og:image:type\" content=\"image\/jpeg\" \/>\n<meta name=\"twitter:card\" content=\"summary_large_image\" \/>\n<meta name=\"twitter:label1\" content=\"\u041f\u0440\u0438\u043c\u0435\u0440\u043d\u043e\u0435 \u0432\u0440\u0435\u043c\u044f \u0434\u043b\u044f \u0447\u0442\u0435\u043d\u0438\u044f\" \/>\n\t<meta name=\"twitter:data1\" content=\"1 \u043c\u0438\u043d\u0443\u0442\u0430\" \/>\n<script type=\"application\/ld+json\" class=\"yoast-schema-graph\">{\"@context\":\"https:\\\/\\\/schema.org\",\"@graph\":[{\"@type\":\"WebPage\",\"@id\":\"https:\\\/\\\/ziedikarmena.lv\\\/product\\\/jautra-karnevala-simfonija\\\/\",\"url\":\"https:\\\/\\\/ziedikarmena.lv\\\/product\\\/jautra-karnevala-simfonija\\\/\",\"name\":\"Jautra karnev\u0101la simfonija Ziedu Pu\u0161\u0137is - ZiediKarmena\",\"isPartOf\":{\"@id\":\"https:\\\/\\\/ziedikarmena.lv\\\/#website\"},\"primaryImageOfPage\":{\"@id\":\"https:\\\/\\\/ziedikarmena.lv\\\/product\\\/jautra-karnevala-simfonija\\\/#primaryimage\"},\"image\":{\"@id\":\"https:\\\/\\\/ziedikarmena.lv\\\/product\\\/jautra-karnevala-simfonija\\\/#primaryimage\"},\"thumbnailUrl\":\"https:\\\/\\\/ziedikarmena.lv\\\/wp-content\\\/uploads\\\/2023\\\/07\\\/IMG_5476.jpg\",\"datePublished\":\"2023-07-10T19:16:47+00:00\",\"dateModified\":\"2026-04-11T15:24:43+00:00\",\"description\":\"Jautra karnev\u0101la simfonija Ziedu Pu\u0161\u0137is priec\u0113 ar savu to\u0146u daudzveid\u012bbu un kr\u0101sainaj\u0101m kombin\u0101cij\u0101m. Spilgto kr\u0101su kombin\u0101cija rada sv\u0113tku\",\"breadcrumb\":{\"@id\":\"https:\\\/\\\/ziedikarmena.lv\\\/product\\\/jautra-karnevala-simfonija\\\/#breadcrumb\"},\"inLanguage\":\"ru-RU\",\"potentialAction\":[{\"@type\":\"ReadAction\",\"target\":[\"https:\\\/\\\/ziedikarmena.lv\\\/product\\\/jautra-karnevala-simfonija\\\/\"]}]},{\"@type\":\"ImageObject\",\"inLanguage\":\"ru-RU\",\"@id\":\"https:\\\/\\\/ziedikarmena.lv\\\/product\\\/jautra-karnevala-simfonija\\\/#primaryimage\",\"url\":\"https:\\\/\\\/ziedikarmena.lv\\\/wp-content\\\/uploads\\\/2023\\\/07\\\/IMG_5476.jpg\",\"contentUrl\":\"https:\\\/\\\/ziedikarmena.lv\\\/wp-content\\\/uploads\\\/2023\\\/07\\\/IMG_5476.jpg\",\"width\":1242,\"height\":1200},{\"@type\":\"BreadcrumbList\",\"@id\":\"https:\\\/\\\/ziedikarmena.lv\\\/product\\\/jautra-karnevala-simfonija\\\/#breadcrumb\",\"itemListElement\":[{\"@type\":\"ListItem\",\"position\":1,\"name\":\"Home\",\"item\":\"https:\\\/\\\/ziedikarmena.lv\\\/\"},{\"@type\":\"ListItem\",\"position\":2,\"name\":\"Katalogs\",\"item\":\"https:\\\/\\\/ziedikarmena.lv\\\/katalogs\\\/\"},{\"@type\":\"ListItem\",\"position\":3,\"name\":\"Jautra karnev\u0101la simfonija\"}]},{\"@type\":\"WebSite\",\"@id\":\"https:\\\/\\\/ziedikarmena.lv\\\/#website\",\"url\":\"https:\\\/\\\/ziedikarmena.lv\\\/\",\"name\":\"\u0100tra pu\u0161\u0137u pieg\u0101de R\u012bg\u0101 \u2013 ZiediKarmena\",\"description\":\"Pu\u0161\u0137i tiks pieg\u0101d\u0101ti tie\u0161i j\u016bsu nor\u0101d\u012btaj\u0101 datum\u0101! Lab\u0101k\u0101s kvalit\u0101tes ziedi tikai pie ZiediKarmena!\",\"publisher\":{\"@id\":\"https:\\\/\\\/ziedikarmena.lv\\\/#organization\"},\"potentialAction\":[{\"@type\":\"SearchAction\",\"target\":{\"@type\":\"EntryPoint\",\"urlTemplate\":\"https:\\\/\\\/ziedikarmena.lv\\\/?s={search_term_string}\"},\"query-input\":{\"@type\":\"PropertyValueSpecification\",\"valueRequired\":true,\"valueName\":\"search_term_string\"}}],\"inLanguage\":\"ru-RU\"},{\"@type\":\"Organization\",\"@id\":\"https:\\\/\\\/ziedikarmena.lv\\\/#organization\",\"name\":\"SIA \u201cSA EURO\u201d\",\"url\":\"https:\\\/\\\/ziedikarmena.lv\\\/\",\"logo\":{\"@type\":\"ImageObject\",\"inLanguage\":\"ru-RU\",\"@id\":\"https:\\\/\\\/ziedikarmena.lv\\\/#\\\/schema\\\/logo\\\/image\\\/\",\"url\":\"https:\\\/\\\/ziedikarmena.lv\\\/wp-content\\\/uploads\\\/2023\\\/04\\\/logo-new.svg\",\"contentUrl\":\"https:\\\/\\\/ziedikarmena.lv\\\/wp-content\\\/uploads\\\/2023\\\/04\\\/logo-new.svg\",\"width\":182,\"height\":100,\"caption\":\"SIA \u201cSA EURO\u201d\"},\"image\":{\"@id\":\"https:\\\/\\\/ziedikarmena.lv\\\/#\\\/schema\\\/logo\\\/image\\\/\"},\"sameAs\":[\"https:\\\/\\\/www.facebook.com\\\/ziedikarmena.lv\\\/\",\"https:\\\/\\\/www.instagram.com\\\/ziedikarmena.lv\\\/\"]}]}<\/script>\n<!-- \/ Yoast SEO plugin. -->","yoast_head_json":{"title":"Jautra karnev\u0101la simfonija Ziedu Pu\u0161\u0137is - ZiediKarmena","description":"Jautra karnev\u0101la simfonija Ziedu Pu\u0161\u0137is priec\u0113 ar savu to\u0146u daudzveid\u012bbu un kr\u0101sainaj\u0101m kombin\u0101cij\u0101m. Spilgto kr\u0101su kombin\u0101cija rada sv\u0113tku","robots":{"index":"index","follow":"follow","max-snippet":"max-snippet:-1","max-image-preview":"max-image-preview:large","max-video-preview":"max-video-preview:-1"},"canonical":"https:\/\/ziedikarmena.lv\/ru\/product\/jautra-karnevala-simfonija\/","og_locale":"ru_RU","og_type":"article","og_title":"Jautra karnev\u0101la simfonija Ziedu Pu\u0161\u0137is - ZiediKarmena","og_description":"Jautra karnev\u0101la simfonija Ziedu Pu\u0161\u0137is priec\u0113 ar savu to\u0146u daudzveid\u012bbu un kr\u0101sainaj\u0101m kombin\u0101cij\u0101m. Spilgto kr\u0101su kombin\u0101cija rada sv\u0113tku","og_url":"https:\/\/ziedikarmena.lv\/ru\/product\/jautra-karnevala-simfonija\/","og_site_name":"Ziedi un Pu\u0161\u0137i R\u012bg\u0101 \u2013 ZiediKarmena","article_publisher":"https:\/\/www.facebook.com\/ziedikarmena.lv\/","article_modified_time":"2026-04-11T15:24:43+00:00","og_image":[{"width":1242,"height":1200,"url":"https:\/\/ziedikarmena.lv\/wp-content\/uploads\/2023\/07\/IMG_5476.jpg","type":"image\/jpeg"}],"twitter_card":"summary_large_image","twitter_misc":{"\u041f\u0440\u0438\u043c\u0435\u0440\u043d\u043e\u0435 \u0432\u0440\u0435\u043c\u044f \u0434\u043b\u044f \u0447\u0442\u0435\u043d\u0438\u044f":"1 \u043c\u0438\u043d\u0443\u0442\u0430"},"schema":{"@context":"https:\/\/schema.org","@graph":[{"@type":"WebPage","@id":"https:\/\/ziedikarmena.lv\/product\/jautra-karnevala-simfonija\/","url":"https:\/\/ziedikarmena.lv\/product\/jautra-karnevala-simfonija\/","name":"Jautra karnev\u0101la simfonija Ziedu Pu\u0161\u0137is - ZiediKarmena","isPartOf":{"@id":"https:\/\/ziedikarmena.lv\/#website"},"primaryImageOfPage":{"@id":"https:\/\/ziedikarmena.lv\/product\/jautra-karnevala-simfonija\/#primaryimage"},"image":{"@id":"https:\/\/ziedikarmena.lv\/product\/jautra-karnevala-simfonija\/#primaryimage"},"thumbnailUrl":"https:\/\/ziedikarmena.lv\/wp-content\/uploads\/2023\/07\/IMG_5476.jpg","datePublished":"2023-07-10T19:16:47+00:00","dateModified":"2026-04-11T15:24:43+00:00","description":"Jautra karnev\u0101la simfonija Ziedu Pu\u0161\u0137is priec\u0113 ar savu to\u0146u daudzveid\u012bbu un kr\u0101sainaj\u0101m kombin\u0101cij\u0101m. Spilgto kr\u0101su kombin\u0101cija rada sv\u0113tku","breadcrumb":{"@id":"https:\/\/ziedikarmena.lv\/product\/jautra-karnevala-simfonija\/#breadcrumb"},"inLanguage":"ru-RU","potentialAction":[{"@type":"ReadAction","target":["https:\/\/ziedikarmena.lv\/product\/jautra-karnevala-simfonija\/"]}]},{"@type":"ImageObject","inLanguage":"ru-RU","@id":"https:\/\/ziedikarmena.lv\/product\/jautra-karnevala-simfonija\/#primaryimage","url":"https:\/\/ziedikarmena.lv\/wp-content\/uploads\/2023\/07\/IMG_5476.jpg","contentUrl":"https:\/\/ziedikarmena.lv\/wp-content\/uploads\/2023\/07\/IMG_5476.jpg","width":1242,"height":1200},{"@type":"BreadcrumbList","@id":"https:\/\/ziedikarmena.lv\/product\/jautra-karnevala-simfonija\/#breadcrumb","itemListElement":[{"@type":"ListItem","position":1,"name":"Home","item":"https:\/\/ziedikarmena.lv\/"},{"@type":"ListItem","position":2,"name":"Katalogs","item":"https:\/\/ziedikarmena.lv\/katalogs\/"},{"@type":"ListItem","position":3,"name":"Jautra karnev\u0101la simfonija"}]},{"@type":"WebSite","@id":"https:\/\/ziedikarmena.lv\/#website","url":"https:\/\/ziedikarmena.lv\/","name":"\u0411\u044b\u0441\u0442\u0440\u0430\u044f \u0434\u043e\u0441\u0442\u0430\u0432\u043a\u0430 \u0431\u0443\u043a\u0435\u0442\u043e\u0432 \u0432 \u0420\u0438\u0433\u0435 - ZiediKarmena","description":"\u0411\u0443\u043a\u0435\u0442\u044b \u0431\u0443\u0434\u0443\u0442 \u0434\u043e\u0441\u0442\u0430\u0432\u043b\u0435\u043d\u044b \u0442\u043e\u0447\u043d\u043e \u0432 \u0443\u043a\u0430\u0437\u0430\u043d\u043d\u0443\u044e \u0432\u0430\u043c\u0438 \u0434\u0430\u0442\u0443! \u0426\u0432\u0435\u0442\u044b \u043b\u0443\u0447\u0448\u0435\u0433\u043e \u043a\u0430\u0447\u0435\u0441\u0442\u0432\u0430 \u0442\u043e\u043b\u044c\u043a\u043e \u0432 ZiediKarmena!","publisher":{"@id":"https:\/\/ziedikarmena.lv\/#organization"},"potentialAction":[{"@type":"SearchAction","target":{"@type":"EntryPoint","urlTemplate":"https:\/\/ziedikarmena.lv\/?s={search_term_string}"},"query-input":{"@type":"PropertyValueSpecification","valueRequired":true,"valueName":"search_term_string"}}],"inLanguage":"ru-RU"},{"@type":"Organization","@id":"https:\/\/ziedikarmena.lv\/#organization","name":"SIA \u201cSA EURO\u201d","url":"https:\/\/ziedikarmena.lv\/","logo":{"@type":"ImageObject","inLanguage":"ru-RU","@id":"https:\/\/ziedikarmena.lv\/#\/schema\/logo\/image\/","url":"https:\/\/ziedikarmena.lv\/wp-content\/uploads\/2023\/04\/logo-new.svg","contentUrl":"https:\/\/ziedikarmena.lv\/wp-content\/uploads\/2023\/04\/logo-new.svg","width":182,"height":100,"caption":"SIA \u201cSA EURO\u201d"},"image":{"@id":"https:\/\/ziedikarmena.lv\/#\/schema\/logo\/image\/"},"sameAs":["https:\/\/www.facebook.com\/ziedikarmena.lv\/","https:\/\/www.instagram.com\/ziedikarmena.lv\/"]}]}},"_links":{"self":[{"href":"https:\/\/ziedikarmena.lv\/ru\/wp-json\/wp\/v2\/product\/14425","targetHints":{"allow":["GET"]}}],"collection":[{"href":"https:\/\/ziedikarmena.lv\/ru\/wp-json\/wp\/v2\/product"}],"about":[{"href":"https:\/\/ziedikarmena.lv\/ru\/wp-json\/wp\/v2\/types\/product"}],"replies":[{"embeddable":true,"href":"https:\/\/ziedikarmena.lv\/ru\/wp-json\/wp\/v2\/comments?post=14425"}],"version-history":[{"count":1,"href":"https:\/\/ziedikarmena.lv\/ru\/wp-json\/wp\/v2\/product\/14425\/revisions"}],"predecessor-version":[{"id":16627,"href":"https:\/\/ziedikarmena.lv\/ru\/wp-json\/wp\/v2\/product\/14425\/revisions\/16627"}],"wp:featuredmedia":[{"embeddable":true,"href":"https:\/\/ziedikarmena.lv\/ru\/wp-json\/wp\/v2\/media\/14426"}],"wp:attachment":[{"href":"https:\/\/ziedikarmena.lv\/ru\/wp-json\/wp\/v2\/media?parent=14425"}],"wp:term":[{"taxonomy":"product_brand","embeddable":true,"href":"https:\/\/ziedikarmena.lv\/ru\/wp-json\/wp\/v2\/product_brand?post=14425"},{"taxonomy":"product_cat","embeddable":true,"href":"https:\/\/ziedikarmena.lv\/ru\/wp-json\/wp\/v2\/product_cat?post=14425"},{"taxonomy":"product_tag","embeddable":true,"href":"https:\/\/ziedikarmena.lv\/ru\/wp-json\/wp\/v2\/product_tag?post=14425"}],"curies":[{"name":"wp","href":"https:\/\/api.w.org\/{rel}","templated":true}]}}