{"id":11416,"date":"2021-05-04T12:24:50","date_gmt":"2021-05-04T12:24:50","guid":{"rendered":"https:\/\/ziedikarmena.lv\/?product=ziedu-karba-36"},"modified":"2026-03-24T21:07:31","modified_gmt":"2026-03-24T21:07:31","slug":"ziedu-karba-36","status":"publish","type":"product","link":"https:\/\/ziedikarmena.lv\/ru\/product\/ziedu-karba-36\/","title":{"rendered":"\u0426\u0432\u0435\u0442\u043e\u0447\u043d\u0430\u044f \u043a\u043e\u0440\u043e\u0431\u043a\u0430 \"\u0421\u0442\u0440\u0430\u0441\u0442\u043d\u044b\u0439 \u0431\u0443\u043a\u0435\u0442\""},"content":{"rendered":"<p>\u042d\u0442\u0430 \u043a\u043e\u043c\u043f\u043e\u0437\u0438\u0446\u0438\u044f \u043f\u043e\u0434\u0445\u043e\u0434\u0438\u0442 \u0434\u043b\u044f \u0432\u044b\u0440\u0430\u0436\u0435\u043d\u0438\u044f \u0433\u043b\u0443\u0431\u043e\u043a\u0438\u0445 \u0447\u0443\u0432\u0441\u0442\u0432 \u0438 \u044d\u043c\u043e\u0446\u0438\u0439, \u043d\u0430\u043f\u0440\u0438\u043c\u0435\u0440, \u0432 \u043a\u0430\u0447\u0435\u0441\u0442\u0432\u0435 \u043f\u043e\u0434\u0430\u0440\u043a\u0430 \u043b\u044e\u0431\u0438\u043c\u043e\u043c\u0443 \u0447\u0435\u043b\u043e\u0432\u0435\u043a\u0443 \u043d\u0430 \u0414\u0435\u043d\u044c \u0441\u0432\u044f\u0442\u043e\u0433\u043e \u0412\u0430\u043b\u0435\u043d\u0442\u0438\u043d\u0430 \u0438\u043b\u0438 \u0434\u0435\u043d\u044c \u0440\u043e\u0436\u0434\u0435\u043d\u0438\u044f.<\/p>","protected":false},"excerpt":{"rendered":"<p>\u042d\u0442\u0430 \u043a\u043e\u043c\u043f\u043e\u0437\u0438\u0446\u0438\u044f \u043f\u043e\u0434\u0445\u043e\u0434\u0438\u0442 \u0434\u043b\u044f \u0432\u044b\u0440\u0430\u0436\u0435\u043d\u0438\u044f \u0433\u043b\u0443\u0431\u043e\u043a\u0438\u0445 \u0447\u0443\u0432\u0441\u0442\u0432 \u0438 \u044d\u043c\u043e\u0446\u0438\u0439, \u043d\u0430\u043f\u0440\u0438\u043c\u0435\u0440, \u0432 \u043a\u0430\u0447\u0435\u0441\u0442\u0432\u0435 \u043f\u043e\u0434\u0430\u0440\u043a\u0430 \u043b\u044e\u0431\u0438\u043c\u043e\u043c\u0443 \u0447\u0435\u043b\u043e\u0432\u0435\u043a\u0443 \u043d\u0430 \u0414\u0435\u043d\u044c \u0441\u0432\u044f\u0442\u043e\u0433\u043e \u0412\u0430\u043b\u0435\u043d\u0442\u0438\u043d\u0430 \u0438\u043b\u0438 \u0434\u0435\u043d\u044c \u0440\u043e\u0436\u0434\u0435\u043d\u0438\u044f.<\/p>","protected":false},"featured_media":13593,"comment_status":"open","ping_status":"closed","template":"","meta":[],"product_brand":[],"product_cat":[211,183,20],"product_tag":[],"class_list":{"0":"post-11416","1":"product","2":"type-product","3":"status-publish","4":"has-post-thumbnail","6":"product_cat-akcijas-un-atlaides","7":"product_cat-sezonas-ziedi","8":"product_cat-ziedu-karbas","9":"tm-has-options","11":"first","12":"instock","13":"purchasable","14":"product-type-simple"},"yoast_head":"<!-- This site is optimized with the Yoast SEO plugin v27.3 - https:\/\/yoast.com\/product\/yoast-seo-wordpress\/ -->\n<title>Ziedu k\u0101rba &quot;Kaisl\u012bgs pu\u0161\u0137is&quot; - Ziedi no ZiediKarmena<\/title>\n<meta name=\"description\" content=\"Ziedu k\u0101rba &quot;Kaisl\u012bgs pu\u0161\u0137is&quot; ir piem\u0113rota dzi\u013cu j\u016btu un emociju izteik\u0161anai, piem\u0113ram, k\u0101 d\u0101vana m\u012b\u013cotajam Valent\u012bna dien\u0101 vai dzim\u0161anas dien\u0101.\" \/>\n<meta name=\"robots\" content=\"index, follow, max-snippet:-1, max-image-preview:large, max-video-preview:-1\" \/>\n<link rel=\"canonical\" href=\"https:\/\/ziedikarmena.lv\/ru\/product\/ziedu-karba-36\/\" \/>\n<meta property=\"og:locale\" content=\"ru_RU\" \/>\n<meta property=\"og:type\" content=\"article\" \/>\n<meta property=\"og:title\" content=\"Ziedu k\u0101rba &quot;Kaisl\u012bgs pu\u0161\u0137is&quot; - Ziedi no ZiediKarmena\" \/>\n<meta property=\"og:description\" content=\"Ziedu k\u0101rba &quot;Kaisl\u012bgs pu\u0161\u0137is&quot; ir piem\u0113rota dzi\u013cu j\u016btu un emociju izteik\u0161anai, piem\u0113ram, k\u0101 d\u0101vana m\u012b\u013cotajam Valent\u012bna dien\u0101 vai dzim\u0161anas dien\u0101.\" \/>\n<meta property=\"og:url\" content=\"https:\/\/ziedikarmena.lv\/ru\/product\/ziedu-karba-36\/\" \/>\n<meta property=\"og:site_name\" content=\"Ziedi un Pu\u0161\u0137i R\u012bg\u0101 \u2013 ZiediKarmena\" \/>\n<meta property=\"article:publisher\" content=\"https:\/\/www.facebook.com\/ziedikarmena.lv\/\" \/>\n<meta property=\"article:modified_time\" content=\"2026-03-24T21:07:31+00:00\" \/>\n<meta property=\"og:image\" content=\"https:\/\/ziedikarmena.lv\/wp-content\/uploads\/2021\/05\/Frame-5.png\" \/>\n\t<meta property=\"og:image:width\" content=\"1000\" \/>\n\t<meta property=\"og:image:height\" content=\"1000\" \/>\n\t<meta property=\"og:image:type\" content=\"image\/png\" \/>\n<meta name=\"twitter:card\" content=\"summary_large_image\" \/>\n<meta name=\"twitter:label1\" content=\"\u041f\u0440\u0438\u043c\u0435\u0440\u043d\u043e\u0435 \u0432\u0440\u0435\u043c\u044f \u0434\u043b\u044f \u0447\u0442\u0435\u043d\u0438\u044f\" \/>\n\t<meta name=\"twitter:data1\" content=\"1 \u043c\u0438\u043d\u0443\u0442\u0430\" \/>\n<script type=\"application\/ld+json\" class=\"yoast-schema-graph\">{\"@context\":\"https:\\\/\\\/schema.org\",\"@graph\":[{\"@type\":\"WebPage\",\"@id\":\"https:\\\/\\\/ziedikarmena.lv\\\/product\\\/ziedu-karba-36\\\/\",\"url\":\"https:\\\/\\\/ziedikarmena.lv\\\/product\\\/ziedu-karba-36\\\/\",\"name\":\"Ziedu k\u0101rba \\\"Kaisl\u012bgs pu\u0161\u0137is\\\" - Ziedi no ZiediKarmena\",\"isPartOf\":{\"@id\":\"https:\\\/\\\/ziedikarmena.lv\\\/#website\"},\"primaryImageOfPage\":{\"@id\":\"https:\\\/\\\/ziedikarmena.lv\\\/product\\\/ziedu-karba-36\\\/#primaryimage\"},\"image\":{\"@id\":\"https:\\\/\\\/ziedikarmena.lv\\\/product\\\/ziedu-karba-36\\\/#primaryimage\"},\"thumbnailUrl\":\"https:\\\/\\\/ziedikarmena.lv\\\/wp-content\\\/uploads\\\/2021\\\/05\\\/Frame-5.png\",\"datePublished\":\"2021-05-04T12:24:50+00:00\",\"dateModified\":\"2026-03-24T21:07:31+00:00\",\"description\":\"Ziedu k\u0101rba \\\"Kaisl\u012bgs pu\u0161\u0137is\\\" ir piem\u0113rota dzi\u013cu j\u016btu un emociju izteik\u0161anai, piem\u0113ram, k\u0101 d\u0101vana m\u012b\u013cotajam Valent\u012bna dien\u0101 vai dzim\u0161anas dien\u0101.\",\"breadcrumb\":{\"@id\":\"https:\\\/\\\/ziedikarmena.lv\\\/product\\\/ziedu-karba-36\\\/#breadcrumb\"},\"inLanguage\":\"ru-RU\",\"potentialAction\":[{\"@type\":\"ReadAction\",\"target\":[\"https:\\\/\\\/ziedikarmena.lv\\\/product\\\/ziedu-karba-36\\\/\"]}]},{\"@type\":\"ImageObject\",\"inLanguage\":\"ru-RU\",\"@id\":\"https:\\\/\\\/ziedikarmena.lv\\\/product\\\/ziedu-karba-36\\\/#primaryimage\",\"url\":\"https:\\\/\\\/ziedikarmena.lv\\\/wp-content\\\/uploads\\\/2021\\\/05\\\/Frame-5.png\",\"contentUrl\":\"https:\\\/\\\/ziedikarmena.lv\\\/wp-content\\\/uploads\\\/2021\\\/05\\\/Frame-5.png\",\"width\":1000,\"height\":1000,\"caption\":\"Ziedu k\u0101rba \\\"Kaisl\u012bgs pu\u0161\u0137is\\\"\"},{\"@type\":\"BreadcrumbList\",\"@id\":\"https:\\\/\\\/ziedikarmena.lv\\\/product\\\/ziedu-karba-36\\\/#breadcrumb\",\"itemListElement\":[{\"@type\":\"ListItem\",\"position\":1,\"name\":\"Home\",\"item\":\"https:\\\/\\\/ziedikarmena.lv\\\/\"},{\"@type\":\"ListItem\",\"position\":2,\"name\":\"Katalogs\",\"item\":\"https:\\\/\\\/ziedikarmena.lv\\\/katalogs\\\/\"},{\"@type\":\"ListItem\",\"position\":3,\"name\":\"Ziedu k\u0101rba &#8220;Kaisl\u012bgs pu\u0161\u0137is&#8221;\"}]},{\"@type\":\"WebSite\",\"@id\":\"https:\\\/\\\/ziedikarmena.lv\\\/#website\",\"url\":\"https:\\\/\\\/ziedikarmena.lv\\\/\",\"name\":\"\u0100tra pu\u0161\u0137u pieg\u0101de R\u012bg\u0101 \u2013 ZiediKarmena\",\"description\":\"Pu\u0161\u0137i tiks pieg\u0101d\u0101ti tie\u0161i j\u016bsu nor\u0101d\u012btaj\u0101 datum\u0101! Lab\u0101k\u0101s kvalit\u0101tes ziedi tikai pie ZiediKarmena!\",\"publisher\":{\"@id\":\"https:\\\/\\\/ziedikarmena.lv\\\/#organization\"},\"potentialAction\":[{\"@type\":\"SearchAction\",\"target\":{\"@type\":\"EntryPoint\",\"urlTemplate\":\"https:\\\/\\\/ziedikarmena.lv\\\/?s={search_term_string}\"},\"query-input\":{\"@type\":\"PropertyValueSpecification\",\"valueRequired\":true,\"valueName\":\"search_term_string\"}}],\"inLanguage\":\"ru-RU\"},{\"@type\":\"Organization\",\"@id\":\"https:\\\/\\\/ziedikarmena.lv\\\/#organization\",\"name\":\"SIA \u201cSA EURO\u201d\",\"url\":\"https:\\\/\\\/ziedikarmena.lv\\\/\",\"logo\":{\"@type\":\"ImageObject\",\"inLanguage\":\"ru-RU\",\"@id\":\"https:\\\/\\\/ziedikarmena.lv\\\/#\\\/schema\\\/logo\\\/image\\\/\",\"url\":\"https:\\\/\\\/ziedikarmena.lv\\\/wp-content\\\/uploads\\\/2023\\\/04\\\/logo-new.svg\",\"contentUrl\":\"https:\\\/\\\/ziedikarmena.lv\\\/wp-content\\\/uploads\\\/2023\\\/04\\\/logo-new.svg\",\"width\":182,\"height\":100,\"caption\":\"SIA \u201cSA EURO\u201d\"},\"image\":{\"@id\":\"https:\\\/\\\/ziedikarmena.lv\\\/#\\\/schema\\\/logo\\\/image\\\/\"},\"sameAs\":[\"https:\\\/\\\/www.facebook.com\\\/ziedikarmena.lv\\\/\",\"https:\\\/\\\/www.instagram.com\\\/ziedikarmena.lv\\\/\"]}]}<\/script>\n<!-- \/ Yoast SEO plugin. -->","yoast_head_json":{"title":"\u0426\u0432\u0435\u0442\u043e\u0447\u043d\u0430\u044f \u043a\u043e\u0440\u043e\u0431\u043a\u0430 \"\u0421\u0442\u0440\u0430\u0441\u0442\u043d\u044b\u0439 \u0431\u0443\u043a\u0435\u0442\" - \u0426\u0432\u0435\u0442\u044b \u043e\u0442 ZiediKarmena","description":"\u0426\u0432\u0435\u0442\u043e\u0447\u043d\u0430\u044f \u043a\u043e\u0440\u043e\u0431\u043a\u0430 \"\u0421\u0442\u0440\u0430\u0441\u0442\u043d\u044b\u0439 \u0431\u0443\u043a\u0435\u0442\" \u043f\u043e\u0434\u0445\u043e\u0434\u0438\u0442 \u0434\u043b\u044f \u0432\u044b\u0440\u0430\u0436\u0435\u043d\u0438\u044f \u0433\u043b\u0443\u0431\u043e\u043a\u0438\u0445 \u0447\u0443\u0432\u0441\u0442\u0432 \u0438 \u044d\u043c\u043e\u0446\u0438\u0439, \u043d\u0430\u043f\u0440\u0438\u043c\u0435\u0440, \u0432 \u043a\u0430\u0447\u0435\u0441\u0442\u0432\u0435 \u043f\u043e\u0434\u0430\u0440\u043a\u0430 \u043b\u044e\u0431\u0438\u043c\u043e\u043c\u0443 \u0447\u0435\u043b\u043e\u0432\u0435\u043a\u0443 \u043d\u0430 \u0414\u0435\u043d\u044c \u0421\u0432\u044f\u0442\u043e\u0433\u043e \u0412\u0430\u043b\u0435\u043d\u0442\u0438\u043d\u0430 \u0438\u043b\u0438 \u0434\u0435\u043d\u044c \u0440\u043e\u0436\u0434\u0435\u043d\u0438\u044f.","robots":{"index":"index","follow":"follow","max-snippet":"max-snippet:-1","max-image-preview":"max-image-preview:large","max-video-preview":"max-video-preview:-1"},"canonical":"https:\/\/ziedikarmena.lv\/ru\/product\/ziedu-karba-36\/","og_locale":"ru_RU","og_type":"article","og_title":"Ziedu k\u0101rba \"Kaisl\u012bgs pu\u0161\u0137is\" - Ziedi no ZiediKarmena","og_description":"Ziedu k\u0101rba \"Kaisl\u012bgs pu\u0161\u0137is\" ir piem\u0113rota dzi\u013cu j\u016btu un emociju izteik\u0161anai, piem\u0113ram, k\u0101 d\u0101vana m\u012b\u013cotajam Valent\u012bna dien\u0101 vai dzim\u0161anas dien\u0101.","og_url":"https:\/\/ziedikarmena.lv\/ru\/product\/ziedu-karba-36\/","og_site_name":"Ziedi un Pu\u0161\u0137i R\u012bg\u0101 \u2013 ZiediKarmena","article_publisher":"https:\/\/www.facebook.com\/ziedikarmena.lv\/","article_modified_time":"2026-03-24T21:07:31+00:00","og_image":[{"width":1000,"height":1000,"url":"https:\/\/ziedikarmena.lv\/wp-content\/uploads\/2021\/05\/Frame-5.png","type":"image\/png"}],"twitter_card":"summary_large_image","twitter_misc":{"\u041f\u0440\u0438\u043c\u0435\u0440\u043d\u043e\u0435 \u0432\u0440\u0435\u043c\u044f \u0434\u043b\u044f \u0447\u0442\u0435\u043d\u0438\u044f":"1 \u043c\u0438\u043d\u0443\u0442\u0430"},"schema":{"@context":"https:\/\/schema.org","@graph":[{"@type":"WebPage","@id":"https:\/\/ziedikarmena.lv\/product\/ziedu-karba-36\/","url":"https:\/\/ziedikarmena.lv\/product\/ziedu-karba-36\/","name":"\u0426\u0432\u0435\u0442\u043e\u0447\u043d\u0430\u044f \u043a\u043e\u0440\u043e\u0431\u043a\u0430 \"\u0421\u0442\u0440\u0430\u0441\u0442\u043d\u044b\u0439 \u0431\u0443\u043a\u0435\u0442\" - \u0426\u0432\u0435\u0442\u044b \u043e\u0442 ZiediKarmena","isPartOf":{"@id":"https:\/\/ziedikarmena.lv\/#website"},"primaryImageOfPage":{"@id":"https:\/\/ziedikarmena.lv\/product\/ziedu-karba-36\/#primaryimage"},"image":{"@id":"https:\/\/ziedikarmena.lv\/product\/ziedu-karba-36\/#primaryimage"},"thumbnailUrl":"https:\/\/ziedikarmena.lv\/wp-content\/uploads\/2021\/05\/Frame-5.png","datePublished":"2021-05-04T12:24:50+00:00","dateModified":"2026-03-24T21:07:31+00:00","description":"\u0426\u0432\u0435\u0442\u043e\u0447\u043d\u0430\u044f \u043a\u043e\u0440\u043e\u0431\u043a\u0430 \"\u0421\u0442\u0440\u0430\u0441\u0442\u043d\u044b\u0439 \u0431\u0443\u043a\u0435\u0442\" \u043f\u043e\u0434\u0445\u043e\u0434\u0438\u0442 \u0434\u043b\u044f \u0432\u044b\u0440\u0430\u0436\u0435\u043d\u0438\u044f \u0433\u043b\u0443\u0431\u043e\u043a\u0438\u0445 \u0447\u0443\u0432\u0441\u0442\u0432 \u0438 \u044d\u043c\u043e\u0446\u0438\u0439, \u043d\u0430\u043f\u0440\u0438\u043c\u0435\u0440, \u0432 \u043a\u0430\u0447\u0435\u0441\u0442\u0432\u0435 \u043f\u043e\u0434\u0430\u0440\u043a\u0430 \u043b\u044e\u0431\u0438\u043c\u043e\u043c\u0443 \u0447\u0435\u043b\u043e\u0432\u0435\u043a\u0443 \u043d\u0430 \u0414\u0435\u043d\u044c \u0421\u0432\u044f\u0442\u043e\u0433\u043e \u0412\u0430\u043b\u0435\u043d\u0442\u0438\u043d\u0430 \u0438\u043b\u0438 \u0434\u0435\u043d\u044c \u0440\u043e\u0436\u0434\u0435\u043d\u0438\u044f.","breadcrumb":{"@id":"https:\/\/ziedikarmena.lv\/product\/ziedu-karba-36\/#breadcrumb"},"inLanguage":"ru-RU","potentialAction":[{"@type":"ReadAction","target":["https:\/\/ziedikarmena.lv\/product\/ziedu-karba-36\/"]}]},{"@type":"ImageObject","inLanguage":"ru-RU","@id":"https:\/\/ziedikarmena.lv\/product\/ziedu-karba-36\/#primaryimage","url":"https:\/\/ziedikarmena.lv\/wp-content\/uploads\/2021\/05\/Frame-5.png","contentUrl":"https:\/\/ziedikarmena.lv\/wp-content\/uploads\/2021\/05\/Frame-5.png","width":1000,"height":1000,"caption":"Ziedu k\u0101rba \"Kaisl\u012bgs pu\u0161\u0137is\""},{"@type":"BreadcrumbList","@id":"https:\/\/ziedikarmena.lv\/product\/ziedu-karba-36\/#breadcrumb","itemListElement":[{"@type":"ListItem","position":1,"name":"Home","item":"https:\/\/ziedikarmena.lv\/"},{"@type":"ListItem","position":2,"name":"Katalogs","item":"https:\/\/ziedikarmena.lv\/katalogs\/"},{"@type":"ListItem","position":3,"name":"Ziedu k\u0101rba &#8220;Kaisl\u012bgs pu\u0161\u0137is&#8221;"}]},{"@type":"WebSite","@id":"https:\/\/ziedikarmena.lv\/#website","url":"https:\/\/ziedikarmena.lv\/","name":"\u0411\u044b\u0441\u0442\u0440\u0430\u044f \u0434\u043e\u0441\u0442\u0430\u0432\u043a\u0430 \u0431\u0443\u043a\u0435\u0442\u043e\u0432 \u0432 \u0420\u0438\u0433\u0435 - ZiediKarmena","description":"\u0411\u0443\u043a\u0435\u0442\u044b \u0431\u0443\u0434\u0443\u0442 \u0434\u043e\u0441\u0442\u0430\u0432\u043b\u0435\u043d\u044b \u0442\u043e\u0447\u043d\u043e \u0432 \u0443\u043a\u0430\u0437\u0430\u043d\u043d\u0443\u044e \u0432\u0430\u043c\u0438 \u0434\u0430\u0442\u0443! \u0426\u0432\u0435\u0442\u044b \u043b\u0443\u0447\u0448\u0435\u0433\u043e \u043a\u0430\u0447\u0435\u0441\u0442\u0432\u0430 \u0442\u043e\u043b\u044c\u043a\u043e \u0432 ZiediKarmena!","publisher":{"@id":"https:\/\/ziedikarmena.lv\/#organization"},"potentialAction":[{"@type":"SearchAction","target":{"@type":"EntryPoint","urlTemplate":"https:\/\/ziedikarmena.lv\/?s={search_term_string}"},"query-input":{"@type":"PropertyValueSpecification","valueRequired":true,"valueName":"search_term_string"}}],"inLanguage":"ru-RU"},{"@type":"Organization","@id":"https:\/\/ziedikarmena.lv\/#organization","name":"SIA \u201cSA EURO\u201d","url":"https:\/\/ziedikarmena.lv\/","logo":{"@type":"ImageObject","inLanguage":"ru-RU","@id":"https:\/\/ziedikarmena.lv\/#\/schema\/logo\/image\/","url":"https:\/\/ziedikarmena.lv\/wp-content\/uploads\/2023\/04\/logo-new.svg","contentUrl":"https:\/\/ziedikarmena.lv\/wp-content\/uploads\/2023\/04\/logo-new.svg","width":182,"height":100,"caption":"SIA \u201cSA EURO\u201d"},"image":{"@id":"https:\/\/ziedikarmena.lv\/#\/schema\/logo\/image\/"},"sameAs":["https:\/\/www.facebook.com\/ziedikarmena.lv\/","https:\/\/www.instagram.com\/ziedikarmena.lv\/"]}]}},"_links":{"self":[{"href":"https:\/\/ziedikarmena.lv\/ru\/wp-json\/wp\/v2\/product\/11416","targetHints":{"allow":["GET"]}}],"collection":[{"href":"https:\/\/ziedikarmena.lv\/ru\/wp-json\/wp\/v2\/product"}],"about":[{"href":"https:\/\/ziedikarmena.lv\/ru\/wp-json\/wp\/v2\/types\/product"}],"replies":[{"embeddable":true,"href":"https:\/\/ziedikarmena.lv\/ru\/wp-json\/wp\/v2\/comments?post=11416"}],"version-history":[{"count":1,"href":"https:\/\/ziedikarmena.lv\/ru\/wp-json\/wp\/v2\/product\/11416\/revisions"}],"predecessor-version":[{"id":16671,"href":"https:\/\/ziedikarmena.lv\/ru\/wp-json\/wp\/v2\/product\/11416\/revisions\/16671"}],"wp:featuredmedia":[{"embeddable":true,"href":"https:\/\/ziedikarmena.lv\/ru\/wp-json\/wp\/v2\/media\/13593"}],"wp:attachment":[{"href":"https:\/\/ziedikarmena.lv\/ru\/wp-json\/wp\/v2\/media?parent=11416"}],"wp:term":[{"taxonomy":"product_brand","embeddable":true,"href":"https:\/\/ziedikarmena.lv\/ru\/wp-json\/wp\/v2\/product_brand?post=11416"},{"taxonomy":"product_cat","embeddable":true,"href":"https:\/\/ziedikarmena.lv\/ru\/wp-json\/wp\/v2\/product_cat?post=11416"},{"taxonomy":"product_tag","embeddable":true,"href":"https:\/\/ziedikarmena.lv\/ru\/wp-json\/wp\/v2\/product_tag?post=11416"}],"curies":[{"name":"wp","href":"https:\/\/api.w.org\/{rel}","templated":true}]}}