{"id":11352,"date":"2021-02-10T20:58:19","date_gmt":"2021-02-10T20:58:19","guid":{"rendered":"https:\/\/ziedikarmena.lv\/?product=ziedu-grozs-20"},"modified":"2025-02-26T21:16:12","modified_gmt":"2025-02-26T21:16:12","slug":"ziedu-grozs-20","status":"publish","type":"product","link":"https:\/\/ziedikarmena.lv\/ru\/product\/ziedu-grozs-20\/","title":{"rendered":"\u0426\u0432\u0435\u0442\u043e\u0447\u043d\u0430\u044f \u043a\u043e\u0440\u0437\u0438\u043d\u0430 \"\u041b\u044e\u0431\u043e\u0432\u043d\u044b\u0439 \u0432\u043e\u0441\u0442\u043e\u0440\u0433\""},"content":{"rendered":"<p>\u041d\u0430\u0437\u0432\u0430\u043d\u0438\u0435 \u0446\u0432\u0435\u0442\u043e\u0447\u043d\u043e\u0439 \u043a\u043e\u0440\u0437\u0438\u043d\u044b \"\u0411\u0443\u0439\u0441\u0442\u0432\u043e \u043b\u044e\u0431\u0432\u0438\" \u043e\u0442\u0440\u0430\u0436\u0430\u0435\u0442 \u0433\u043b\u0443\u0431\u043e\u043a\u0438\u0435 \u0447\u0443\u0432\u0441\u0442\u0432\u0430 \u0438 \u0440\u043e\u043c\u0430\u043d\u0442\u0438\u043a\u0443 \u044d\u0442\u043e\u0439 \u0446\u0432\u0435\u0442\u043e\u0447\u043d\u043e\u0439 \u043a\u043e\u0440\u0437\u0438\u043d\u044b. \u041b\u043e\u0441\u043e\u0441\u0435\u0432\u044b\u0435 \u0440\u043e\u0437\u044b, \u0444\u0438\u043e\u043b\u0435\u0442\u043e\u0432\u044b\u0439 \u043b\u0438\u0437\u0438\u0430\u043d\u0442\u0443\u0441 \u0438 \u0437\u0435\u043b\u0435\u043d\u044c \u0441\u043e\u0447\u0435\u0442\u0430\u044e\u0442\u0441\u044f \u0432 \u043d\u0435\u0436\u043d\u043e\u043c \u0431\u0443\u043a\u0435\u0442\u0435, \u0430 \u043d\u0430\u0434\u043f\u0438\u0441\u044c \"\u041b\u044e\u0431\u043e\u0432\u044c\" \u043f\u043e\u0434\u0447\u0435\u0440\u043a\u0438\u0432\u0430\u0435\u0442 \u044d\u043c\u043e\u0446\u0438\u043e\u043d\u0430\u043b\u044c\u043d\u044b\u0439 \u0441\u043c\u044b\u0441\u043b \u0438 \u0437\u043d\u0430\u0447\u0435\u043d\u0438\u0435 \u044d\u0442\u043e\u0439 \u043a\u043e\u043c\u043f\u043e\u0437\u0438\u0446\u0438\u0438. \u042d\u0442\u043e \u043f\u0440\u0435\u043a\u0440\u0430\u0441\u043d\u044b\u0439 \u043f\u043e\u0434\u0430\u0440\u043e\u043a \u0434\u043b\u044f \u0447\u0435\u043b\u043e\u0432\u0435\u043a\u0430, \u043a\u043e\u0442\u043e\u0440\u044b\u0439 \u0432\u0434\u043e\u0445\u043d\u043e\u0432\u043b\u044f\u0435\u0442 \u0432\u0430\u0441 \u043d\u0430 \u043b\u044e\u0431\u043e\u0432\u044c \u0438 \u0432\u043e\u0441\u0445\u0438\u0449\u0435\u043d\u0438\u0435.<\/p>","protected":false},"excerpt":{"rendered":"<p>\u041d\u0430\u0437\u0432\u0430\u043d\u0438\u0435 \u0446\u0432\u0435\u0442\u043e\u0447\u043d\u043e\u0439 \u043a\u043e\u0440\u0437\u0438\u043d\u044b \"\u0411\u0443\u0439\u0441\u0442\u0432\u043e \u043b\u044e\u0431\u0432\u0438\" \u043e\u0442\u0440\u0430\u0436\u0430\u0435\u0442 \u0433\u043b\u0443\u0431\u043e\u043a\u0438\u0435 \u0447\u0443\u0432\u0441\u0442\u0432\u0430 \u0438 \u0440\u043e\u043c\u0430\u043d\u0442\u0438\u043a\u0443 \u044d\u0442\u043e\u0439 \u0446\u0432\u0435\u0442\u043e\u0447\u043d\u043e\u0439 \u043a\u043e\u0440\u0437\u0438\u043d\u044b. \u041b\u043e\u0441\u043e\u0441\u0435\u0432\u044b\u0435 \u0440\u043e\u0437\u044b, \u043f\u0443\u0440\u043f\u0443\u0440\u043d\u044b\u0435 \u043b\u0438\u0437\u0438\u0430\u043d\u0442\u0443\u0441\u044b \u0438<\/p>","protected":false},"featured_media":11353,"comment_status":"open","ping_status":"closed","template":"","meta":[],"product_brand":[],"product_cat":[159],"product_tag":[],"class_list":{"0":"post-11352","1":"product","2":"type-product","3":"status-publish","4":"has-post-thumbnail","6":"product_cat-ziedu-grozi","7":"tm-has-options","9":"first","10":"instock","11":"shipping-taxable","12":"purchasable","13":"product-type-simple"},"yoast_head":"<!-- This site is optimized with the Yoast SEO plugin v27.2 - https:\/\/yoast.com\/product\/yoast-seo-wordpress\/ -->\n<title>Ziedu grozs &quot;M\u012blest\u012bbas saj\u016bsma&quot; - Ziedi no ZiediKarmena<\/title>\n<meta name=\"description\" content=\"Ziedu grozs &quot;M\u012blest\u012bbas saj\u016bsma&quot; ir nosaukums, kas atspogu\u013co dzi\u013c\u0101s j\u016btas un romantiku \u0161aj\u0101 ziedu groz\u0101. Lieliska d\u0101vana k\u0101dam, kur\u0161 iedvesmo j\u016bs m\u012bl\u0113t\" \/>\n<meta name=\"robots\" content=\"index, follow, max-snippet:-1, max-image-preview:large, max-video-preview:-1\" \/>\n<link rel=\"canonical\" href=\"https:\/\/ziedikarmena.lv\/ru\/product\/ziedu-grozs-20\/\" \/>\n<meta property=\"og:locale\" content=\"ru_RU\" \/>\n<meta property=\"og:type\" content=\"article\" \/>\n<meta property=\"og:title\" content=\"Ziedu grozs &quot;M\u012blest\u012bbas saj\u016bsma&quot; - Ziedi no ZiediKarmena\" \/>\n<meta property=\"og:description\" content=\"Ziedu grozs &quot;M\u012blest\u012bbas saj\u016bsma&quot; ir nosaukums, kas atspogu\u013co dzi\u013c\u0101s j\u016btas un romantiku \u0161aj\u0101 ziedu groz\u0101. Lieliska d\u0101vana k\u0101dam, kur\u0161 iedvesmo j\u016bs m\u012bl\u0113t\" \/>\n<meta property=\"og:url\" content=\"https:\/\/ziedikarmena.lv\/ru\/product\/ziedu-grozs-20\/\" \/>\n<meta property=\"og:site_name\" content=\"Ziedi un Pu\u0161\u0137i R\u012bg\u0101 \u2013 ZiediKarmena\" \/>\n<meta property=\"article:publisher\" content=\"https:\/\/www.facebook.com\/ziedikarmena.lv\/\" \/>\n<meta property=\"article:modified_time\" content=\"2025-02-26T21:16:12+00:00\" \/>\n<meta property=\"og:image\" content=\"https:\/\/ziedikarmena.lv\/wp-content\/uploads\/2023\/04\/ziedugrozs020.jpg\" \/>\n\t<meta property=\"og:image:width\" content=\"1000\" \/>\n\t<meta property=\"og:image:height\" content=\"1000\" \/>\n\t<meta property=\"og:image:type\" content=\"image\/jpeg\" \/>\n<meta name=\"twitter:card\" content=\"summary_large_image\" \/>\n<meta name=\"twitter:label1\" content=\"\u041f\u0440\u0438\u043c\u0435\u0440\u043d\u043e\u0435 \u0432\u0440\u0435\u043c\u044f \u0434\u043b\u044f \u0447\u0442\u0435\u043d\u0438\u044f\" \/>\n\t<meta name=\"twitter:data1\" content=\"1 \u043c\u0438\u043d\u0443\u0442\u0430\" \/>\n<script type=\"application\/ld+json\" class=\"yoast-schema-graph\">{\"@context\":\"https:\/\/schema.org\",\"@graph\":[{\"@type\":\"WebPage\",\"@id\":\"https:\/\/ziedikarmena.lv\/product\/ziedu-grozs-20\/\",\"url\":\"https:\/\/ziedikarmena.lv\/product\/ziedu-grozs-20\/\",\"name\":\"Ziedu grozs \\\"M\u012blest\u012bbas saj\u016bsma\\\" - Ziedi no ZiediKarmena\",\"isPartOf\":{\"@id\":\"https:\/\/ziedikarmena.lv\/#website\"},\"primaryImageOfPage\":{\"@id\":\"https:\/\/ziedikarmena.lv\/product\/ziedu-grozs-20\/#primaryimage\"},\"image\":{\"@id\":\"https:\/\/ziedikarmena.lv\/product\/ziedu-grozs-20\/#primaryimage\"},\"thumbnailUrl\":\"https:\/\/ziedikarmena.lv\/wp-content\/uploads\/2023\/04\/ziedugrozs020.jpg\",\"datePublished\":\"2021-02-10T20:58:19+00:00\",\"dateModified\":\"2025-02-26T21:16:12+00:00\",\"description\":\"Ziedu grozs \\\"M\u012blest\u012bbas saj\u016bsma\\\" ir nosaukums, kas atspogu\u013co dzi\u013c\u0101s j\u016btas un romantiku \u0161aj\u0101 ziedu groz\u0101. Lieliska d\u0101vana k\u0101dam, kur\u0161 iedvesmo j\u016bs m\u012bl\u0113t\",\"breadcrumb\":{\"@id\":\"https:\/\/ziedikarmena.lv\/product\/ziedu-grozs-20\/#breadcrumb\"},\"inLanguage\":\"ru-RU\",\"potentialAction\":[{\"@type\":\"ReadAction\",\"target\":[\"https:\/\/ziedikarmena.lv\/product\/ziedu-grozs-20\/\"]}]},{\"@type\":\"ImageObject\",\"inLanguage\":\"ru-RU\",\"@id\":\"https:\/\/ziedikarmena.lv\/product\/ziedu-grozs-20\/#primaryimage\",\"url\":\"https:\/\/ziedikarmena.lv\/wp-content\/uploads\/2023\/04\/ziedugrozs020.jpg\",\"contentUrl\":\"https:\/\/ziedikarmena.lv\/wp-content\/uploads\/2023\/04\/ziedugrozs020.jpg\",\"width\":1000,\"height\":1000},{\"@type\":\"BreadcrumbList\",\"@id\":\"https:\/\/ziedikarmena.lv\/product\/ziedu-grozs-20\/#breadcrumb\",\"itemListElement\":[{\"@type\":\"ListItem\",\"position\":1,\"name\":\"Home\",\"item\":\"https:\/\/ziedikarmena.lv\/\"},{\"@type\":\"ListItem\",\"position\":2,\"name\":\"Katalogs\",\"item\":\"https:\/\/ziedikarmena.lv\/katalogs\/\"},{\"@type\":\"ListItem\",\"position\":3,\"name\":\"Ziedu grozs &#8220;M\u012blest\u012bbas saj\u016bsma&#8221;\"}]},{\"@type\":\"WebSite\",\"@id\":\"https:\/\/ziedikarmena.lv\/#website\",\"url\":\"https:\/\/ziedikarmena.lv\/\",\"name\":\"\u0100tra pu\u0161\u0137u pieg\u0101de R\u012bg\u0101 \u2013 ZiediKarmena\",\"description\":\"Pu\u0161\u0137i tiks pieg\u0101d\u0101ti tie\u0161i j\u016bsu nor\u0101d\u012btaj\u0101 datum\u0101! Lab\u0101k\u0101s kvalit\u0101tes ziedi tikai pie ZiediKarmena!\",\"publisher\":{\"@id\":\"https:\/\/ziedikarmena.lv\/#organization\"},\"potentialAction\":[{\"@type\":\"SearchAction\",\"target\":{\"@type\":\"EntryPoint\",\"urlTemplate\":\"https:\/\/ziedikarmena.lv\/?s={search_term_string}\"},\"query-input\":{\"@type\":\"PropertyValueSpecification\",\"valueRequired\":true,\"valueName\":\"search_term_string\"}}],\"inLanguage\":\"ru-RU\"},{\"@type\":\"Organization\",\"@id\":\"https:\/\/ziedikarmena.lv\/#organization\",\"name\":\"SIA \u201cSA EURO\u201d\",\"url\":\"https:\/\/ziedikarmena.lv\/\",\"logo\":{\"@type\":\"ImageObject\",\"inLanguage\":\"ru-RU\",\"@id\":\"https:\/\/ziedikarmena.lv\/#\/schema\/logo\/image\/\",\"url\":\"https:\/\/ziedikarmena.lv\/wp-content\/uploads\/2023\/04\/logo-new.svg\",\"contentUrl\":\"https:\/\/ziedikarmena.lv\/wp-content\/uploads\/2023\/04\/logo-new.svg\",\"width\":182,\"height\":100,\"caption\":\"SIA \u201cSA EURO\u201d\"},\"image\":{\"@id\":\"https:\/\/ziedikarmena.lv\/#\/schema\/logo\/image\/\"},\"sameAs\":[\"https:\/\/www.facebook.com\/ziedikarmena.lv\/\",\"https:\/\/www.instagram.com\/ziedikarmena.lv\/\"]}]}<\/script>\n<!-- \/ Yoast SEO plugin. -->","yoast_head_json":{"title":"\u0426\u0432\u0435\u0442\u043e\u0447\u043d\u0430\u044f \u043a\u043e\u0440\u0437\u0438\u043d\u0430 \"Love Delight\" - \u0426\u0432\u0435\u0442\u044b \u043e\u0442 ZiediKarmena","description":"\u041d\u0430\u0437\u0432\u0430\u043d\u0438\u0435 \u0446\u0432\u0435\u0442\u043e\u0447\u043d\u043e\u0439 \u043a\u043e\u0440\u0437\u0438\u043d\u044b \"\u0412\u043e\u0437\u043d\u0435\u0441\u0435\u043d\u0438\u0435 \u043b\u044e\u0431\u0432\u0438\" \u043e\u0442\u0440\u0430\u0436\u0430\u0435\u0442 \u0433\u043b\u0443\u0431\u043e\u043a\u0438\u0435 \u0447\u0443\u0432\u0441\u0442\u0432\u0430 \u0438 \u0440\u043e\u043c\u0430\u043d\u0442\u0438\u043a\u0443 \u044d\u0442\u043e\u0439 \u0446\u0432\u0435\u0442\u043e\u0447\u043d\u043e\u0439 \u043a\u043e\u0440\u0437\u0438\u043d\u044b. \u0418\u0434\u0435\u0430\u043b\u044c\u043d\u044b\u0439 \u043f\u043e\u0434\u0430\u0440\u043e\u043a \u0434\u043b\u044f \u0447\u0435\u043b\u043e\u0432\u0435\u043a\u0430, \u043a\u043e\u0442\u043e\u0440\u044b\u0439 \u0432\u0434\u043e\u0445\u043d\u043e\u0432\u043b\u044f\u0435\u0442 \u0432\u0430\u0441 \u043d\u0430 \u043b\u044e\u0431\u043e\u0432\u044c","robots":{"index":"index","follow":"follow","max-snippet":"max-snippet:-1","max-image-preview":"max-image-preview:large","max-video-preview":"max-video-preview:-1"},"canonical":"https:\/\/ziedikarmena.lv\/ru\/product\/ziedu-grozs-20\/","og_locale":"ru_RU","og_type":"article","og_title":"Ziedu grozs \"M\u012blest\u012bbas saj\u016bsma\" - Ziedi no ZiediKarmena","og_description":"Ziedu grozs \"M\u012blest\u012bbas saj\u016bsma\" ir nosaukums, kas atspogu\u013co dzi\u013c\u0101s j\u016btas un romantiku \u0161aj\u0101 ziedu groz\u0101. Lieliska d\u0101vana k\u0101dam, kur\u0161 iedvesmo j\u016bs m\u012bl\u0113t","og_url":"https:\/\/ziedikarmena.lv\/ru\/product\/ziedu-grozs-20\/","og_site_name":"Ziedi un Pu\u0161\u0137i R\u012bg\u0101 \u2013 ZiediKarmena","article_publisher":"https:\/\/www.facebook.com\/ziedikarmena.lv\/","article_modified_time":"2025-02-26T21:16:12+00:00","og_image":[{"width":1000,"height":1000,"url":"https:\/\/ziedikarmena.lv\/wp-content\/uploads\/2023\/04\/ziedugrozs020.jpg","type":"image\/jpeg"}],"twitter_card":"summary_large_image","twitter_misc":{"\u041f\u0440\u0438\u043c\u0435\u0440\u043d\u043e\u0435 \u0432\u0440\u0435\u043c\u044f \u0434\u043b\u044f \u0447\u0442\u0435\u043d\u0438\u044f":"1 \u043c\u0438\u043d\u0443\u0442\u0430"},"schema":{"@context":"https:\/\/schema.org","@graph":[{"@type":"WebPage","@id":"https:\/\/ziedikarmena.lv\/product\/ziedu-grozs-20\/","url":"https:\/\/ziedikarmena.lv\/product\/ziedu-grozs-20\/","name":"\u0426\u0432\u0435\u0442\u043e\u0447\u043d\u0430\u044f \u043a\u043e\u0440\u0437\u0438\u043d\u0430 \"Love Delight\" - \u0426\u0432\u0435\u0442\u044b \u043e\u0442 ZiediKarmena","isPartOf":{"@id":"https:\/\/ziedikarmena.lv\/#website"},"primaryImageOfPage":{"@id":"https:\/\/ziedikarmena.lv\/product\/ziedu-grozs-20\/#primaryimage"},"image":{"@id":"https:\/\/ziedikarmena.lv\/product\/ziedu-grozs-20\/#primaryimage"},"thumbnailUrl":"https:\/\/ziedikarmena.lv\/wp-content\/uploads\/2023\/04\/ziedugrozs020.jpg","datePublished":"2021-02-10T20:58:19+00:00","dateModified":"2025-02-26T21:16:12+00:00","description":"\u041d\u0430\u0437\u0432\u0430\u043d\u0438\u0435 \u0446\u0432\u0435\u0442\u043e\u0447\u043d\u043e\u0439 \u043a\u043e\u0440\u0437\u0438\u043d\u044b \"\u0412\u043e\u0437\u043d\u0435\u0441\u0435\u043d\u0438\u0435 \u043b\u044e\u0431\u0432\u0438\" \u043e\u0442\u0440\u0430\u0436\u0430\u0435\u0442 \u0433\u043b\u0443\u0431\u043e\u043a\u0438\u0435 \u0447\u0443\u0432\u0441\u0442\u0432\u0430 \u0438 \u0440\u043e\u043c\u0430\u043d\u0442\u0438\u043a\u0443 \u044d\u0442\u043e\u0439 \u0446\u0432\u0435\u0442\u043e\u0447\u043d\u043e\u0439 \u043a\u043e\u0440\u0437\u0438\u043d\u044b. \u0418\u0434\u0435\u0430\u043b\u044c\u043d\u044b\u0439 \u043f\u043e\u0434\u0430\u0440\u043e\u043a \u0434\u043b\u044f \u0447\u0435\u043b\u043e\u0432\u0435\u043a\u0430, \u043a\u043e\u0442\u043e\u0440\u044b\u0439 \u0432\u0434\u043e\u0445\u043d\u043e\u0432\u043b\u044f\u0435\u0442 \u0432\u0430\u0441 \u043d\u0430 \u043b\u044e\u0431\u043e\u0432\u044c","breadcrumb":{"@id":"https:\/\/ziedikarmena.lv\/product\/ziedu-grozs-20\/#breadcrumb"},"inLanguage":"ru-RU","potentialAction":[{"@type":"ReadAction","target":["https:\/\/ziedikarmena.lv\/product\/ziedu-grozs-20\/"]}]},{"@type":"ImageObject","inLanguage":"ru-RU","@id":"https:\/\/ziedikarmena.lv\/product\/ziedu-grozs-20\/#primaryimage","url":"https:\/\/ziedikarmena.lv\/wp-content\/uploads\/2023\/04\/ziedugrozs020.jpg","contentUrl":"https:\/\/ziedikarmena.lv\/wp-content\/uploads\/2023\/04\/ziedugrozs020.jpg","width":1000,"height":1000},{"@type":"BreadcrumbList","@id":"https:\/\/ziedikarmena.lv\/product\/ziedu-grozs-20\/#breadcrumb","itemListElement":[{"@type":"ListItem","position":1,"name":"Home","item":"https:\/\/ziedikarmena.lv\/"},{"@type":"ListItem","position":2,"name":"Katalogs","item":"https:\/\/ziedikarmena.lv\/katalogs\/"},{"@type":"ListItem","position":3,"name":"Ziedu grozs &#8220;M\u012blest\u012bbas saj\u016bsma&#8221;"}]},{"@type":"WebSite","@id":"https:\/\/ziedikarmena.lv\/#website","url":"https:\/\/ziedikarmena.lv\/","name":"\u0411\u044b\u0441\u0442\u0440\u0430\u044f \u0434\u043e\u0441\u0442\u0430\u0432\u043a\u0430 \u0431\u0443\u043a\u0435\u0442\u043e\u0432 \u0432 \u0420\u0438\u0433\u0435 - ZiediKarmena","description":"\u0411\u0443\u043a\u0435\u0442\u044b \u0431\u0443\u0434\u0443\u0442 \u0434\u043e\u0441\u0442\u0430\u0432\u043b\u0435\u043d\u044b \u0442\u043e\u0447\u043d\u043e \u0432 \u0443\u043a\u0430\u0437\u0430\u043d\u043d\u0443\u044e \u0432\u0430\u043c\u0438 \u0434\u0430\u0442\u0443! \u0426\u0432\u0435\u0442\u044b \u043b\u0443\u0447\u0448\u0435\u0433\u043e \u043a\u0430\u0447\u0435\u0441\u0442\u0432\u0430 \u0442\u043e\u043b\u044c\u043a\u043e \u0432 ZiediKarmena!","publisher":{"@id":"https:\/\/ziedikarmena.lv\/#organization"},"potentialAction":[{"@type":"SearchAction","target":{"@type":"EntryPoint","urlTemplate":"https:\/\/ziedikarmena.lv\/?s={search_term_string}"},"query-input":{"@type":"PropertyValueSpecification","valueRequired":true,"valueName":"search_term_string"}}],"inLanguage":"ru-RU"},{"@type":"Organization","@id":"https:\/\/ziedikarmena.lv\/#organization","name":"SIA \u201cSA EURO\u201d","url":"https:\/\/ziedikarmena.lv\/","logo":{"@type":"ImageObject","inLanguage":"ru-RU","@id":"https:\/\/ziedikarmena.lv\/#\/schema\/logo\/image\/","url":"https:\/\/ziedikarmena.lv\/wp-content\/uploads\/2023\/04\/logo-new.svg","contentUrl":"https:\/\/ziedikarmena.lv\/wp-content\/uploads\/2023\/04\/logo-new.svg","width":182,"height":100,"caption":"SIA \u201cSA EURO\u201d"},"image":{"@id":"https:\/\/ziedikarmena.lv\/#\/schema\/logo\/image\/"},"sameAs":["https:\/\/www.facebook.com\/ziedikarmena.lv\/","https:\/\/www.instagram.com\/ziedikarmena.lv\/"]}]}},"_links":{"self":[{"href":"https:\/\/ziedikarmena.lv\/ru\/wp-json\/wp\/v2\/product\/11352","targetHints":{"allow":["GET"]}}],"collection":[{"href":"https:\/\/ziedikarmena.lv\/ru\/wp-json\/wp\/v2\/product"}],"about":[{"href":"https:\/\/ziedikarmena.lv\/ru\/wp-json\/wp\/v2\/types\/product"}],"replies":[{"embeddable":true,"href":"https:\/\/ziedikarmena.lv\/ru\/wp-json\/wp\/v2\/comments?post=11352"}],"version-history":[{"count":0,"href":"https:\/\/ziedikarmena.lv\/ru\/wp-json\/wp\/v2\/product\/11352\/revisions"}],"wp:featuredmedia":[{"embeddable":true,"href":"https:\/\/ziedikarmena.lv\/ru\/wp-json\/wp\/v2\/media\/11353"}],"wp:attachment":[{"href":"https:\/\/ziedikarmena.lv\/ru\/wp-json\/wp\/v2\/media?parent=11352"}],"wp:term":[{"taxonomy":"product_brand","embeddable":true,"href":"https:\/\/ziedikarmena.lv\/ru\/wp-json\/wp\/v2\/product_brand?post=11352"},{"taxonomy":"product_cat","embeddable":true,"href":"https:\/\/ziedikarmena.lv\/ru\/wp-json\/wp\/v2\/product_cat?post=11352"},{"taxonomy":"product_tag","embeddable":true,"href":"https:\/\/ziedikarmena.lv\/ru\/wp-json\/wp\/v2\/product_tag?post=11352"}],"curies":[{"name":"wp","href":"https:\/\/api.w.org\/{rel}","templated":true}]}}