{"id":16811,"date":"2026-03-05T20:09:00","date_gmt":"2026-03-05T20:09:00","guid":{"rendered":"https:\/\/ziedikarmena.lv\/?post_type=product&#038;p=16811"},"modified":"2026-03-05T20:18:19","modified_gmt":"2026-03-05T20:18:19","slug":"roza-maigums-ziedu-grozs","status":"publish","type":"product","link":"https:\/\/ziedikarmena.lv\/en\/product\/roza-maigums-ziedu-grozs\/","title":{"rendered":"Pink Tenderness"},"content":{"rendered":"<p>Pink Tenderness is an elegant flower basket in soft blush tones, where classic roses beautifully complement delicate orchids and fresh greenery. Light, airy, and romantic, this arrangement creates a warm atmosphere and makes a perfect gift for special moments and sincere feelings.<\/p>","protected":false},"excerpt":{"rendered":"<p>Roz\u0101 maigums ir izsmalcin\u0101ts ziedu grozs maigos roz\u0101 to\u0146os, kur elegantas rozes harmoniski saskan ar smalk\u0101m orhidej\u0101m un svaigu za\u013cumu.<\/p>","protected":false},"featured_media":16812,"comment_status":"open","ping_status":"closed","template":"","meta":[],"product_brand":[],"product_cat":[159],"product_tag":[],"class_list":{"0":"post-16811","1":"product","2":"type-product","3":"status-publish","4":"has-post-thumbnail","6":"product_cat-ziedu-grozi","7":"tm-has-options","9":"first","10":"instock","11":"shipping-taxable","12":"purchasable","13":"product-type-simple"},"yoast_head":"<!-- This site is optimized with the Yoast SEO plugin v27.3 - https:\/\/yoast.com\/product\/yoast-seo-wordpress\/ -->\n<title>Roz\u0101 maigums ziedu grozs ar roz\u0113m un orhidej\u0101m<\/title>\n<meta name=\"description\" content=\"Izsmalcin\u0101ts roz\u0101 maigums ziedu grozs ar roz\u0113m, orhidej\u0101m un svaigu za\u013cumu. Gais\u012bga, romantiska d\u0101vana \u012bpa\u0161iem mirk\u013ciem un paties\u0101m j\u016bt\u0101m.\" \/>\n<meta name=\"robots\" content=\"index, follow, max-snippet:-1, max-image-preview:large, max-video-preview:-1\" \/>\n<link rel=\"canonical\" href=\"https:\/\/ziedikarmena.lv\/en\/product\/roza-maigums-ziedu-grozs\/\" \/>\n<meta property=\"og:locale\" content=\"en_GB\" \/>\n<meta property=\"og:type\" content=\"article\" \/>\n<meta property=\"og:title\" content=\"Roz\u0101 maigums ziedu grozs ar roz\u0113m un orhidej\u0101m\" \/>\n<meta property=\"og:description\" content=\"Izsmalcin\u0101ts roz\u0101 maigums ziedu grozs ar roz\u0113m, orhidej\u0101m un svaigu za\u013cumu. Gais\u012bga, romantiska d\u0101vana \u012bpa\u0161iem mirk\u013ciem un paties\u0101m j\u016bt\u0101m.\" \/>\n<meta property=\"og:url\" content=\"https:\/\/ziedikarmena.lv\/en\/product\/roza-maigums-ziedu-grozs\/\" \/>\n<meta property=\"og:site_name\" content=\"Ziedi un Pu\u0161\u0137i R\u012bg\u0101 \u2013 ZiediKarmena\" \/>\n<meta property=\"article:publisher\" content=\"https:\/\/www.facebook.com\/ziedikarmena.lv\/\" \/>\n<meta property=\"article:modified_time\" content=\"2026-03-05T20:18:19+00:00\" \/>\n<meta property=\"og:image\" content=\"https:\/\/ziedikarmena.lv\/wp-content\/uploads\/2026\/03\/Ziedu-puskis-69.webp\" \/>\n\t<meta property=\"og:image:width\" content=\"2560\" \/>\n\t<meta property=\"og:image:height\" content=\"2560\" \/>\n\t<meta property=\"og:image:type\" content=\"image\/webp\" \/>\n<meta name=\"twitter:card\" content=\"summary_large_image\" \/>\n<meta name=\"twitter:label1\" content=\"Estimated reading time\" \/>\n\t<meta name=\"twitter:data1\" content=\"1 minute\" \/>\n<script type=\"application\/ld+json\" class=\"yoast-schema-graph\">{\"@context\":\"https:\\\/\\\/schema.org\",\"@graph\":[{\"@type\":\"WebPage\",\"@id\":\"https:\\\/\\\/ziedikarmena.lv\\\/product\\\/roza-maigums-ziedu-grozs\\\/\",\"url\":\"https:\\\/\\\/ziedikarmena.lv\\\/product\\\/roza-maigums-ziedu-grozs\\\/\",\"name\":\"Roz\u0101 maigums ziedu grozs ar roz\u0113m un orhidej\u0101m\",\"isPartOf\":{\"@id\":\"https:\\\/\\\/ziedikarmena.lv\\\/#website\"},\"primaryImageOfPage\":{\"@id\":\"https:\\\/\\\/ziedikarmena.lv\\\/product\\\/roza-maigums-ziedu-grozs\\\/#primaryimage\"},\"image\":{\"@id\":\"https:\\\/\\\/ziedikarmena.lv\\\/product\\\/roza-maigums-ziedu-grozs\\\/#primaryimage\"},\"thumbnailUrl\":\"https:\\\/\\\/ziedikarmena.lv\\\/wp-content\\\/uploads\\\/2026\\\/03\\\/Ziedu-puskis-69.webp\",\"datePublished\":\"2026-03-05T20:09:00+00:00\",\"dateModified\":\"2026-03-05T20:18:19+00:00\",\"description\":\"Izsmalcin\u0101ts roz\u0101 maigums ziedu grozs ar roz\u0113m, orhidej\u0101m un svaigu za\u013cumu. Gais\u012bga, romantiska d\u0101vana \u012bpa\u0161iem mirk\u013ciem un paties\u0101m j\u016bt\u0101m.\",\"breadcrumb\":{\"@id\":\"https:\\\/\\\/ziedikarmena.lv\\\/product\\\/roza-maigums-ziedu-grozs\\\/#breadcrumb\"},\"inLanguage\":\"en-GB\",\"potentialAction\":[{\"@type\":\"ReadAction\",\"target\":[\"https:\\\/\\\/ziedikarmena.lv\\\/product\\\/roza-maigums-ziedu-grozs\\\/\"]}]},{\"@type\":\"ImageObject\",\"inLanguage\":\"en-GB\",\"@id\":\"https:\\\/\\\/ziedikarmena.lv\\\/product\\\/roza-maigums-ziedu-grozs\\\/#primaryimage\",\"url\":\"https:\\\/\\\/ziedikarmena.lv\\\/wp-content\\\/uploads\\\/2026\\\/03\\\/Ziedu-puskis-69.webp\",\"contentUrl\":\"https:\\\/\\\/ziedikarmena.lv\\\/wp-content\\\/uploads\\\/2026\\\/03\\\/Ziedu-puskis-69.webp\",\"width\":2560,\"height\":2560,\"caption\":\"Roz\u0101 maigums ziedu groza\"},{\"@type\":\"BreadcrumbList\",\"@id\":\"https:\\\/\\\/ziedikarmena.lv\\\/product\\\/roza-maigums-ziedu-grozs\\\/#breadcrumb\",\"itemListElement\":[{\"@type\":\"ListItem\",\"position\":1,\"name\":\"Home\",\"item\":\"https:\\\/\\\/ziedikarmena.lv\\\/\"},{\"@type\":\"ListItem\",\"position\":2,\"name\":\"Katalogs\",\"item\":\"https:\\\/\\\/ziedikarmena.lv\\\/katalogs\\\/\"},{\"@type\":\"ListItem\",\"position\":3,\"name\":\"Roz\u0101 maigums\"}]},{\"@type\":\"WebSite\",\"@id\":\"https:\\\/\\\/ziedikarmena.lv\\\/#website\",\"url\":\"https:\\\/\\\/ziedikarmena.lv\\\/\",\"name\":\"\u0100tra pu\u0161\u0137u pieg\u0101de R\u012bg\u0101 \u2013 ZiediKarmena\",\"description\":\"Pu\u0161\u0137i tiks pieg\u0101d\u0101ti tie\u0161i j\u016bsu nor\u0101d\u012btaj\u0101 datum\u0101! Lab\u0101k\u0101s kvalit\u0101tes ziedi tikai pie ZiediKarmena!\",\"publisher\":{\"@id\":\"https:\\\/\\\/ziedikarmena.lv\\\/#organization\"},\"potentialAction\":[{\"@type\":\"SearchAction\",\"target\":{\"@type\":\"EntryPoint\",\"urlTemplate\":\"https:\\\/\\\/ziedikarmena.lv\\\/?s={search_term_string}\"},\"query-input\":{\"@type\":\"PropertyValueSpecification\",\"valueRequired\":true,\"valueName\":\"search_term_string\"}}],\"inLanguage\":\"en-GB\"},{\"@type\":\"Organization\",\"@id\":\"https:\\\/\\\/ziedikarmena.lv\\\/#organization\",\"name\":\"SIA \u201cSA EURO\u201d\",\"url\":\"https:\\\/\\\/ziedikarmena.lv\\\/\",\"logo\":{\"@type\":\"ImageObject\",\"inLanguage\":\"en-GB\",\"@id\":\"https:\\\/\\\/ziedikarmena.lv\\\/#\\\/schema\\\/logo\\\/image\\\/\",\"url\":\"https:\\\/\\\/ziedikarmena.lv\\\/wp-content\\\/uploads\\\/2023\\\/04\\\/logo-new.svg\",\"contentUrl\":\"https:\\\/\\\/ziedikarmena.lv\\\/wp-content\\\/uploads\\\/2023\\\/04\\\/logo-new.svg\",\"width\":182,\"height\":100,\"caption\":\"SIA \u201cSA EURO\u201d\"},\"image\":{\"@id\":\"https:\\\/\\\/ziedikarmena.lv\\\/#\\\/schema\\\/logo\\\/image\\\/\"},\"sameAs\":[\"https:\\\/\\\/www.facebook.com\\\/ziedikarmena.lv\\\/\",\"https:\\\/\\\/www.instagram.com\\\/ziedikarmena.lv\\\/\"]}]}<\/script>\n<!-- \/ Yoast SEO plugin. -->","yoast_head_json":{"title":"Pink Tenderness Flower Basket with Roses &amp; Orchids","description":"Elegant pink flower basket featuring roses, delicate orchids, and fresh greenery. A light, romantic gift for special moments and sincere feelings.","robots":{"index":"index","follow":"follow","max-snippet":"max-snippet:-1","max-image-preview":"max-image-preview:large","max-video-preview":"max-video-preview:-1"},"canonical":"https:\/\/ziedikarmena.lv\/en\/product\/roza-maigums-ziedu-grozs\/","og_locale":"en_GB","og_type":"article","og_title":"Roz\u0101 maigums ziedu grozs ar roz\u0113m un orhidej\u0101m","og_description":"Izsmalcin\u0101ts roz\u0101 maigums ziedu grozs ar roz\u0113m, orhidej\u0101m un svaigu za\u013cumu. Gais\u012bga, romantiska d\u0101vana \u012bpa\u0161iem mirk\u013ciem un paties\u0101m j\u016bt\u0101m.","og_url":"https:\/\/ziedikarmena.lv\/en\/product\/roza-maigums-ziedu-grozs\/","og_site_name":"Ziedi un Pu\u0161\u0137i R\u012bg\u0101 \u2013 ZiediKarmena","article_publisher":"https:\/\/www.facebook.com\/ziedikarmena.lv\/","article_modified_time":"2026-03-05T20:18:19+00:00","og_image":[{"width":2560,"height":2560,"url":"https:\/\/ziedikarmena.lv\/wp-content\/uploads\/2026\/03\/Ziedu-puskis-69.webp","type":"image\/webp"}],"twitter_card":"summary_large_image","twitter_misc":{"Estimated reading time":"1 minute"},"schema":{"@context":"https:\/\/schema.org","@graph":[{"@type":"WebPage","@id":"https:\/\/ziedikarmena.lv\/product\/roza-maigums-ziedu-grozs\/","url":"https:\/\/ziedikarmena.lv\/product\/roza-maigums-ziedu-grozs\/","name":"Pink Tenderness Flower Basket with Roses &amp; Orchids","isPartOf":{"@id":"https:\/\/ziedikarmena.lv\/#website"},"primaryImageOfPage":{"@id":"https:\/\/ziedikarmena.lv\/product\/roza-maigums-ziedu-grozs\/#primaryimage"},"image":{"@id":"https:\/\/ziedikarmena.lv\/product\/roza-maigums-ziedu-grozs\/#primaryimage"},"thumbnailUrl":"https:\/\/ziedikarmena.lv\/wp-content\/uploads\/2026\/03\/Ziedu-puskis-69.webp","datePublished":"2026-03-05T20:09:00+00:00","dateModified":"2026-03-05T20:18:19+00:00","description":"Elegant pink flower basket featuring roses, delicate orchids, and fresh greenery. A light, romantic gift for special moments and sincere feelings.","breadcrumb":{"@id":"https:\/\/ziedikarmena.lv\/product\/roza-maigums-ziedu-grozs\/#breadcrumb"},"inLanguage":"en-GB","potentialAction":[{"@type":"ReadAction","target":["https:\/\/ziedikarmena.lv\/product\/roza-maigums-ziedu-grozs\/"]}]},{"@type":"ImageObject","inLanguage":"en-GB","@id":"https:\/\/ziedikarmena.lv\/product\/roza-maigums-ziedu-grozs\/#primaryimage","url":"https:\/\/ziedikarmena.lv\/wp-content\/uploads\/2026\/03\/Ziedu-puskis-69.webp","contentUrl":"https:\/\/ziedikarmena.lv\/wp-content\/uploads\/2026\/03\/Ziedu-puskis-69.webp","width":2560,"height":2560,"caption":"Roz\u0101 maigums ziedu groza"},{"@type":"BreadcrumbList","@id":"https:\/\/ziedikarmena.lv\/product\/roza-maigums-ziedu-grozs\/#breadcrumb","itemListElement":[{"@type":"ListItem","position":1,"name":"Home","item":"https:\/\/ziedikarmena.lv\/"},{"@type":"ListItem","position":2,"name":"Katalogs","item":"https:\/\/ziedikarmena.lv\/katalogs\/"},{"@type":"ListItem","position":3,"name":"Roz\u0101 maigums"}]},{"@type":"WebSite","@id":"https:\/\/ziedikarmena.lv\/#website","url":"https:\/\/ziedikarmena.lv\/","name":"Fast bouquets delivery in Riga - ZiediKarmena","description":"Bouquets will be delivered right on the date you specified! The best quality flowers only at ZiediKarmena!","publisher":{"@id":"https:\/\/ziedikarmena.lv\/#organization"},"potentialAction":[{"@type":"SearchAction","target":{"@type":"EntryPoint","urlTemplate":"https:\/\/ziedikarmena.lv\/?s={search_term_string}"},"query-input":{"@type":"PropertyValueSpecification","valueRequired":true,"valueName":"search_term_string"}}],"inLanguage":"en-GB"},{"@type":"Organization","@id":"https:\/\/ziedikarmena.lv\/#organization","name":"SIA \u201cSA EURO\u201d","url":"https:\/\/ziedikarmena.lv\/","logo":{"@type":"ImageObject","inLanguage":"en-GB","@id":"https:\/\/ziedikarmena.lv\/#\/schema\/logo\/image\/","url":"https:\/\/ziedikarmena.lv\/wp-content\/uploads\/2023\/04\/logo-new.svg","contentUrl":"https:\/\/ziedikarmena.lv\/wp-content\/uploads\/2023\/04\/logo-new.svg","width":182,"height":100,"caption":"SIA \u201cSA EURO\u201d"},"image":{"@id":"https:\/\/ziedikarmena.lv\/#\/schema\/logo\/image\/"},"sameAs":["https:\/\/www.facebook.com\/ziedikarmena.lv\/","https:\/\/www.instagram.com\/ziedikarmena.lv\/"]}]}},"_links":{"self":[{"href":"https:\/\/ziedikarmena.lv\/en\/wp-json\/wp\/v2\/product\/16811","targetHints":{"allow":["GET"]}}],"collection":[{"href":"https:\/\/ziedikarmena.lv\/en\/wp-json\/wp\/v2\/product"}],"about":[{"href":"https:\/\/ziedikarmena.lv\/en\/wp-json\/wp\/v2\/types\/product"}],"replies":[{"embeddable":true,"href":"https:\/\/ziedikarmena.lv\/en\/wp-json\/wp\/v2\/comments?post=16811"}],"version-history":[{"count":1,"href":"https:\/\/ziedikarmena.lv\/en\/wp-json\/wp\/v2\/product\/16811\/revisions"}],"predecessor-version":[{"id":16813,"href":"https:\/\/ziedikarmena.lv\/en\/wp-json\/wp\/v2\/product\/16811\/revisions\/16813"}],"wp:featuredmedia":[{"embeddable":true,"href":"https:\/\/ziedikarmena.lv\/en\/wp-json\/wp\/v2\/media\/16812"}],"wp:attachment":[{"href":"https:\/\/ziedikarmena.lv\/en\/wp-json\/wp\/v2\/media?parent=16811"}],"wp:term":[{"taxonomy":"product_brand","embeddable":true,"href":"https:\/\/ziedikarmena.lv\/en\/wp-json\/wp\/v2\/product_brand?post=16811"},{"taxonomy":"product_cat","embeddable":true,"href":"https:\/\/ziedikarmena.lv\/en\/wp-json\/wp\/v2\/product_cat?post=16811"},{"taxonomy":"product_tag","embeddable":true,"href":"https:\/\/ziedikarmena.lv\/en\/wp-json\/wp\/v2\/product_tag?post=16811"}],"curies":[{"name":"wp","href":"https:\/\/api.w.org\/{rel}","templated":true}]}}