{"id":16726,"date":"2026-02-12T18:59:46","date_gmt":"2026-02-12T18:59:46","guid":{"rendered":"https:\/\/ziedikarmena.lv\/?post_type=product&#038;p=16726"},"modified":"2026-03-24T21:04:53","modified_gmt":"2026-03-24T21:04:53","slug":"klasiskas-jutas-puskis","status":"publish","type":"product","link":"https:\/\/ziedikarmena.lv\/en\/product\/klasiskas-jutas-puskis\/","title":{"rendered":"Classic of Feelings bouquet"},"content":{"rendered":"<p class=\"p1\">Classic of Feelings is an elegant bouquet where rich red roses blend harmoniously with delicate white lisianthus and fresh greenery. The contrast of tones highlights the depth of emotion and refined balance of the arrangement, making it an ideal choice for a special occasion.<\/p>","protected":false},"excerpt":{"rendered":"<p>The size of the bouquet and the number of flowers in it depends on the size of the chosen bouquet.<\/p>","protected":false},"featured_media":16721,"comment_status":"open","ping_status":"closed","template":"","meta":[],"product_brand":[],"product_cat":[211,149],"product_tag":[],"class_list":{"0":"post-16726","1":"product","2":"type-product","3":"status-publish","4":"has-post-thumbnail","6":"product_cat-akcijas-un-atlaides","7":"product_cat-ziedu-puski","8":"tm-has-options","10":"first","11":"instock","12":"shipping-taxable","13":"purchasable","14":"product-type-simple"},"yoast_head":"<!-- This site is optimized with the Yoast SEO plugin v27.3 - https:\/\/yoast.com\/product\/yoast-seo-wordpress\/ -->\n<title>Klasiskas j\u016btas pu\u0161\u0137is \u2013 sarkanas rozes un balts lizantuss<\/title>\n<meta name=\"description\" content=\"Klasiskas j\u016btas pu\u0161\u0137is ar pies\u0101tin\u0101ti sarkan\u0101m roz\u0113m, maigu balto lizantusu un svaigu za\u013cumu. Ide\u0101ls \u012bpa\u0161am notikumam un sirsn\u012bgai d\u0101vanai.\" \/>\n<meta name=\"robots\" content=\"index, follow, max-snippet:-1, max-image-preview:large, max-video-preview:-1\" \/>\n<link rel=\"canonical\" href=\"https:\/\/ziedikarmena.lv\/en\/product\/klasiskas-jutas-puskis\/\" \/>\n<meta property=\"og:locale\" content=\"en_GB\" \/>\n<meta property=\"og:type\" content=\"article\" \/>\n<meta property=\"og:title\" content=\"Klasiskas j\u016btas pu\u0161\u0137is \u2013 sarkanas rozes un balts lizantuss\" \/>\n<meta property=\"og:description\" content=\"Klasiskas j\u016btas pu\u0161\u0137is ar pies\u0101tin\u0101ti sarkan\u0101m roz\u0113m, maigu balto lizantusu un svaigu za\u013cumu. Ide\u0101ls \u012bpa\u0161am notikumam un sirsn\u012bgai d\u0101vanai.\" \/>\n<meta property=\"og:url\" content=\"https:\/\/ziedikarmena.lv\/en\/product\/klasiskas-jutas-puskis\/\" \/>\n<meta property=\"og:site_name\" content=\"Ziedi un Pu\u0161\u0137i R\u012bg\u0101 \u2013 ZiediKarmena\" \/>\n<meta property=\"article:publisher\" content=\"https:\/\/www.facebook.com\/ziedikarmena.lv\/\" \/>\n<meta property=\"article:modified_time\" content=\"2026-03-24T21:04:53+00:00\" \/>\n<meta property=\"og:image\" content=\"https:\/\/ziedikarmena.lv\/wp-content\/uploads\/2026\/02\/Klasiskas-jutas.webp\" \/>\n\t<meta property=\"og:image:width\" content=\"2560\" \/>\n\t<meta property=\"og:image:height\" content=\"2560\" \/>\n\t<meta property=\"og:image:type\" content=\"image\/webp\" \/>\n<meta name=\"twitter:card\" content=\"summary_large_image\" \/>\n<meta name=\"twitter:label1\" content=\"Estimated reading time\" \/>\n\t<meta name=\"twitter:data1\" content=\"1 minute\" \/>\n<script type=\"application\/ld+json\" class=\"yoast-schema-graph\">{\"@context\":\"https:\\\/\\\/schema.org\",\"@graph\":[{\"@type\":\"WebPage\",\"@id\":\"https:\\\/\\\/ziedikarmena.lv\\\/product\\\/klasiskas-jutas-puskis\\\/\",\"url\":\"https:\\\/\\\/ziedikarmena.lv\\\/product\\\/klasiskas-jutas-puskis\\\/\",\"name\":\"Klasiskas j\u016btas pu\u0161\u0137is \u2013 sarkanas rozes un balts lizantuss\",\"isPartOf\":{\"@id\":\"https:\\\/\\\/ziedikarmena.lv\\\/#website\"},\"primaryImageOfPage\":{\"@id\":\"https:\\\/\\\/ziedikarmena.lv\\\/product\\\/klasiskas-jutas-puskis\\\/#primaryimage\"},\"image\":{\"@id\":\"https:\\\/\\\/ziedikarmena.lv\\\/product\\\/klasiskas-jutas-puskis\\\/#primaryimage\"},\"thumbnailUrl\":\"https:\\\/\\\/ziedikarmena.lv\\\/wp-content\\\/uploads\\\/2026\\\/02\\\/Klasiskas-jutas.webp\",\"datePublished\":\"2026-02-12T18:59:46+00:00\",\"dateModified\":\"2026-03-24T21:04:53+00:00\",\"description\":\"Klasiskas j\u016btas pu\u0161\u0137is ar pies\u0101tin\u0101ti sarkan\u0101m roz\u0113m, maigu balto lizantusu un svaigu za\u013cumu. Ide\u0101ls \u012bpa\u0161am notikumam un sirsn\u012bgai d\u0101vanai.\",\"breadcrumb\":{\"@id\":\"https:\\\/\\\/ziedikarmena.lv\\\/product\\\/klasiskas-jutas-puskis\\\/#breadcrumb\"},\"inLanguage\":\"en-GB\",\"potentialAction\":[{\"@type\":\"ReadAction\",\"target\":[\"https:\\\/\\\/ziedikarmena.lv\\\/product\\\/klasiskas-jutas-puskis\\\/\"]}]},{\"@type\":\"ImageObject\",\"inLanguage\":\"en-GB\",\"@id\":\"https:\\\/\\\/ziedikarmena.lv\\\/product\\\/klasiskas-jutas-puskis\\\/#primaryimage\",\"url\":\"https:\\\/\\\/ziedikarmena.lv\\\/wp-content\\\/uploads\\\/2026\\\/02\\\/Klasiskas-jutas.webp\",\"contentUrl\":\"https:\\\/\\\/ziedikarmena.lv\\\/wp-content\\\/uploads\\\/2026\\\/02\\\/Klasiskas-jutas.webp\",\"width\":2560,\"height\":2560,\"caption\":\"Klasiskas ju\u0304tas\"},{\"@type\":\"BreadcrumbList\",\"@id\":\"https:\\\/\\\/ziedikarmena.lv\\\/product\\\/klasiskas-jutas-puskis\\\/#breadcrumb\",\"itemListElement\":[{\"@type\":\"ListItem\",\"position\":1,\"name\":\"Home\",\"item\":\"https:\\\/\\\/ziedikarmena.lv\\\/\"},{\"@type\":\"ListItem\",\"position\":2,\"name\":\"Katalogs\",\"item\":\"https:\\\/\\\/ziedikarmena.lv\\\/katalogs\\\/\"},{\"@type\":\"ListItem\",\"position\":3,\"name\":\"Klasiskas j\u016btas pu\u0161\u0137is\"}]},{\"@type\":\"WebSite\",\"@id\":\"https:\\\/\\\/ziedikarmena.lv\\\/#website\",\"url\":\"https:\\\/\\\/ziedikarmena.lv\\\/\",\"name\":\"\u0100tra pu\u0161\u0137u pieg\u0101de R\u012bg\u0101 \u2013 ZiediKarmena\",\"description\":\"Pu\u0161\u0137i tiks pieg\u0101d\u0101ti tie\u0161i j\u016bsu nor\u0101d\u012btaj\u0101 datum\u0101! Lab\u0101k\u0101s kvalit\u0101tes ziedi tikai pie ZiediKarmena!\",\"publisher\":{\"@id\":\"https:\\\/\\\/ziedikarmena.lv\\\/#organization\"},\"potentialAction\":[{\"@type\":\"SearchAction\",\"target\":{\"@type\":\"EntryPoint\",\"urlTemplate\":\"https:\\\/\\\/ziedikarmena.lv\\\/?s={search_term_string}\"},\"query-input\":{\"@type\":\"PropertyValueSpecification\",\"valueRequired\":true,\"valueName\":\"search_term_string\"}}],\"inLanguage\":\"en-GB\"},{\"@type\":\"Organization\",\"@id\":\"https:\\\/\\\/ziedikarmena.lv\\\/#organization\",\"name\":\"SIA \u201cSA EURO\u201d\",\"url\":\"https:\\\/\\\/ziedikarmena.lv\\\/\",\"logo\":{\"@type\":\"ImageObject\",\"inLanguage\":\"en-GB\",\"@id\":\"https:\\\/\\\/ziedikarmena.lv\\\/#\\\/schema\\\/logo\\\/image\\\/\",\"url\":\"https:\\\/\\\/ziedikarmena.lv\\\/wp-content\\\/uploads\\\/2023\\\/04\\\/logo-new.svg\",\"contentUrl\":\"https:\\\/\\\/ziedikarmena.lv\\\/wp-content\\\/uploads\\\/2023\\\/04\\\/logo-new.svg\",\"width\":182,\"height\":100,\"caption\":\"SIA \u201cSA EURO\u201d\"},\"image\":{\"@id\":\"https:\\\/\\\/ziedikarmena.lv\\\/#\\\/schema\\\/logo\\\/image\\\/\"},\"sameAs\":[\"https:\\\/\\\/www.facebook.com\\\/ziedikarmena.lv\\\/\",\"https:\\\/\\\/www.instagram.com\\\/ziedikarmena.lv\\\/\"]}]}<\/script>\n<!-- \/ Yoast SEO plugin. -->","yoast_head_json":{"title":"Classic of Feelings Bouquet \u2013 Red Roses &amp; White Lisianthus","description":"An elegant bouquet of rich red roses, delicate white lisianthus, and fresh greenery. A refined choice for a special occasion and a heartfelt gift.","robots":{"index":"index","follow":"follow","max-snippet":"max-snippet:-1","max-image-preview":"max-image-preview:large","max-video-preview":"max-video-preview:-1"},"canonical":"https:\/\/ziedikarmena.lv\/en\/product\/klasiskas-jutas-puskis\/","og_locale":"en_GB","og_type":"article","og_title":"Klasiskas j\u016btas pu\u0161\u0137is \u2013 sarkanas rozes un balts lizantuss","og_description":"Klasiskas j\u016btas pu\u0161\u0137is ar pies\u0101tin\u0101ti sarkan\u0101m roz\u0113m, maigu balto lizantusu un svaigu za\u013cumu. Ide\u0101ls \u012bpa\u0161am notikumam un sirsn\u012bgai d\u0101vanai.","og_url":"https:\/\/ziedikarmena.lv\/en\/product\/klasiskas-jutas-puskis\/","og_site_name":"Ziedi un Pu\u0161\u0137i R\u012bg\u0101 \u2013 ZiediKarmena","article_publisher":"https:\/\/www.facebook.com\/ziedikarmena.lv\/","article_modified_time":"2026-03-24T21:04:53+00:00","og_image":[{"width":2560,"height":2560,"url":"https:\/\/ziedikarmena.lv\/wp-content\/uploads\/2026\/02\/Klasiskas-jutas.webp","type":"image\/webp"}],"twitter_card":"summary_large_image","twitter_misc":{"Estimated reading time":"1 minute"},"schema":{"@context":"https:\/\/schema.org","@graph":[{"@type":"WebPage","@id":"https:\/\/ziedikarmena.lv\/product\/klasiskas-jutas-puskis\/","url":"https:\/\/ziedikarmena.lv\/product\/klasiskas-jutas-puskis\/","name":"Classic of Feelings Bouquet \u2013 Red Roses &amp; White Lisianthus","isPartOf":{"@id":"https:\/\/ziedikarmena.lv\/#website"},"primaryImageOfPage":{"@id":"https:\/\/ziedikarmena.lv\/product\/klasiskas-jutas-puskis\/#primaryimage"},"image":{"@id":"https:\/\/ziedikarmena.lv\/product\/klasiskas-jutas-puskis\/#primaryimage"},"thumbnailUrl":"https:\/\/ziedikarmena.lv\/wp-content\/uploads\/2026\/02\/Klasiskas-jutas.webp","datePublished":"2026-02-12T18:59:46+00:00","dateModified":"2026-03-24T21:04:53+00:00","description":"An elegant bouquet of rich red roses, delicate white lisianthus, and fresh greenery. A refined choice for a special occasion and a heartfelt gift.","breadcrumb":{"@id":"https:\/\/ziedikarmena.lv\/product\/klasiskas-jutas-puskis\/#breadcrumb"},"inLanguage":"en-GB","potentialAction":[{"@type":"ReadAction","target":["https:\/\/ziedikarmena.lv\/product\/klasiskas-jutas-puskis\/"]}]},{"@type":"ImageObject","inLanguage":"en-GB","@id":"https:\/\/ziedikarmena.lv\/product\/klasiskas-jutas-puskis\/#primaryimage","url":"https:\/\/ziedikarmena.lv\/wp-content\/uploads\/2026\/02\/Klasiskas-jutas.webp","contentUrl":"https:\/\/ziedikarmena.lv\/wp-content\/uploads\/2026\/02\/Klasiskas-jutas.webp","width":2560,"height":2560,"caption":"Klasiskas ju\u0304tas"},{"@type":"BreadcrumbList","@id":"https:\/\/ziedikarmena.lv\/product\/klasiskas-jutas-puskis\/#breadcrumb","itemListElement":[{"@type":"ListItem","position":1,"name":"Home","item":"https:\/\/ziedikarmena.lv\/"},{"@type":"ListItem","position":2,"name":"Katalogs","item":"https:\/\/ziedikarmena.lv\/katalogs\/"},{"@type":"ListItem","position":3,"name":"Klasiskas j\u016btas pu\u0161\u0137is"}]},{"@type":"WebSite","@id":"https:\/\/ziedikarmena.lv\/#website","url":"https:\/\/ziedikarmena.lv\/","name":"Fast bouquets delivery in Riga - ZiediKarmena","description":"Bouquets will be delivered right on the date you specified! The best quality flowers only at ZiediKarmena!","publisher":{"@id":"https:\/\/ziedikarmena.lv\/#organization"},"potentialAction":[{"@type":"SearchAction","target":{"@type":"EntryPoint","urlTemplate":"https:\/\/ziedikarmena.lv\/?s={search_term_string}"},"query-input":{"@type":"PropertyValueSpecification","valueRequired":true,"valueName":"search_term_string"}}],"inLanguage":"en-GB"},{"@type":"Organization","@id":"https:\/\/ziedikarmena.lv\/#organization","name":"SIA \u201cSA EURO\u201d","url":"https:\/\/ziedikarmena.lv\/","logo":{"@type":"ImageObject","inLanguage":"en-GB","@id":"https:\/\/ziedikarmena.lv\/#\/schema\/logo\/image\/","url":"https:\/\/ziedikarmena.lv\/wp-content\/uploads\/2023\/04\/logo-new.svg","contentUrl":"https:\/\/ziedikarmena.lv\/wp-content\/uploads\/2023\/04\/logo-new.svg","width":182,"height":100,"caption":"SIA \u201cSA EURO\u201d"},"image":{"@id":"https:\/\/ziedikarmena.lv\/#\/schema\/logo\/image\/"},"sameAs":["https:\/\/www.facebook.com\/ziedikarmena.lv\/","https:\/\/www.instagram.com\/ziedikarmena.lv\/"]}]}},"_links":{"self":[{"href":"https:\/\/ziedikarmena.lv\/en\/wp-json\/wp\/v2\/product\/16726","targetHints":{"allow":["GET"]}}],"collection":[{"href":"https:\/\/ziedikarmena.lv\/en\/wp-json\/wp\/v2\/product"}],"about":[{"href":"https:\/\/ziedikarmena.lv\/en\/wp-json\/wp\/v2\/types\/product"}],"replies":[{"embeddable":true,"href":"https:\/\/ziedikarmena.lv\/en\/wp-json\/wp\/v2\/comments?post=16726"}],"version-history":[{"count":1,"href":"https:\/\/ziedikarmena.lv\/en\/wp-json\/wp\/v2\/product\/16726\/revisions"}],"predecessor-version":[{"id":16727,"href":"https:\/\/ziedikarmena.lv\/en\/wp-json\/wp\/v2\/product\/16726\/revisions\/16727"}],"wp:featuredmedia":[{"embeddable":true,"href":"https:\/\/ziedikarmena.lv\/en\/wp-json\/wp\/v2\/media\/16721"}],"wp:attachment":[{"href":"https:\/\/ziedikarmena.lv\/en\/wp-json\/wp\/v2\/media?parent=16726"}],"wp:term":[{"taxonomy":"product_brand","embeddable":true,"href":"https:\/\/ziedikarmena.lv\/en\/wp-json\/wp\/v2\/product_brand?post=16726"},{"taxonomy":"product_cat","embeddable":true,"href":"https:\/\/ziedikarmena.lv\/en\/wp-json\/wp\/v2\/product_cat?post=16726"},{"taxonomy":"product_tag","embeddable":true,"href":"https:\/\/ziedikarmena.lv\/en\/wp-json\/wp\/v2\/product_tag?post=16726"}],"curies":[{"name":"wp","href":"https:\/\/api.w.org\/{rel}","templated":true}]}}