{"id":16505,"date":"2025-12-01T08:22:56","date_gmt":"2025-12-01T08:22:56","guid":{"rendered":"https:\/\/ziedikarmena.lv\/?post_type=product&#038;p=16505"},"modified":"2026-03-31T18:43:16","modified_gmt":"2026-03-31T18:43:16","slug":"sarkanas-rozes-60-cm-101-gb","status":"publish","type":"product","link":"https:\/\/ziedikarmena.lv\/en\/product\/sarkanas-rozes-60-cm-101-gb\/","title":{"rendered":"Sarkanas Rozes 60 cm 101 gb."},"content":{"rendered":"<blockquote><p>&nbsp;<\/p><\/blockquote>","protected":false},"excerpt":{"rendered":"<p>&nbsp;<\/p>","protected":false},"featured_media":11362,"comment_status":"open","ping_status":"closed","template":"","meta":[],"product_brand":[],"product_cat":[211,152],"product_tag":[],"class_list":{"0":"post-16505","1":"product","2":"type-product","3":"status-publish","4":"has-post-thumbnail","6":"product_cat-akcijas-un-atlaides","7":"product_cat-rozes","8":"tm-has-options","10":"first","11":"instock","12":"sale","13":"shipping-taxable","14":"purchasable","15":"product-type-simple"},"yoast_head":"<!-- This site is optimized with the Yoast SEO plugin v27.2 - https:\/\/yoast.com\/product\/yoast-seo-wordpress\/ -->\n<title>Sarkanas Rozes 60 cm 101 gb. - ZiediKarmena<\/title>\n<meta name=\"description\" content=\"Ziedu pieg\u0101de R\u012bg\u0101. Lab\u0101k\u0101s kvalit\u0101tes ziedi un pu\u0161\u0137i R\u012bg\u0101. Padariet katru dienu priec\u012bg\u0101ku ar m\u016bsu skaistajiem pu\u0161\u0137iem un ziediem! Sarkanas Rozes 60 cm\" \/>\n<meta name=\"robots\" content=\"index, follow, max-snippet:-1, max-image-preview:large, max-video-preview:-1\" \/>\n<link rel=\"canonical\" href=\"https:\/\/ziedikarmena.lv\/en\/product\/sarkanas-rozes-60-cm-101-gb\/\" \/>\n<meta property=\"og:locale\" content=\"en_GB\" \/>\n<meta property=\"og:type\" content=\"article\" \/>\n<meta property=\"og:title\" content=\"Sarkanas Rozes 60 cm 101 gb. - ZiediKarmena\" \/>\n<meta property=\"og:description\" content=\"Ziedu pieg\u0101de R\u012bg\u0101. Lab\u0101k\u0101s kvalit\u0101tes ziedi un pu\u0161\u0137i R\u012bg\u0101. Padariet katru dienu priec\u012bg\u0101ku ar m\u016bsu skaistajiem pu\u0161\u0137iem un ziediem! Sarkanas Rozes 60 cm\" \/>\n<meta property=\"og:url\" content=\"https:\/\/ziedikarmena.lv\/en\/product\/sarkanas-rozes-60-cm-101-gb\/\" \/>\n<meta property=\"og:site_name\" content=\"Ziedi un Pu\u0161\u0137i R\u012bg\u0101 \u2013 ZiediKarmena\" \/>\n<meta property=\"article:publisher\" content=\"https:\/\/www.facebook.com\/ziedikarmena.lv\/\" \/>\n<meta property=\"article:modified_time\" content=\"2026-03-31T18:43:16+00:00\" \/>\n<meta property=\"og:image\" content=\"https:\/\/ziedikarmena.lv\/wp-content\/uploads\/2023\/04\/buketi046.jpg\" \/>\n\t<meta property=\"og:image:width\" content=\"1000\" \/>\n\t<meta property=\"og:image:height\" content=\"1000\" \/>\n\t<meta property=\"og:image:type\" content=\"image\/jpeg\" \/>\n<meta name=\"twitter:card\" content=\"summary_large_image\" \/>\n<meta name=\"twitter:label1\" content=\"Estimated reading time\" \/>\n\t<meta name=\"twitter:data1\" content=\"1 minute\" \/>\n<script type=\"application\/ld+json\" class=\"yoast-schema-graph\">{\"@context\":\"https:\/\/schema.org\",\"@graph\":[{\"@type\":\"WebPage\",\"@id\":\"https:\/\/ziedikarmena.lv\/product\/sarkanas-rozes-60-cm-101-gb\/\",\"url\":\"https:\/\/ziedikarmena.lv\/product\/sarkanas-rozes-60-cm-101-gb\/\",\"name\":\"Sarkanas Rozes 60 cm 101 gb. - ZiediKarmena\",\"isPartOf\":{\"@id\":\"https:\/\/ziedikarmena.lv\/#website\"},\"primaryImageOfPage\":{\"@id\":\"https:\/\/ziedikarmena.lv\/product\/sarkanas-rozes-60-cm-101-gb\/#primaryimage\"},\"image\":{\"@id\":\"https:\/\/ziedikarmena.lv\/product\/sarkanas-rozes-60-cm-101-gb\/#primaryimage\"},\"thumbnailUrl\":\"https:\/\/ziedikarmena.lv\/wp-content\/uploads\/2023\/04\/buketi046.jpg\",\"datePublished\":\"2025-12-01T08:22:56+00:00\",\"dateModified\":\"2026-03-31T18:43:16+00:00\",\"description\":\"Ziedu pieg\u0101de R\u012bg\u0101. Lab\u0101k\u0101s kvalit\u0101tes ziedi un pu\u0161\u0137i R\u012bg\u0101. Padariet katru dienu priec\u012bg\u0101ku ar m\u016bsu skaistajiem pu\u0161\u0137iem un ziediem! Sarkanas Rozes 60 cm\",\"breadcrumb\":{\"@id\":\"https:\/\/ziedikarmena.lv\/product\/sarkanas-rozes-60-cm-101-gb\/#breadcrumb\"},\"inLanguage\":\"en-GB\",\"potentialAction\":[{\"@type\":\"ReadAction\",\"target\":[\"https:\/\/ziedikarmena.lv\/product\/sarkanas-rozes-60-cm-101-gb\/\"]}]},{\"@type\":\"ImageObject\",\"inLanguage\":\"en-GB\",\"@id\":\"https:\/\/ziedikarmena.lv\/product\/sarkanas-rozes-60-cm-101-gb\/#primaryimage\",\"url\":\"https:\/\/ziedikarmena.lv\/wp-content\/uploads\/2023\/04\/buketi046.jpg\",\"contentUrl\":\"https:\/\/ziedikarmena.lv\/wp-content\/uploads\/2023\/04\/buketi046.jpg\",\"width\":1000,\"height\":1000,\"caption\":\"Sarkanas Rozes 70 cm 101 gb.\"},{\"@type\":\"BreadcrumbList\",\"@id\":\"https:\/\/ziedikarmena.lv\/product\/sarkanas-rozes-60-cm-101-gb\/#breadcrumb\",\"itemListElement\":[{\"@type\":\"ListItem\",\"position\":1,\"name\":\"Home\",\"item\":\"https:\/\/ziedikarmena.lv\/\"},{\"@type\":\"ListItem\",\"position\":2,\"name\":\"Katalogs\",\"item\":\"https:\/\/ziedikarmena.lv\/katalogs\/\"},{\"@type\":\"ListItem\",\"position\":3,\"name\":\"Sarkanas Rozes 60 cm 101 gb.\"}]},{\"@type\":\"WebSite\",\"@id\":\"https:\/\/ziedikarmena.lv\/#website\",\"url\":\"https:\/\/ziedikarmena.lv\/\",\"name\":\"\u0100tra pu\u0161\u0137u pieg\u0101de R\u012bg\u0101 \u2013 ZiediKarmena\",\"description\":\"Pu\u0161\u0137i tiks pieg\u0101d\u0101ti tie\u0161i j\u016bsu nor\u0101d\u012btaj\u0101 datum\u0101! Lab\u0101k\u0101s kvalit\u0101tes ziedi tikai pie ZiediKarmena!\",\"publisher\":{\"@id\":\"https:\/\/ziedikarmena.lv\/#organization\"},\"potentialAction\":[{\"@type\":\"SearchAction\",\"target\":{\"@type\":\"EntryPoint\",\"urlTemplate\":\"https:\/\/ziedikarmena.lv\/?s={search_term_string}\"},\"query-input\":{\"@type\":\"PropertyValueSpecification\",\"valueRequired\":true,\"valueName\":\"search_term_string\"}}],\"inLanguage\":\"en-GB\"},{\"@type\":\"Organization\",\"@id\":\"https:\/\/ziedikarmena.lv\/#organization\",\"name\":\"SIA \u201cSA EURO\u201d\",\"url\":\"https:\/\/ziedikarmena.lv\/\",\"logo\":{\"@type\":\"ImageObject\",\"inLanguage\":\"en-GB\",\"@id\":\"https:\/\/ziedikarmena.lv\/#\/schema\/logo\/image\/\",\"url\":\"https:\/\/ziedikarmena.lv\/wp-content\/uploads\/2023\/04\/logo-new.svg\",\"contentUrl\":\"https:\/\/ziedikarmena.lv\/wp-content\/uploads\/2023\/04\/logo-new.svg\",\"width\":182,\"height\":100,\"caption\":\"SIA \u201cSA EURO\u201d\"},\"image\":{\"@id\":\"https:\/\/ziedikarmena.lv\/#\/schema\/logo\/image\/\"},\"sameAs\":[\"https:\/\/www.facebook.com\/ziedikarmena.lv\/\",\"https:\/\/www.instagram.com\/ziedikarmena.lv\/\"]}]}<\/script>\n<!-- \/ Yoast SEO plugin. -->","yoast_head_json":{"title":"Sarkanas Rozes 60 cm 101 gb. - ZiediKarmena","description":"Flower delivery in Riga. Best quality flowers and bouquets in Riga. Make every day happier with our beautiful bouquets and flowers! Red Roses 60 cm","robots":{"index":"index","follow":"follow","max-snippet":"max-snippet:-1","max-image-preview":"max-image-preview:large","max-video-preview":"max-video-preview:-1"},"canonical":"https:\/\/ziedikarmena.lv\/en\/product\/sarkanas-rozes-60-cm-101-gb\/","og_locale":"en_GB","og_type":"article","og_title":"Sarkanas Rozes 60 cm 101 gb. - ZiediKarmena","og_description":"Ziedu pieg\u0101de R\u012bg\u0101. Lab\u0101k\u0101s kvalit\u0101tes ziedi un pu\u0161\u0137i R\u012bg\u0101. Padariet katru dienu priec\u012bg\u0101ku ar m\u016bsu skaistajiem pu\u0161\u0137iem un ziediem! Sarkanas Rozes 60 cm","og_url":"https:\/\/ziedikarmena.lv\/en\/product\/sarkanas-rozes-60-cm-101-gb\/","og_site_name":"Ziedi un Pu\u0161\u0137i R\u012bg\u0101 \u2013 ZiediKarmena","article_publisher":"https:\/\/www.facebook.com\/ziedikarmena.lv\/","article_modified_time":"2026-03-31T18:43:16+00:00","og_image":[{"width":1000,"height":1000,"url":"https:\/\/ziedikarmena.lv\/wp-content\/uploads\/2023\/04\/buketi046.jpg","type":"image\/jpeg"}],"twitter_card":"summary_large_image","twitter_misc":{"Estimated reading time":"1 minute"},"schema":{"@context":"https:\/\/schema.org","@graph":[{"@type":"WebPage","@id":"https:\/\/ziedikarmena.lv\/product\/sarkanas-rozes-60-cm-101-gb\/","url":"https:\/\/ziedikarmena.lv\/product\/sarkanas-rozes-60-cm-101-gb\/","name":"Sarkanas Rozes 60 cm 101 gb. - ZiediKarmena","isPartOf":{"@id":"https:\/\/ziedikarmena.lv\/#website"},"primaryImageOfPage":{"@id":"https:\/\/ziedikarmena.lv\/product\/sarkanas-rozes-60-cm-101-gb\/#primaryimage"},"image":{"@id":"https:\/\/ziedikarmena.lv\/product\/sarkanas-rozes-60-cm-101-gb\/#primaryimage"},"thumbnailUrl":"https:\/\/ziedikarmena.lv\/wp-content\/uploads\/2023\/04\/buketi046.jpg","datePublished":"2025-12-01T08:22:56+00:00","dateModified":"2026-03-31T18:43:16+00:00","description":"Flower delivery in Riga. Best quality flowers and bouquets in Riga. Make every day happier with our beautiful bouquets and flowers! Red Roses 60 cm","breadcrumb":{"@id":"https:\/\/ziedikarmena.lv\/product\/sarkanas-rozes-60-cm-101-gb\/#breadcrumb"},"inLanguage":"en-GB","potentialAction":[{"@type":"ReadAction","target":["https:\/\/ziedikarmena.lv\/product\/sarkanas-rozes-60-cm-101-gb\/"]}]},{"@type":"ImageObject","inLanguage":"en-GB","@id":"https:\/\/ziedikarmena.lv\/product\/sarkanas-rozes-60-cm-101-gb\/#primaryimage","url":"https:\/\/ziedikarmena.lv\/wp-content\/uploads\/2023\/04\/buketi046.jpg","contentUrl":"https:\/\/ziedikarmena.lv\/wp-content\/uploads\/2023\/04\/buketi046.jpg","width":1000,"height":1000,"caption":"Sarkanas Rozes 70 cm 101 gb."},{"@type":"BreadcrumbList","@id":"https:\/\/ziedikarmena.lv\/product\/sarkanas-rozes-60-cm-101-gb\/#breadcrumb","itemListElement":[{"@type":"ListItem","position":1,"name":"Home","item":"https:\/\/ziedikarmena.lv\/"},{"@type":"ListItem","position":2,"name":"Katalogs","item":"https:\/\/ziedikarmena.lv\/katalogs\/"},{"@type":"ListItem","position":3,"name":"Sarkanas Rozes 60 cm 101 gb."}]},{"@type":"WebSite","@id":"https:\/\/ziedikarmena.lv\/#website","url":"https:\/\/ziedikarmena.lv\/","name":"Fast bouquets delivery in Riga - ZiediKarmena","description":"Bouquets will be delivered right on the date you specified! The best quality flowers only at ZiediKarmena!","publisher":{"@id":"https:\/\/ziedikarmena.lv\/#organization"},"potentialAction":[{"@type":"SearchAction","target":{"@type":"EntryPoint","urlTemplate":"https:\/\/ziedikarmena.lv\/?s={search_term_string}"},"query-input":{"@type":"PropertyValueSpecification","valueRequired":true,"valueName":"search_term_string"}}],"inLanguage":"en-GB"},{"@type":"Organization","@id":"https:\/\/ziedikarmena.lv\/#organization","name":"SIA \u201cSA EURO\u201d","url":"https:\/\/ziedikarmena.lv\/","logo":{"@type":"ImageObject","inLanguage":"en-GB","@id":"https:\/\/ziedikarmena.lv\/#\/schema\/logo\/image\/","url":"https:\/\/ziedikarmena.lv\/wp-content\/uploads\/2023\/04\/logo-new.svg","contentUrl":"https:\/\/ziedikarmena.lv\/wp-content\/uploads\/2023\/04\/logo-new.svg","width":182,"height":100,"caption":"SIA \u201cSA EURO\u201d"},"image":{"@id":"https:\/\/ziedikarmena.lv\/#\/schema\/logo\/image\/"},"sameAs":["https:\/\/www.facebook.com\/ziedikarmena.lv\/","https:\/\/www.instagram.com\/ziedikarmena.lv\/"]}]}},"_links":{"self":[{"href":"https:\/\/ziedikarmena.lv\/en\/wp-json\/wp\/v2\/product\/16505","targetHints":{"allow":["GET"]}}],"collection":[{"href":"https:\/\/ziedikarmena.lv\/en\/wp-json\/wp\/v2\/product"}],"about":[{"href":"https:\/\/ziedikarmena.lv\/en\/wp-json\/wp\/v2\/types\/product"}],"replies":[{"embeddable":true,"href":"https:\/\/ziedikarmena.lv\/en\/wp-json\/wp\/v2\/comments?post=16505"}],"version-history":[{"count":3,"href":"https:\/\/ziedikarmena.lv\/en\/wp-json\/wp\/v2\/product\/16505\/revisions"}],"predecessor-version":[{"id":16754,"href":"https:\/\/ziedikarmena.lv\/en\/wp-json\/wp\/v2\/product\/16505\/revisions\/16754"}],"wp:featuredmedia":[{"embeddable":true,"href":"https:\/\/ziedikarmena.lv\/en\/wp-json\/wp\/v2\/media\/11362"}],"wp:attachment":[{"href":"https:\/\/ziedikarmena.lv\/en\/wp-json\/wp\/v2\/media?parent=16505"}],"wp:term":[{"taxonomy":"product_brand","embeddable":true,"href":"https:\/\/ziedikarmena.lv\/en\/wp-json\/wp\/v2\/product_brand?post=16505"},{"taxonomy":"product_cat","embeddable":true,"href":"https:\/\/ziedikarmena.lv\/en\/wp-json\/wp\/v2\/product_cat?post=16505"},{"taxonomy":"product_tag","embeddable":true,"href":"https:\/\/ziedikarmena.lv\/en\/wp-json\/wp\/v2\/product_tag?post=16505"}],"curies":[{"name":"wp","href":"https:\/\/api.w.org\/{rel}","templated":true}]}}