{"id":16383,"date":"2025-10-05T20:53:20","date_gmt":"2025-10-05T20:53:20","guid":{"rendered":"https:\/\/ziedikarmena.lv\/?post_type=product&#038;p=16383"},"modified":"2026-03-16T14:53:31","modified_gmt":"2026-03-16T14:53:31","slug":"elegances-kontrasts","status":"publish","type":"product","link":"https:\/\/ziedikarmena.lv\/en\/product\/elegances-kontrasts\/","title":{"rendered":"Elegance Contrast"},"content":{"rendered":"<p>An elegant combination of red roses, white orchids, lilies, and greenery arranged in a stylish box. The composition looks refined and sophisticated, making it a perfect gift for both loved ones and business partners.<\/p>","protected":false},"excerpt":{"rendered":"<p>The size of the bouquet and the number of flowers in it depends on the size of the chosen bouquet.<\/p>","protected":false},"featured_media":16386,"comment_status":"open","ping_status":"closed","template":"","meta":[],"product_brand":[],"product_cat":[211,20],"product_tag":[],"class_list":{"0":"post-16383","1":"product","2":"type-product","3":"status-publish","4":"has-post-thumbnail","6":"product_cat-akcijas-un-atlaides","7":"product_cat-ziedu-karbas","8":"tm-has-options","10":"first","11":"instock","12":"shipping-taxable","13":"purchasable","14":"product-type-simple"},"yoast_head":"<!-- This site is optimized with the Yoast SEO plugin v27.3 - https:\/\/yoast.com\/product\/yoast-seo-wordpress\/ -->\n<title>Elegances kontrasts - Ziedu Pu\u0161\u0137is - ZiediKarmena.lv<\/title>\n<meta name=\"description\" content=\"Eleganta sarkano ro\u017eu, balt\u0101s orhidejas, liliju un za\u013cumu kombin\u0101cija stil\u012bg\u0101 kast\u012bt\u0113. Kompoz\u012bcija izskat\u0101s stingri un izsmalcin\u0101ti.\" \/>\n<meta name=\"robots\" content=\"index, follow, max-snippet:-1, max-image-preview:large, max-video-preview:-1\" \/>\n<link rel=\"canonical\" href=\"https:\/\/ziedikarmena.lv\/en\/product\/elegances-kontrasts\/\" \/>\n<meta property=\"og:locale\" content=\"en_GB\" \/>\n<meta property=\"og:type\" content=\"article\" \/>\n<meta property=\"og:title\" content=\"Elegances kontrasts - Ziedu Pu\u0161\u0137is - ZiediKarmena.lv\" \/>\n<meta property=\"og:description\" content=\"Eleganta sarkano ro\u017eu, balt\u0101s orhidejas, liliju un za\u013cumu kombin\u0101cija stil\u012bg\u0101 kast\u012bt\u0113. Kompoz\u012bcija izskat\u0101s stingri un izsmalcin\u0101ti.\" \/>\n<meta property=\"og:url\" content=\"https:\/\/ziedikarmena.lv\/en\/product\/elegances-kontrasts\/\" \/>\n<meta property=\"og:site_name\" content=\"Ziedi un Pu\u0161\u0137i R\u012bg\u0101 \u2013 ZiediKarmena\" \/>\n<meta property=\"article:publisher\" content=\"https:\/\/www.facebook.com\/ziedikarmena.lv\/\" \/>\n<meta property=\"article:modified_time\" content=\"2026-03-16T14:53:31+00:00\" \/>\n<meta property=\"og:image\" content=\"https:\/\/ziedikarmena.lv\/wp-content\/uploads\/2025\/10\/Elegances-kontrasts.webp\" \/>\n\t<meta property=\"og:image:width\" content=\"2560\" \/>\n\t<meta property=\"og:image:height\" content=\"2560\" \/>\n\t<meta property=\"og:image:type\" content=\"image\/webp\" \/>\n<meta name=\"twitter:card\" content=\"summary_large_image\" \/>\n<meta name=\"twitter:label1\" content=\"Estimated reading time\" \/>\n\t<meta name=\"twitter:data1\" content=\"1 minute\" \/>\n<script type=\"application\/ld+json\" class=\"yoast-schema-graph\">{\"@context\":\"https:\\\/\\\/schema.org\",\"@graph\":[{\"@type\":\"WebPage\",\"@id\":\"https:\\\/\\\/ziedikarmena.lv\\\/product\\\/elegances-kontrasts\\\/\",\"url\":\"https:\\\/\\\/ziedikarmena.lv\\\/product\\\/elegances-kontrasts\\\/\",\"name\":\"Elegances kontrasts - Ziedu Pu\u0161\u0137is - ZiediKarmena.lv\",\"isPartOf\":{\"@id\":\"https:\\\/\\\/ziedikarmena.lv\\\/#website\"},\"primaryImageOfPage\":{\"@id\":\"https:\\\/\\\/ziedikarmena.lv\\\/product\\\/elegances-kontrasts\\\/#primaryimage\"},\"image\":{\"@id\":\"https:\\\/\\\/ziedikarmena.lv\\\/product\\\/elegances-kontrasts\\\/#primaryimage\"},\"thumbnailUrl\":\"https:\\\/\\\/ziedikarmena.lv\\\/wp-content\\\/uploads\\\/2025\\\/10\\\/Elegances-kontrasts.webp\",\"datePublished\":\"2025-10-05T20:53:20+00:00\",\"dateModified\":\"2026-03-16T14:53:31+00:00\",\"description\":\"Eleganta sarkano ro\u017eu, balt\u0101s orhidejas, liliju un za\u013cumu kombin\u0101cija stil\u012bg\u0101 kast\u012bt\u0113. Kompoz\u012bcija izskat\u0101s stingri un izsmalcin\u0101ti.\",\"breadcrumb\":{\"@id\":\"https:\\\/\\\/ziedikarmena.lv\\\/product\\\/elegances-kontrasts\\\/#breadcrumb\"},\"inLanguage\":\"en-GB\",\"potentialAction\":[{\"@type\":\"ReadAction\",\"target\":[\"https:\\\/\\\/ziedikarmena.lv\\\/product\\\/elegances-kontrasts\\\/\"]}]},{\"@type\":\"ImageObject\",\"inLanguage\":\"en-GB\",\"@id\":\"https:\\\/\\\/ziedikarmena.lv\\\/product\\\/elegances-kontrasts\\\/#primaryimage\",\"url\":\"https:\\\/\\\/ziedikarmena.lv\\\/wp-content\\\/uploads\\\/2025\\\/10\\\/Elegances-kontrasts.webp\",\"contentUrl\":\"https:\\\/\\\/ziedikarmena.lv\\\/wp-content\\\/uploads\\\/2025\\\/10\\\/Elegances-kontrasts.webp\",\"width\":2560,\"height\":2560,\"caption\":\"Elegances kontrasts\"},{\"@type\":\"BreadcrumbList\",\"@id\":\"https:\\\/\\\/ziedikarmena.lv\\\/product\\\/elegances-kontrasts\\\/#breadcrumb\",\"itemListElement\":[{\"@type\":\"ListItem\",\"position\":1,\"name\":\"Home\",\"item\":\"https:\\\/\\\/ziedikarmena.lv\\\/\"},{\"@type\":\"ListItem\",\"position\":2,\"name\":\"Katalogs\",\"item\":\"https:\\\/\\\/ziedikarmena.lv\\\/katalogs\\\/\"},{\"@type\":\"ListItem\",\"position\":3,\"name\":\"Elegances kontrasts\"}]},{\"@type\":\"WebSite\",\"@id\":\"https:\\\/\\\/ziedikarmena.lv\\\/#website\",\"url\":\"https:\\\/\\\/ziedikarmena.lv\\\/\",\"name\":\"\u0100tra pu\u0161\u0137u pieg\u0101de R\u012bg\u0101 \u2013 ZiediKarmena\",\"description\":\"Pu\u0161\u0137i tiks pieg\u0101d\u0101ti tie\u0161i j\u016bsu nor\u0101d\u012btaj\u0101 datum\u0101! Lab\u0101k\u0101s kvalit\u0101tes ziedi tikai pie ZiediKarmena!\",\"publisher\":{\"@id\":\"https:\\\/\\\/ziedikarmena.lv\\\/#organization\"},\"potentialAction\":[{\"@type\":\"SearchAction\",\"target\":{\"@type\":\"EntryPoint\",\"urlTemplate\":\"https:\\\/\\\/ziedikarmena.lv\\\/?s={search_term_string}\"},\"query-input\":{\"@type\":\"PropertyValueSpecification\",\"valueRequired\":true,\"valueName\":\"search_term_string\"}}],\"inLanguage\":\"en-GB\"},{\"@type\":\"Organization\",\"@id\":\"https:\\\/\\\/ziedikarmena.lv\\\/#organization\",\"name\":\"SIA \u201cSA EURO\u201d\",\"url\":\"https:\\\/\\\/ziedikarmena.lv\\\/\",\"logo\":{\"@type\":\"ImageObject\",\"inLanguage\":\"en-GB\",\"@id\":\"https:\\\/\\\/ziedikarmena.lv\\\/#\\\/schema\\\/logo\\\/image\\\/\",\"url\":\"https:\\\/\\\/ziedikarmena.lv\\\/wp-content\\\/uploads\\\/2023\\\/04\\\/logo-new.svg\",\"contentUrl\":\"https:\\\/\\\/ziedikarmena.lv\\\/wp-content\\\/uploads\\\/2023\\\/04\\\/logo-new.svg\",\"width\":182,\"height\":100,\"caption\":\"SIA \u201cSA EURO\u201d\"},\"image\":{\"@id\":\"https:\\\/\\\/ziedikarmena.lv\\\/#\\\/schema\\\/logo\\\/image\\\/\"},\"sameAs\":[\"https:\\\/\\\/www.facebook.com\\\/ziedikarmena.lv\\\/\",\"https:\\\/\\\/www.instagram.com\\\/ziedikarmena.lv\\\/\"]}]}<\/script>\n<!-- \/ Yoast SEO plugin. -->","yoast_head_json":{"title":"Elegance Contrast - Flower Bouquet - ZiediKarmena.lv","description":"An elegant combination of red roses, white orchids, lilies, and greenery arranged in a stylish box. The composition looks refined and sophisticated.","robots":{"index":"index","follow":"follow","max-snippet":"max-snippet:-1","max-image-preview":"max-image-preview:large","max-video-preview":"max-video-preview:-1"},"canonical":"https:\/\/ziedikarmena.lv\/en\/product\/elegances-kontrasts\/","og_locale":"en_GB","og_type":"article","og_title":"Elegances kontrasts - Ziedu Pu\u0161\u0137is - ZiediKarmena.lv","og_description":"Eleganta sarkano ro\u017eu, balt\u0101s orhidejas, liliju un za\u013cumu kombin\u0101cija stil\u012bg\u0101 kast\u012bt\u0113. Kompoz\u012bcija izskat\u0101s stingri un izsmalcin\u0101ti.","og_url":"https:\/\/ziedikarmena.lv\/en\/product\/elegances-kontrasts\/","og_site_name":"Ziedi un Pu\u0161\u0137i R\u012bg\u0101 \u2013 ZiediKarmena","article_publisher":"https:\/\/www.facebook.com\/ziedikarmena.lv\/","article_modified_time":"2026-03-16T14:53:31+00:00","og_image":[{"width":2560,"height":2560,"url":"https:\/\/ziedikarmena.lv\/wp-content\/uploads\/2025\/10\/Elegances-kontrasts.webp","type":"image\/webp"}],"twitter_card":"summary_large_image","twitter_misc":{"Estimated reading time":"1 minute"},"schema":{"@context":"https:\/\/schema.org","@graph":[{"@type":"WebPage","@id":"https:\/\/ziedikarmena.lv\/product\/elegances-kontrasts\/","url":"https:\/\/ziedikarmena.lv\/product\/elegances-kontrasts\/","name":"Elegance Contrast - Flower Bouquet - ZiediKarmena.lv","isPartOf":{"@id":"https:\/\/ziedikarmena.lv\/#website"},"primaryImageOfPage":{"@id":"https:\/\/ziedikarmena.lv\/product\/elegances-kontrasts\/#primaryimage"},"image":{"@id":"https:\/\/ziedikarmena.lv\/product\/elegances-kontrasts\/#primaryimage"},"thumbnailUrl":"https:\/\/ziedikarmena.lv\/wp-content\/uploads\/2025\/10\/Elegances-kontrasts.webp","datePublished":"2025-10-05T20:53:20+00:00","dateModified":"2026-03-16T14:53:31+00:00","description":"An elegant combination of red roses, white orchids, lilies, and greenery arranged in a stylish box. The composition looks refined and sophisticated.","breadcrumb":{"@id":"https:\/\/ziedikarmena.lv\/product\/elegances-kontrasts\/#breadcrumb"},"inLanguage":"en-GB","potentialAction":[{"@type":"ReadAction","target":["https:\/\/ziedikarmena.lv\/product\/elegances-kontrasts\/"]}]},{"@type":"ImageObject","inLanguage":"en-GB","@id":"https:\/\/ziedikarmena.lv\/product\/elegances-kontrasts\/#primaryimage","url":"https:\/\/ziedikarmena.lv\/wp-content\/uploads\/2025\/10\/Elegances-kontrasts.webp","contentUrl":"https:\/\/ziedikarmena.lv\/wp-content\/uploads\/2025\/10\/Elegances-kontrasts.webp","width":2560,"height":2560,"caption":"Elegances kontrasts"},{"@type":"BreadcrumbList","@id":"https:\/\/ziedikarmena.lv\/product\/elegances-kontrasts\/#breadcrumb","itemListElement":[{"@type":"ListItem","position":1,"name":"Home","item":"https:\/\/ziedikarmena.lv\/"},{"@type":"ListItem","position":2,"name":"Katalogs","item":"https:\/\/ziedikarmena.lv\/katalogs\/"},{"@type":"ListItem","position":3,"name":"Elegances kontrasts"}]},{"@type":"WebSite","@id":"https:\/\/ziedikarmena.lv\/#website","url":"https:\/\/ziedikarmena.lv\/","name":"Fast bouquets delivery in Riga - ZiediKarmena","description":"Bouquets will be delivered right on the date you specified! The best quality flowers only at ZiediKarmena!","publisher":{"@id":"https:\/\/ziedikarmena.lv\/#organization"},"potentialAction":[{"@type":"SearchAction","target":{"@type":"EntryPoint","urlTemplate":"https:\/\/ziedikarmena.lv\/?s={search_term_string}"},"query-input":{"@type":"PropertyValueSpecification","valueRequired":true,"valueName":"search_term_string"}}],"inLanguage":"en-GB"},{"@type":"Organization","@id":"https:\/\/ziedikarmena.lv\/#organization","name":"SIA \u201cSA EURO\u201d","url":"https:\/\/ziedikarmena.lv\/","logo":{"@type":"ImageObject","inLanguage":"en-GB","@id":"https:\/\/ziedikarmena.lv\/#\/schema\/logo\/image\/","url":"https:\/\/ziedikarmena.lv\/wp-content\/uploads\/2023\/04\/logo-new.svg","contentUrl":"https:\/\/ziedikarmena.lv\/wp-content\/uploads\/2023\/04\/logo-new.svg","width":182,"height":100,"caption":"SIA \u201cSA EURO\u201d"},"image":{"@id":"https:\/\/ziedikarmena.lv\/#\/schema\/logo\/image\/"},"sameAs":["https:\/\/www.facebook.com\/ziedikarmena.lv\/","https:\/\/www.instagram.com\/ziedikarmena.lv\/"]}]}},"_links":{"self":[{"href":"https:\/\/ziedikarmena.lv\/en\/wp-json\/wp\/v2\/product\/16383","targetHints":{"allow":["GET"]}}],"collection":[{"href":"https:\/\/ziedikarmena.lv\/en\/wp-json\/wp\/v2\/product"}],"about":[{"href":"https:\/\/ziedikarmena.lv\/en\/wp-json\/wp\/v2\/types\/product"}],"replies":[{"embeddable":true,"href":"https:\/\/ziedikarmena.lv\/en\/wp-json\/wp\/v2\/comments?post=16383"}],"version-history":[{"count":1,"href":"https:\/\/ziedikarmena.lv\/en\/wp-json\/wp\/v2\/product\/16383\/revisions"}],"predecessor-version":[{"id":16870,"href":"https:\/\/ziedikarmena.lv\/en\/wp-json\/wp\/v2\/product\/16383\/revisions\/16870"}],"wp:featuredmedia":[{"embeddable":true,"href":"https:\/\/ziedikarmena.lv\/en\/wp-json\/wp\/v2\/media\/16386"}],"wp:attachment":[{"href":"https:\/\/ziedikarmena.lv\/en\/wp-json\/wp\/v2\/media?parent=16383"}],"wp:term":[{"taxonomy":"product_brand","embeddable":true,"href":"https:\/\/ziedikarmena.lv\/en\/wp-json\/wp\/v2\/product_brand?post=16383"},{"taxonomy":"product_cat","embeddable":true,"href":"https:\/\/ziedikarmena.lv\/en\/wp-json\/wp\/v2\/product_cat?post=16383"},{"taxonomy":"product_tag","embeddable":true,"href":"https:\/\/ziedikarmena.lv\/en\/wp-json\/wp\/v2\/product_tag?post=16383"}],"curies":[{"name":"wp","href":"https:\/\/api.w.org\/{rel}","templated":true}]}}