{"id":15828,"date":"2025-04-16T20:50:16","date_gmt":"2025-04-16T20:50:16","guid":{"rendered":"https:\/\/ziedikarmena.lv\/?post_type=product&#038;p=15828"},"modified":"2026-02-05T18:52:16","modified_gmt":"2026-02-05T18:52:16","slug":"roza-zefirs","status":"publish","type":"product","link":"https:\/\/ziedikarmena.lv\/en\/product\/roza-zefirs\/","title":{"rendered":"Pink\u00a0Zephyr"},"content":{"rendered":"<p>A blush\u2011pink helium balloon hovers over a hatbox filled with premium pink roses, white alstroemeria and dainty waxflower, creating the look of cotton\u2011candy clouds in bloom. Hand\u2011tied by expert florists, this airy bouquet radiates romance and comfort, making it the perfect gift for love confessions, anniversaries, baby\u2011girl celebrations or heartfelt congratulations.<\/p>","protected":false},"excerpt":{"rendered":"<p>The size of the bouquet and the number of flowers in it depends on the size of the chosen bouquet.<\/p>","protected":false},"featured_media":15820,"comment_status":"open","ping_status":"closed","template":"","meta":[],"product_brand":[],"product_cat":[233],"product_tag":[],"class_list":{"0":"post-15828","1":"product","2":"type-product","3":"status-publish","4":"has-post-thumbnail","6":"product_cat-ziedu-kompozicijas-ar-baloniem","7":"tm-has-options","9":"first","10":"instock","11":"shipping-taxable","12":"purchasable","13":"product-type-simple"},"yoast_head":"<!-- This site is optimized with the Yoast SEO plugin v27.2 - https:\/\/yoast.com\/product\/yoast-seo-wordpress\/ -->\n<title>Roz\u0101\u00a0zef\u012brs balona ziedu kompoz\u012bcija - ZiediKarmena<\/title>\n<meta name=\"description\" content=\"Roz\u0101\u00a0zef\u012brs balona ziedu kompoz\u012bcija ar roz\u0101 roz\u0113m, balt\u0101m alstrom\u0113rij\u0101m un smalkiem vaskziediem, radot cukurvates debesu iespaidu.\" \/>\n<meta name=\"robots\" content=\"index, follow, max-snippet:-1, max-image-preview:large, max-video-preview:-1\" \/>\n<link rel=\"canonical\" href=\"https:\/\/ziedikarmena.lv\/en\/product\/roza-zefirs\/\" \/>\n<meta property=\"og:locale\" content=\"en_GB\" \/>\n<meta property=\"og:type\" content=\"article\" \/>\n<meta property=\"og:title\" content=\"Roz\u0101\u00a0zef\u012brs balona ziedu kompoz\u012bcija - ZiediKarmena\" \/>\n<meta property=\"og:description\" content=\"Roz\u0101\u00a0zef\u012brs balona ziedu kompoz\u012bcija ar roz\u0101 roz\u0113m, balt\u0101m alstrom\u0113rij\u0101m un smalkiem vaskziediem, radot cukurvates debesu iespaidu.\" \/>\n<meta property=\"og:url\" content=\"https:\/\/ziedikarmena.lv\/en\/product\/roza-zefirs\/\" \/>\n<meta property=\"og:site_name\" content=\"Ziedi un Pu\u0161\u0137i R\u012bg\u0101 \u2013 ZiediKarmena\" \/>\n<meta property=\"article:publisher\" content=\"https:\/\/www.facebook.com\/ziedikarmena.lv\/\" \/>\n<meta property=\"article:modified_time\" content=\"2026-02-05T18:52:16+00:00\" \/>\n<meta property=\"og:image\" content=\"https:\/\/ziedikarmena.lv\/wp-content\/uploads\/2025\/04\/Ziedu-puskis-52.webp\" \/>\n\t<meta property=\"og:image:width\" content=\"2560\" \/>\n\t<meta property=\"og:image:height\" content=\"2560\" \/>\n\t<meta property=\"og:image:type\" content=\"image\/webp\" \/>\n<meta name=\"twitter:card\" content=\"summary_large_image\" \/>\n<meta name=\"twitter:label1\" content=\"Estimated reading time\" \/>\n\t<meta name=\"twitter:data1\" content=\"1 minute\" \/>\n<script type=\"application\/ld+json\" class=\"yoast-schema-graph\">{\"@context\":\"https:\/\/schema.org\",\"@graph\":[{\"@type\":\"WebPage\",\"@id\":\"https:\/\/ziedikarmena.lv\/product\/roza-zefirs\/\",\"url\":\"https:\/\/ziedikarmena.lv\/product\/roza-zefirs\/\",\"name\":\"Roz\u0101\u00a0zef\u012brs balona ziedu kompoz\u012bcija - ZiediKarmena\",\"isPartOf\":{\"@id\":\"https:\/\/ziedikarmena.lv\/#website\"},\"primaryImageOfPage\":{\"@id\":\"https:\/\/ziedikarmena.lv\/product\/roza-zefirs\/#primaryimage\"},\"image\":{\"@id\":\"https:\/\/ziedikarmena.lv\/product\/roza-zefirs\/#primaryimage\"},\"thumbnailUrl\":\"https:\/\/ziedikarmena.lv\/wp-content\/uploads\/2025\/04\/Ziedu-puskis-52.webp\",\"datePublished\":\"2025-04-16T20:50:16+00:00\",\"dateModified\":\"2026-02-05T18:52:16+00:00\",\"description\":\"Roz\u0101\u00a0zef\u012brs balona ziedu kompoz\u012bcija ar roz\u0101 roz\u0113m, balt\u0101m alstrom\u0113rij\u0101m un smalkiem vaskziediem, radot cukurvates debesu iespaidu.\",\"breadcrumb\":{\"@id\":\"https:\/\/ziedikarmena.lv\/product\/roza-zefirs\/#breadcrumb\"},\"inLanguage\":\"en-GB\",\"potentialAction\":[{\"@type\":\"ReadAction\",\"target\":[\"https:\/\/ziedikarmena.lv\/product\/roza-zefirs\/\"]}]},{\"@type\":\"ImageObject\",\"inLanguage\":\"en-GB\",\"@id\":\"https:\/\/ziedikarmena.lv\/product\/roza-zefirs\/#primaryimage\",\"url\":\"https:\/\/ziedikarmena.lv\/wp-content\/uploads\/2025\/04\/Ziedu-puskis-52.webp\",\"contentUrl\":\"https:\/\/ziedikarmena.lv\/wp-content\/uploads\/2025\/04\/Ziedu-puskis-52.webp\",\"width\":2560,\"height\":2560,\"caption\":\"Roz\u0101\u00a0zef\u012brs\"},{\"@type\":\"BreadcrumbList\",\"@id\":\"https:\/\/ziedikarmena.lv\/product\/roza-zefirs\/#breadcrumb\",\"itemListElement\":[{\"@type\":\"ListItem\",\"position\":1,\"name\":\"Home\",\"item\":\"https:\/\/ziedikarmena.lv\/\"},{\"@type\":\"ListItem\",\"position\":2,\"name\":\"Katalogs\",\"item\":\"https:\/\/ziedikarmena.lv\/katalogs\/\"},{\"@type\":\"ListItem\",\"position\":3,\"name\":\"Roz\u0101\u00a0zef\u012brs\"}]},{\"@type\":\"WebSite\",\"@id\":\"https:\/\/ziedikarmena.lv\/#website\",\"url\":\"https:\/\/ziedikarmena.lv\/\",\"name\":\"\u0100tra pu\u0161\u0137u pieg\u0101de R\u012bg\u0101 \u2013 ZiediKarmena\",\"description\":\"Pu\u0161\u0137i tiks pieg\u0101d\u0101ti tie\u0161i j\u016bsu nor\u0101d\u012btaj\u0101 datum\u0101! Lab\u0101k\u0101s kvalit\u0101tes ziedi tikai pie ZiediKarmena!\",\"publisher\":{\"@id\":\"https:\/\/ziedikarmena.lv\/#organization\"},\"potentialAction\":[{\"@type\":\"SearchAction\",\"target\":{\"@type\":\"EntryPoint\",\"urlTemplate\":\"https:\/\/ziedikarmena.lv\/?s={search_term_string}\"},\"query-input\":{\"@type\":\"PropertyValueSpecification\",\"valueRequired\":true,\"valueName\":\"search_term_string\"}}],\"inLanguage\":\"en-GB\"},{\"@type\":\"Organization\",\"@id\":\"https:\/\/ziedikarmena.lv\/#organization\",\"name\":\"SIA \u201cSA EURO\u201d\",\"url\":\"https:\/\/ziedikarmena.lv\/\",\"logo\":{\"@type\":\"ImageObject\",\"inLanguage\":\"en-GB\",\"@id\":\"https:\/\/ziedikarmena.lv\/#\/schema\/logo\/image\/\",\"url\":\"https:\/\/ziedikarmena.lv\/wp-content\/uploads\/2023\/04\/logo-new.svg\",\"contentUrl\":\"https:\/\/ziedikarmena.lv\/wp-content\/uploads\/2023\/04\/logo-new.svg\",\"width\":182,\"height\":100,\"caption\":\"SIA \u201cSA EURO\u201d\"},\"image\":{\"@id\":\"https:\/\/ziedikarmena.lv\/#\/schema\/logo\/image\/\"},\"sameAs\":[\"https:\/\/www.facebook.com\/ziedikarmena.lv\/\",\"https:\/\/www.instagram.com\/ziedikarmena.lv\/\"]}]}<\/script>\n<!-- \/ Yoast SEO plugin. -->","yoast_head_json":{"title":"Roz\u0101\u00a0zef\u012brs balona ziedu kompoz\u012bcija - ZiediKarmena","description":"Roz\u0101\u00a0zef\u012brs balona ziedu kompoz\u012bcija ar roz\u0101 roz\u0113m, balt\u0101m alstrom\u0113rij\u0101m un smalkiem vaskziediem, radot cukurvates debesu iespaidu.","robots":{"index":"index","follow":"follow","max-snippet":"max-snippet:-1","max-image-preview":"max-image-preview:large","max-video-preview":"max-video-preview:-1"},"canonical":"https:\/\/ziedikarmena.lv\/en\/product\/roza-zefirs\/","og_locale":"en_GB","og_type":"article","og_title":"Roz\u0101\u00a0zef\u012brs balona ziedu kompoz\u012bcija - ZiediKarmena","og_description":"Roz\u0101\u00a0zef\u012brs balona ziedu kompoz\u012bcija ar roz\u0101 roz\u0113m, balt\u0101m alstrom\u0113rij\u0101m un smalkiem vaskziediem, radot cukurvates debesu iespaidu.","og_url":"https:\/\/ziedikarmena.lv\/en\/product\/roza-zefirs\/","og_site_name":"Ziedi un Pu\u0161\u0137i R\u012bg\u0101 \u2013 ZiediKarmena","article_publisher":"https:\/\/www.facebook.com\/ziedikarmena.lv\/","article_modified_time":"2026-02-05T18:52:16+00:00","og_image":[{"width":2560,"height":2560,"url":"https:\/\/ziedikarmena.lv\/wp-content\/uploads\/2025\/04\/Ziedu-puskis-52.webp","type":"image\/webp"}],"twitter_card":"summary_large_image","twitter_misc":{"Estimated reading time":"1 minute"},"schema":{"@context":"https:\/\/schema.org","@graph":[{"@type":"WebPage","@id":"https:\/\/ziedikarmena.lv\/product\/roza-zefirs\/","url":"https:\/\/ziedikarmena.lv\/product\/roza-zefirs\/","name":"Roz\u0101\u00a0zef\u012brs balona ziedu kompoz\u012bcija - ZiediKarmena","isPartOf":{"@id":"https:\/\/ziedikarmena.lv\/#website"},"primaryImageOfPage":{"@id":"https:\/\/ziedikarmena.lv\/product\/roza-zefirs\/#primaryimage"},"image":{"@id":"https:\/\/ziedikarmena.lv\/product\/roza-zefirs\/#primaryimage"},"thumbnailUrl":"https:\/\/ziedikarmena.lv\/wp-content\/uploads\/2025\/04\/Ziedu-puskis-52.webp","datePublished":"2025-04-16T20:50:16+00:00","dateModified":"2026-02-05T18:52:16+00:00","description":"Roz\u0101\u00a0zef\u012brs balona ziedu kompoz\u012bcija ar roz\u0101 roz\u0113m, balt\u0101m alstrom\u0113rij\u0101m un smalkiem vaskziediem, radot cukurvates debesu iespaidu.","breadcrumb":{"@id":"https:\/\/ziedikarmena.lv\/product\/roza-zefirs\/#breadcrumb"},"inLanguage":"en-GB","potentialAction":[{"@type":"ReadAction","target":["https:\/\/ziedikarmena.lv\/product\/roza-zefirs\/"]}]},{"@type":"ImageObject","inLanguage":"en-GB","@id":"https:\/\/ziedikarmena.lv\/product\/roza-zefirs\/#primaryimage","url":"https:\/\/ziedikarmena.lv\/wp-content\/uploads\/2025\/04\/Ziedu-puskis-52.webp","contentUrl":"https:\/\/ziedikarmena.lv\/wp-content\/uploads\/2025\/04\/Ziedu-puskis-52.webp","width":2560,"height":2560,"caption":"Roz\u0101\u00a0zef\u012brs"},{"@type":"BreadcrumbList","@id":"https:\/\/ziedikarmena.lv\/product\/roza-zefirs\/#breadcrumb","itemListElement":[{"@type":"ListItem","position":1,"name":"Home","item":"https:\/\/ziedikarmena.lv\/"},{"@type":"ListItem","position":2,"name":"Katalogs","item":"https:\/\/ziedikarmena.lv\/katalogs\/"},{"@type":"ListItem","position":3,"name":"Roz\u0101\u00a0zef\u012brs"}]},{"@type":"WebSite","@id":"https:\/\/ziedikarmena.lv\/#website","url":"https:\/\/ziedikarmena.lv\/","name":"Fast bouquets delivery in Riga - ZiediKarmena","description":"Bouquets will be delivered right on the date you specified! The best quality flowers only at ZiediKarmena!","publisher":{"@id":"https:\/\/ziedikarmena.lv\/#organization"},"potentialAction":[{"@type":"SearchAction","target":{"@type":"EntryPoint","urlTemplate":"https:\/\/ziedikarmena.lv\/?s={search_term_string}"},"query-input":{"@type":"PropertyValueSpecification","valueRequired":true,"valueName":"search_term_string"}}],"inLanguage":"en-GB"},{"@type":"Organization","@id":"https:\/\/ziedikarmena.lv\/#organization","name":"SIA \u201cSA EURO\u201d","url":"https:\/\/ziedikarmena.lv\/","logo":{"@type":"ImageObject","inLanguage":"en-GB","@id":"https:\/\/ziedikarmena.lv\/#\/schema\/logo\/image\/","url":"https:\/\/ziedikarmena.lv\/wp-content\/uploads\/2023\/04\/logo-new.svg","contentUrl":"https:\/\/ziedikarmena.lv\/wp-content\/uploads\/2023\/04\/logo-new.svg","width":182,"height":100,"caption":"SIA \u201cSA EURO\u201d"},"image":{"@id":"https:\/\/ziedikarmena.lv\/#\/schema\/logo\/image\/"},"sameAs":["https:\/\/www.facebook.com\/ziedikarmena.lv\/","https:\/\/www.instagram.com\/ziedikarmena.lv\/"]}]}},"_links":{"self":[{"href":"https:\/\/ziedikarmena.lv\/en\/wp-json\/wp\/v2\/product\/15828","targetHints":{"allow":["GET"]}}],"collection":[{"href":"https:\/\/ziedikarmena.lv\/en\/wp-json\/wp\/v2\/product"}],"about":[{"href":"https:\/\/ziedikarmena.lv\/en\/wp-json\/wp\/v2\/types\/product"}],"replies":[{"embeddable":true,"href":"https:\/\/ziedikarmena.lv\/en\/wp-json\/wp\/v2\/comments?post=15828"}],"version-history":[{"count":1,"href":"https:\/\/ziedikarmena.lv\/en\/wp-json\/wp\/v2\/product\/15828\/revisions"}],"predecessor-version":[{"id":16686,"href":"https:\/\/ziedikarmena.lv\/en\/wp-json\/wp\/v2\/product\/15828\/revisions\/16686"}],"wp:featuredmedia":[{"embeddable":true,"href":"https:\/\/ziedikarmena.lv\/en\/wp-json\/wp\/v2\/media\/15820"}],"wp:attachment":[{"href":"https:\/\/ziedikarmena.lv\/en\/wp-json\/wp\/v2\/media?parent=15828"}],"wp:term":[{"taxonomy":"product_brand","embeddable":true,"href":"https:\/\/ziedikarmena.lv\/en\/wp-json\/wp\/v2\/product_brand?post=15828"},{"taxonomy":"product_cat","embeddable":true,"href":"https:\/\/ziedikarmena.lv\/en\/wp-json\/wp\/v2\/product_cat?post=15828"},{"taxonomy":"product_tag","embeddable":true,"href":"https:\/\/ziedikarmena.lv\/en\/wp-json\/wp\/v2\/product_tag?post=15828"}],"curies":[{"name":"wp","href":"https:\/\/api.w.org\/{rel}","templated":true}]}}