{"id":14909,"date":"2024-05-22T12:39:45","date_gmt":"2024-05-22T12:39:45","guid":{"rendered":"https:\/\/ziedikarmena.lv\/?post_type=product&#038;p=14909"},"modified":"2026-03-16T14:53:50","modified_gmt":"2026-03-16T14:53:50","slug":"cerinu-legenda","status":"publish","type":"product","link":"https:\/\/ziedikarmena.lv\/en\/product\/cerinu-legenda\/","title":{"rendered":"Purple Legend"},"content":{"rendered":"<p>\u201cPurple Legend\u201d is a sophisticated composition filled with mysterious beauty and sophistication. Purple orchids and freesias give the bouquet a mysterious charm and depth, and alstroemeria add bright accents and a play of colors. White chrysanthemum brings a note of freshness and tenderness to the composition, and statice brings an element of elegance and grace. The greenery complements the composition with its natural beauty, creating a sense of harmony and completeness. \u201cLilac Legend\u201d is a true work of art that envelops its recipient with magic and romance.<\/p>","protected":false},"excerpt":{"rendered":"<p>The size of the bouquet and the number of flowers in it depends on the size of the chosen bouquet.<\/p>","protected":false},"featured_media":14863,"comment_status":"open","ping_status":"closed","template":"","meta":[],"product_brand":[],"product_cat":[20],"product_tag":[],"class_list":{"0":"post-14909","1":"product","2":"type-product","3":"status-publish","4":"has-post-thumbnail","6":"product_cat-ziedu-karbas","7":"tm-has-options","9":"first","10":"instock","11":"shipping-taxable","12":"purchasable","13":"product-type-simple"},"yoast_head":"<!-- This site is optimized with the Yoast SEO plugin v27.3 - https:\/\/yoast.com\/product\/yoast-seo-wordpress\/ -->\n<title>Ceri\u0146u le\u0123enda - Ziedu Pu\u0161\u0137is - ZiediKarmena.lv<\/title>\n<meta name=\"description\" content=\"\u201dCeri\u0146u le\u0123enda\u201d ir izsmalcin\u0101ta kompoz\u012bcija, kas piepild\u012bta ar nosl\u0113pumainu skaistumu un izsmalcin\u0101t\u012bbu. Violet\u0101s orhidejas un fr\u0113zija\" \/>\n<meta name=\"robots\" content=\"index, follow, max-snippet:-1, max-image-preview:large, max-video-preview:-1\" \/>\n<link rel=\"canonical\" href=\"https:\/\/ziedikarmena.lv\/en\/product\/cerinu-legenda\/\" \/>\n<meta property=\"og:locale\" content=\"en_GB\" \/>\n<meta property=\"og:type\" content=\"article\" \/>\n<meta property=\"og:title\" content=\"Ceri\u0146u le\u0123enda - Ziedu Pu\u0161\u0137is - ZiediKarmena.lv\" \/>\n<meta property=\"og:description\" content=\"\u201dCeri\u0146u le\u0123enda\u201d ir izsmalcin\u0101ta kompoz\u012bcija, kas piepild\u012bta ar nosl\u0113pumainu skaistumu un izsmalcin\u0101t\u012bbu. Violet\u0101s orhidejas un fr\u0113zija\" \/>\n<meta property=\"og:url\" content=\"https:\/\/ziedikarmena.lv\/en\/product\/cerinu-legenda\/\" \/>\n<meta property=\"og:site_name\" content=\"Ziedi un Pu\u0161\u0137i R\u012bg\u0101 \u2013 ZiediKarmena\" \/>\n<meta property=\"article:publisher\" content=\"https:\/\/www.facebook.com\/ziedikarmena.lv\/\" \/>\n<meta property=\"article:modified_time\" content=\"2026-03-16T14:53:50+00:00\" \/>\n<meta property=\"og:image\" content=\"https:\/\/ziedikarmena.lv\/wp-content\/uploads\/2024\/05\/Violeta-legenda.webp\" \/>\n\t<meta property=\"og:image:width\" content=\"2560\" \/>\n\t<meta property=\"og:image:height\" content=\"2560\" \/>\n\t<meta property=\"og:image:type\" content=\"image\/webp\" \/>\n<meta name=\"twitter:card\" content=\"summary_large_image\" \/>\n<meta name=\"twitter:label1\" content=\"Estimated reading time\" \/>\n\t<meta name=\"twitter:data1\" content=\"1 minute\" \/>\n<script type=\"application\/ld+json\" class=\"yoast-schema-graph\">{\"@context\":\"https:\\\/\\\/schema.org\",\"@graph\":[{\"@type\":\"WebPage\",\"@id\":\"https:\\\/\\\/ziedikarmena.lv\\\/product\\\/cerinu-legenda\\\/\",\"url\":\"https:\\\/\\\/ziedikarmena.lv\\\/product\\\/cerinu-legenda\\\/\",\"name\":\"Ceri\u0146u le\u0123enda - Ziedu Pu\u0161\u0137is - ZiediKarmena.lv\",\"isPartOf\":{\"@id\":\"https:\\\/\\\/ziedikarmena.lv\\\/#website\"},\"primaryImageOfPage\":{\"@id\":\"https:\\\/\\\/ziedikarmena.lv\\\/product\\\/cerinu-legenda\\\/#primaryimage\"},\"image\":{\"@id\":\"https:\\\/\\\/ziedikarmena.lv\\\/product\\\/cerinu-legenda\\\/#primaryimage\"},\"thumbnailUrl\":\"https:\\\/\\\/ziedikarmena.lv\\\/wp-content\\\/uploads\\\/2024\\\/05\\\/Violeta-legenda.webp\",\"datePublished\":\"2024-05-22T12:39:45+00:00\",\"dateModified\":\"2026-03-16T14:53:50+00:00\",\"description\":\"\u201dCeri\u0146u le\u0123enda\u201d ir izsmalcin\u0101ta kompoz\u012bcija, kas piepild\u012bta ar nosl\u0113pumainu skaistumu un izsmalcin\u0101t\u012bbu. Violet\u0101s orhidejas un fr\u0113zija\",\"breadcrumb\":{\"@id\":\"https:\\\/\\\/ziedikarmena.lv\\\/product\\\/cerinu-legenda\\\/#breadcrumb\"},\"inLanguage\":\"en-GB\",\"potentialAction\":[{\"@type\":\"ReadAction\",\"target\":[\"https:\\\/\\\/ziedikarmena.lv\\\/product\\\/cerinu-legenda\\\/\"]}]},{\"@type\":\"ImageObject\",\"inLanguage\":\"en-GB\",\"@id\":\"https:\\\/\\\/ziedikarmena.lv\\\/product\\\/cerinu-legenda\\\/#primaryimage\",\"url\":\"https:\\\/\\\/ziedikarmena.lv\\\/wp-content\\\/uploads\\\/2024\\\/05\\\/Violeta-legenda.webp\",\"contentUrl\":\"https:\\\/\\\/ziedikarmena.lv\\\/wp-content\\\/uploads\\\/2024\\\/05\\\/Violeta-legenda.webp\",\"width\":2560,\"height\":2560},{\"@type\":\"BreadcrumbList\",\"@id\":\"https:\\\/\\\/ziedikarmena.lv\\\/product\\\/cerinu-legenda\\\/#breadcrumb\",\"itemListElement\":[{\"@type\":\"ListItem\",\"position\":1,\"name\":\"Home\",\"item\":\"https:\\\/\\\/ziedikarmena.lv\\\/\"},{\"@type\":\"ListItem\",\"position\":2,\"name\":\"Katalogs\",\"item\":\"https:\\\/\\\/ziedikarmena.lv\\\/katalogs\\\/\"},{\"@type\":\"ListItem\",\"position\":3,\"name\":\"Ceri\u0146u le\u0123enda\"}]},{\"@type\":\"WebSite\",\"@id\":\"https:\\\/\\\/ziedikarmena.lv\\\/#website\",\"url\":\"https:\\\/\\\/ziedikarmena.lv\\\/\",\"name\":\"\u0100tra pu\u0161\u0137u pieg\u0101de R\u012bg\u0101 \u2013 ZiediKarmena\",\"description\":\"Pu\u0161\u0137i tiks pieg\u0101d\u0101ti tie\u0161i j\u016bsu nor\u0101d\u012btaj\u0101 datum\u0101! Lab\u0101k\u0101s kvalit\u0101tes ziedi tikai pie ZiediKarmena!\",\"publisher\":{\"@id\":\"https:\\\/\\\/ziedikarmena.lv\\\/#organization\"},\"potentialAction\":[{\"@type\":\"SearchAction\",\"target\":{\"@type\":\"EntryPoint\",\"urlTemplate\":\"https:\\\/\\\/ziedikarmena.lv\\\/?s={search_term_string}\"},\"query-input\":{\"@type\":\"PropertyValueSpecification\",\"valueRequired\":true,\"valueName\":\"search_term_string\"}}],\"inLanguage\":\"en-GB\"},{\"@type\":\"Organization\",\"@id\":\"https:\\\/\\\/ziedikarmena.lv\\\/#organization\",\"name\":\"SIA \u201cSA EURO\u201d\",\"url\":\"https:\\\/\\\/ziedikarmena.lv\\\/\",\"logo\":{\"@type\":\"ImageObject\",\"inLanguage\":\"en-GB\",\"@id\":\"https:\\\/\\\/ziedikarmena.lv\\\/#\\\/schema\\\/logo\\\/image\\\/\",\"url\":\"https:\\\/\\\/ziedikarmena.lv\\\/wp-content\\\/uploads\\\/2023\\\/04\\\/logo-new.svg\",\"contentUrl\":\"https:\\\/\\\/ziedikarmena.lv\\\/wp-content\\\/uploads\\\/2023\\\/04\\\/logo-new.svg\",\"width\":182,\"height\":100,\"caption\":\"SIA \u201cSA EURO\u201d\"},\"image\":{\"@id\":\"https:\\\/\\\/ziedikarmena.lv\\\/#\\\/schema\\\/logo\\\/image\\\/\"},\"sameAs\":[\"https:\\\/\\\/www.facebook.com\\\/ziedikarmena.lv\\\/\",\"https:\\\/\\\/www.instagram.com\\\/ziedikarmena.lv\\\/\"]}]}<\/script>\n<!-- \/ Yoast SEO plugin. -->","yoast_head_json":{"title":"Ceri\u0146u le\u0123enda - Ziedu Pu\u0161\u0137is - ZiediKarmena.lv","description":"\u201dCeri\u0146u le\u0123enda\u201d ir izsmalcin\u0101ta kompoz\u012bcija, kas piepild\u012bta ar nosl\u0113pumainu skaistumu un izsmalcin\u0101t\u012bbu. Violet\u0101s orhidejas un fr\u0113zija","robots":{"index":"index","follow":"follow","max-snippet":"max-snippet:-1","max-image-preview":"max-image-preview:large","max-video-preview":"max-video-preview:-1"},"canonical":"https:\/\/ziedikarmena.lv\/en\/product\/cerinu-legenda\/","og_locale":"en_GB","og_type":"article","og_title":"Ceri\u0146u le\u0123enda - Ziedu Pu\u0161\u0137is - ZiediKarmena.lv","og_description":"\u201dCeri\u0146u le\u0123enda\u201d ir izsmalcin\u0101ta kompoz\u012bcija, kas piepild\u012bta ar nosl\u0113pumainu skaistumu un izsmalcin\u0101t\u012bbu. Violet\u0101s orhidejas un fr\u0113zija","og_url":"https:\/\/ziedikarmena.lv\/en\/product\/cerinu-legenda\/","og_site_name":"Ziedi un Pu\u0161\u0137i R\u012bg\u0101 \u2013 ZiediKarmena","article_publisher":"https:\/\/www.facebook.com\/ziedikarmena.lv\/","article_modified_time":"2026-03-16T14:53:50+00:00","og_image":[{"width":2560,"height":2560,"url":"https:\/\/ziedikarmena.lv\/wp-content\/uploads\/2024\/05\/Violeta-legenda.webp","type":"image\/webp"}],"twitter_card":"summary_large_image","twitter_misc":{"Estimated reading time":"1 minute"},"schema":{"@context":"https:\/\/schema.org","@graph":[{"@type":"WebPage","@id":"https:\/\/ziedikarmena.lv\/product\/cerinu-legenda\/","url":"https:\/\/ziedikarmena.lv\/product\/cerinu-legenda\/","name":"Ceri\u0146u le\u0123enda - Ziedu Pu\u0161\u0137is - ZiediKarmena.lv","isPartOf":{"@id":"https:\/\/ziedikarmena.lv\/#website"},"primaryImageOfPage":{"@id":"https:\/\/ziedikarmena.lv\/product\/cerinu-legenda\/#primaryimage"},"image":{"@id":"https:\/\/ziedikarmena.lv\/product\/cerinu-legenda\/#primaryimage"},"thumbnailUrl":"https:\/\/ziedikarmena.lv\/wp-content\/uploads\/2024\/05\/Violeta-legenda.webp","datePublished":"2024-05-22T12:39:45+00:00","dateModified":"2026-03-16T14:53:50+00:00","description":"\u201dCeri\u0146u le\u0123enda\u201d ir izsmalcin\u0101ta kompoz\u012bcija, kas piepild\u012bta ar nosl\u0113pumainu skaistumu un izsmalcin\u0101t\u012bbu. Violet\u0101s orhidejas un fr\u0113zija","breadcrumb":{"@id":"https:\/\/ziedikarmena.lv\/product\/cerinu-legenda\/#breadcrumb"},"inLanguage":"en-GB","potentialAction":[{"@type":"ReadAction","target":["https:\/\/ziedikarmena.lv\/product\/cerinu-legenda\/"]}]},{"@type":"ImageObject","inLanguage":"en-GB","@id":"https:\/\/ziedikarmena.lv\/product\/cerinu-legenda\/#primaryimage","url":"https:\/\/ziedikarmena.lv\/wp-content\/uploads\/2024\/05\/Violeta-legenda.webp","contentUrl":"https:\/\/ziedikarmena.lv\/wp-content\/uploads\/2024\/05\/Violeta-legenda.webp","width":2560,"height":2560},{"@type":"BreadcrumbList","@id":"https:\/\/ziedikarmena.lv\/product\/cerinu-legenda\/#breadcrumb","itemListElement":[{"@type":"ListItem","position":1,"name":"Home","item":"https:\/\/ziedikarmena.lv\/"},{"@type":"ListItem","position":2,"name":"Katalogs","item":"https:\/\/ziedikarmena.lv\/katalogs\/"},{"@type":"ListItem","position":3,"name":"Ceri\u0146u le\u0123enda"}]},{"@type":"WebSite","@id":"https:\/\/ziedikarmena.lv\/#website","url":"https:\/\/ziedikarmena.lv\/","name":"Fast bouquets delivery in Riga - ZiediKarmena","description":"Bouquets will be delivered right on the date you specified! The best quality flowers only at ZiediKarmena!","publisher":{"@id":"https:\/\/ziedikarmena.lv\/#organization"},"potentialAction":[{"@type":"SearchAction","target":{"@type":"EntryPoint","urlTemplate":"https:\/\/ziedikarmena.lv\/?s={search_term_string}"},"query-input":{"@type":"PropertyValueSpecification","valueRequired":true,"valueName":"search_term_string"}}],"inLanguage":"en-GB"},{"@type":"Organization","@id":"https:\/\/ziedikarmena.lv\/#organization","name":"SIA \u201cSA EURO\u201d","url":"https:\/\/ziedikarmena.lv\/","logo":{"@type":"ImageObject","inLanguage":"en-GB","@id":"https:\/\/ziedikarmena.lv\/#\/schema\/logo\/image\/","url":"https:\/\/ziedikarmena.lv\/wp-content\/uploads\/2023\/04\/logo-new.svg","contentUrl":"https:\/\/ziedikarmena.lv\/wp-content\/uploads\/2023\/04\/logo-new.svg","width":182,"height":100,"caption":"SIA \u201cSA EURO\u201d"},"image":{"@id":"https:\/\/ziedikarmena.lv\/#\/schema\/logo\/image\/"},"sameAs":["https:\/\/www.facebook.com\/ziedikarmena.lv\/","https:\/\/www.instagram.com\/ziedikarmena.lv\/"]}]}},"_links":{"self":[{"href":"https:\/\/ziedikarmena.lv\/en\/wp-json\/wp\/v2\/product\/14909","targetHints":{"allow":["GET"]}}],"collection":[{"href":"https:\/\/ziedikarmena.lv\/en\/wp-json\/wp\/v2\/product"}],"about":[{"href":"https:\/\/ziedikarmena.lv\/en\/wp-json\/wp\/v2\/types\/product"}],"replies":[{"embeddable":true,"href":"https:\/\/ziedikarmena.lv\/en\/wp-json\/wp\/v2\/comments?post=14909"}],"version-history":[{"count":1,"href":"https:\/\/ziedikarmena.lv\/en\/wp-json\/wp\/v2\/product\/14909\/revisions"}],"predecessor-version":[{"id":16905,"href":"https:\/\/ziedikarmena.lv\/en\/wp-json\/wp\/v2\/product\/14909\/revisions\/16905"}],"wp:featuredmedia":[{"embeddable":true,"href":"https:\/\/ziedikarmena.lv\/en\/wp-json\/wp\/v2\/media\/14863"}],"wp:attachment":[{"href":"https:\/\/ziedikarmena.lv\/en\/wp-json\/wp\/v2\/media?parent=14909"}],"wp:term":[{"taxonomy":"product_brand","embeddable":true,"href":"https:\/\/ziedikarmena.lv\/en\/wp-json\/wp\/v2\/product_brand?post=14909"},{"taxonomy":"product_cat","embeddable":true,"href":"https:\/\/ziedikarmena.lv\/en\/wp-json\/wp\/v2\/product_cat?post=14909"},{"taxonomy":"product_tag","embeddable":true,"href":"https:\/\/ziedikarmena.lv\/en\/wp-json\/wp\/v2\/product_tag?post=14909"}],"curies":[{"name":"wp","href":"https:\/\/api.w.org\/{rel}","templated":true}]}}