{"id":14902,"date":"2024-05-22T12:10:57","date_gmt":"2024-05-22T12:10:57","guid":{"rendered":"https:\/\/ziedikarmena.lv\/?post_type=product&#038;p=14902"},"modified":"2026-03-16T14:54:01","modified_gmt":"2026-03-16T14:54:01","slug":"saulains-dimants","status":"publish","type":"product","link":"https:\/\/ziedikarmena.lv\/en\/product\/saulains-dimants\/","title":{"rendered":"Sunny Diamond"},"content":{"rendered":"<p>\u201cSunny Diamond\u201d is a bright and exquisite composition in a box, embodying the rays of sunshine and tenderness of flowers. Yellow roses and alstroemeria create an atmosphere of joy and warmth, while orchid and white lisianthus add sophistication and elegance. The greenery complements the composition with freshness and harmony.<\/p>","protected":false},"excerpt":{"rendered":"<p>The size of the bouquet and the number of flowers in it depends on the size of the chosen bouquet.<\/p>","protected":false},"featured_media":14859,"comment_status":"open","ping_status":"closed","template":"","meta":[],"product_brand":[],"product_cat":[20],"product_tag":[],"class_list":{"0":"post-14902","1":"product","2":"type-product","3":"status-publish","4":"has-post-thumbnail","6":"product_cat-ziedu-karbas","7":"tm-has-options","9":"first","10":"instock","11":"shipping-taxable","12":"purchasable","13":"product-type-simple"},"yoast_head":"<!-- This site is optimized with the Yoast SEO plugin v27.2 - https:\/\/yoast.com\/product\/yoast-seo-wordpress\/ -->\n<title>Saulains dimants - Ziedu Pu\u0161\u0137is - ZiediKarmena.lv<\/title>\n<meta name=\"description\" content=\"Pu\u0161\u0137is \u201cSaulains dimants\u201d ir ko\u0161a un izsmalcin\u0101ta kompoz\u012bcija kast\u012bt\u0113, kas iemieso saules starus un ziedu maigumu.\" \/>\n<meta name=\"robots\" content=\"index, follow, max-snippet:-1, max-image-preview:large, max-video-preview:-1\" \/>\n<link rel=\"canonical\" href=\"https:\/\/ziedikarmena.lv\/en\/product\/saulains-dimants\/\" \/>\n<meta property=\"og:locale\" content=\"en_GB\" \/>\n<meta property=\"og:type\" content=\"article\" \/>\n<meta property=\"og:title\" content=\"Saulains dimants - Ziedu Pu\u0161\u0137is - ZiediKarmena.lv\" \/>\n<meta property=\"og:description\" content=\"Pu\u0161\u0137is \u201cSaulains dimants\u201d ir ko\u0161a un izsmalcin\u0101ta kompoz\u012bcija kast\u012bt\u0113, kas iemieso saules starus un ziedu maigumu.\" \/>\n<meta property=\"og:url\" content=\"https:\/\/ziedikarmena.lv\/en\/product\/saulains-dimants\/\" \/>\n<meta property=\"og:site_name\" content=\"Ziedi un Pu\u0161\u0137i R\u012bg\u0101 \u2013 ZiediKarmena\" \/>\n<meta property=\"article:publisher\" content=\"https:\/\/www.facebook.com\/ziedikarmena.lv\/\" \/>\n<meta property=\"article:modified_time\" content=\"2026-03-16T14:54:01+00:00\" \/>\n<meta property=\"og:image\" content=\"https:\/\/ziedikarmena.lv\/wp-content\/uploads\/2024\/05\/Saulains-Dimants.webp\" \/>\n\t<meta property=\"og:image:width\" content=\"2560\" \/>\n\t<meta property=\"og:image:height\" content=\"2560\" \/>\n\t<meta property=\"og:image:type\" content=\"image\/webp\" \/>\n<meta name=\"twitter:card\" content=\"summary_large_image\" \/>\n<meta name=\"twitter:label1\" content=\"Estimated reading time\" \/>\n\t<meta name=\"twitter:data1\" content=\"1 minute\" \/>\n<script type=\"application\/ld+json\" class=\"yoast-schema-graph\">{\"@context\":\"https:\/\/schema.org\",\"@graph\":[{\"@type\":\"WebPage\",\"@id\":\"https:\/\/ziedikarmena.lv\/product\/saulains-dimants\/\",\"url\":\"https:\/\/ziedikarmena.lv\/product\/saulains-dimants\/\",\"name\":\"Saulains dimants - Ziedu Pu\u0161\u0137is - ZiediKarmena.lv\",\"isPartOf\":{\"@id\":\"https:\/\/ziedikarmena.lv\/#website\"},\"primaryImageOfPage\":{\"@id\":\"https:\/\/ziedikarmena.lv\/product\/saulains-dimants\/#primaryimage\"},\"image\":{\"@id\":\"https:\/\/ziedikarmena.lv\/product\/saulains-dimants\/#primaryimage\"},\"thumbnailUrl\":\"https:\/\/ziedikarmena.lv\/wp-content\/uploads\/2024\/05\/Saulains-Dimants.webp\",\"datePublished\":\"2024-05-22T12:10:57+00:00\",\"dateModified\":\"2026-03-16T14:54:01+00:00\",\"description\":\"Pu\u0161\u0137is \u201cSaulains dimants\u201d ir ko\u0161a un izsmalcin\u0101ta kompoz\u012bcija kast\u012bt\u0113, kas iemieso saules starus un ziedu maigumu.\",\"breadcrumb\":{\"@id\":\"https:\/\/ziedikarmena.lv\/product\/saulains-dimants\/#breadcrumb\"},\"inLanguage\":\"en-GB\",\"potentialAction\":[{\"@type\":\"ReadAction\",\"target\":[\"https:\/\/ziedikarmena.lv\/product\/saulains-dimants\/\"]}]},{\"@type\":\"ImageObject\",\"inLanguage\":\"en-GB\",\"@id\":\"https:\/\/ziedikarmena.lv\/product\/saulains-dimants\/#primaryimage\",\"url\":\"https:\/\/ziedikarmena.lv\/wp-content\/uploads\/2024\/05\/Saulains-Dimants.webp\",\"contentUrl\":\"https:\/\/ziedikarmena.lv\/wp-content\/uploads\/2024\/05\/Saulains-Dimants.webp\",\"width\":2560,\"height\":2560},{\"@type\":\"BreadcrumbList\",\"@id\":\"https:\/\/ziedikarmena.lv\/product\/saulains-dimants\/#breadcrumb\",\"itemListElement\":[{\"@type\":\"ListItem\",\"position\":1,\"name\":\"Home\",\"item\":\"https:\/\/ziedikarmena.lv\/\"},{\"@type\":\"ListItem\",\"position\":2,\"name\":\"Katalogs\",\"item\":\"https:\/\/ziedikarmena.lv\/katalogs\/\"},{\"@type\":\"ListItem\",\"position\":3,\"name\":\"Saulains dimants\"}]},{\"@type\":\"WebSite\",\"@id\":\"https:\/\/ziedikarmena.lv\/#website\",\"url\":\"https:\/\/ziedikarmena.lv\/\",\"name\":\"\u0100tra pu\u0161\u0137u pieg\u0101de R\u012bg\u0101 \u2013 ZiediKarmena\",\"description\":\"Pu\u0161\u0137i tiks pieg\u0101d\u0101ti tie\u0161i j\u016bsu nor\u0101d\u012btaj\u0101 datum\u0101! Lab\u0101k\u0101s kvalit\u0101tes ziedi tikai pie ZiediKarmena!\",\"publisher\":{\"@id\":\"https:\/\/ziedikarmena.lv\/#organization\"},\"potentialAction\":[{\"@type\":\"SearchAction\",\"target\":{\"@type\":\"EntryPoint\",\"urlTemplate\":\"https:\/\/ziedikarmena.lv\/?s={search_term_string}\"},\"query-input\":{\"@type\":\"PropertyValueSpecification\",\"valueRequired\":true,\"valueName\":\"search_term_string\"}}],\"inLanguage\":\"en-GB\"},{\"@type\":\"Organization\",\"@id\":\"https:\/\/ziedikarmena.lv\/#organization\",\"name\":\"SIA \u201cSA EURO\u201d\",\"url\":\"https:\/\/ziedikarmena.lv\/\",\"logo\":{\"@type\":\"ImageObject\",\"inLanguage\":\"en-GB\",\"@id\":\"https:\/\/ziedikarmena.lv\/#\/schema\/logo\/image\/\",\"url\":\"https:\/\/ziedikarmena.lv\/wp-content\/uploads\/2023\/04\/logo-new.svg\",\"contentUrl\":\"https:\/\/ziedikarmena.lv\/wp-content\/uploads\/2023\/04\/logo-new.svg\",\"width\":182,\"height\":100,\"caption\":\"SIA \u201cSA EURO\u201d\"},\"image\":{\"@id\":\"https:\/\/ziedikarmena.lv\/#\/schema\/logo\/image\/\"},\"sameAs\":[\"https:\/\/www.facebook.com\/ziedikarmena.lv\/\",\"https:\/\/www.instagram.com\/ziedikarmena.lv\/\"]}]}<\/script>\n<!-- \/ Yoast SEO plugin. -->","yoast_head_json":{"title":"Saulains dimants - Ziedu Pu\u0161\u0137is - ZiediKarmena.lv","description":"Pu\u0161\u0137is \u201cSaulains dimants\u201d ir ko\u0161a un izsmalcin\u0101ta kompoz\u012bcija kast\u012bt\u0113, kas iemieso saules starus un ziedu maigumu.","robots":{"index":"index","follow":"follow","max-snippet":"max-snippet:-1","max-image-preview":"max-image-preview:large","max-video-preview":"max-video-preview:-1"},"canonical":"https:\/\/ziedikarmena.lv\/en\/product\/saulains-dimants\/","og_locale":"en_GB","og_type":"article","og_title":"Saulains dimants - Ziedu Pu\u0161\u0137is - ZiediKarmena.lv","og_description":"Pu\u0161\u0137is \u201cSaulains dimants\u201d ir ko\u0161a un izsmalcin\u0101ta kompoz\u012bcija kast\u012bt\u0113, kas iemieso saules starus un ziedu maigumu.","og_url":"https:\/\/ziedikarmena.lv\/en\/product\/saulains-dimants\/","og_site_name":"Ziedi un Pu\u0161\u0137i R\u012bg\u0101 \u2013 ZiediKarmena","article_publisher":"https:\/\/www.facebook.com\/ziedikarmena.lv\/","article_modified_time":"2026-03-16T14:54:01+00:00","og_image":[{"width":2560,"height":2560,"url":"https:\/\/ziedikarmena.lv\/wp-content\/uploads\/2024\/05\/Saulains-Dimants.webp","type":"image\/webp"}],"twitter_card":"summary_large_image","twitter_misc":{"Estimated reading time":"1 minute"},"schema":{"@context":"https:\/\/schema.org","@graph":[{"@type":"WebPage","@id":"https:\/\/ziedikarmena.lv\/product\/saulains-dimants\/","url":"https:\/\/ziedikarmena.lv\/product\/saulains-dimants\/","name":"Saulains dimants - Ziedu Pu\u0161\u0137is - ZiediKarmena.lv","isPartOf":{"@id":"https:\/\/ziedikarmena.lv\/#website"},"primaryImageOfPage":{"@id":"https:\/\/ziedikarmena.lv\/product\/saulains-dimants\/#primaryimage"},"image":{"@id":"https:\/\/ziedikarmena.lv\/product\/saulains-dimants\/#primaryimage"},"thumbnailUrl":"https:\/\/ziedikarmena.lv\/wp-content\/uploads\/2024\/05\/Saulains-Dimants.webp","datePublished":"2024-05-22T12:10:57+00:00","dateModified":"2026-03-16T14:54:01+00:00","description":"Pu\u0161\u0137is \u201cSaulains dimants\u201d ir ko\u0161a un izsmalcin\u0101ta kompoz\u012bcija kast\u012bt\u0113, kas iemieso saules starus un ziedu maigumu.","breadcrumb":{"@id":"https:\/\/ziedikarmena.lv\/product\/saulains-dimants\/#breadcrumb"},"inLanguage":"en-GB","potentialAction":[{"@type":"ReadAction","target":["https:\/\/ziedikarmena.lv\/product\/saulains-dimants\/"]}]},{"@type":"ImageObject","inLanguage":"en-GB","@id":"https:\/\/ziedikarmena.lv\/product\/saulains-dimants\/#primaryimage","url":"https:\/\/ziedikarmena.lv\/wp-content\/uploads\/2024\/05\/Saulains-Dimants.webp","contentUrl":"https:\/\/ziedikarmena.lv\/wp-content\/uploads\/2024\/05\/Saulains-Dimants.webp","width":2560,"height":2560},{"@type":"BreadcrumbList","@id":"https:\/\/ziedikarmena.lv\/product\/saulains-dimants\/#breadcrumb","itemListElement":[{"@type":"ListItem","position":1,"name":"Home","item":"https:\/\/ziedikarmena.lv\/"},{"@type":"ListItem","position":2,"name":"Katalogs","item":"https:\/\/ziedikarmena.lv\/katalogs\/"},{"@type":"ListItem","position":3,"name":"Saulains dimants"}]},{"@type":"WebSite","@id":"https:\/\/ziedikarmena.lv\/#website","url":"https:\/\/ziedikarmena.lv\/","name":"Fast bouquets delivery in Riga - ZiediKarmena","description":"Bouquets will be delivered right on the date you specified! The best quality flowers only at ZiediKarmena!","publisher":{"@id":"https:\/\/ziedikarmena.lv\/#organization"},"potentialAction":[{"@type":"SearchAction","target":{"@type":"EntryPoint","urlTemplate":"https:\/\/ziedikarmena.lv\/?s={search_term_string}"},"query-input":{"@type":"PropertyValueSpecification","valueRequired":true,"valueName":"search_term_string"}}],"inLanguage":"en-GB"},{"@type":"Organization","@id":"https:\/\/ziedikarmena.lv\/#organization","name":"SIA \u201cSA EURO\u201d","url":"https:\/\/ziedikarmena.lv\/","logo":{"@type":"ImageObject","inLanguage":"en-GB","@id":"https:\/\/ziedikarmena.lv\/#\/schema\/logo\/image\/","url":"https:\/\/ziedikarmena.lv\/wp-content\/uploads\/2023\/04\/logo-new.svg","contentUrl":"https:\/\/ziedikarmena.lv\/wp-content\/uploads\/2023\/04\/logo-new.svg","width":182,"height":100,"caption":"SIA \u201cSA EURO\u201d"},"image":{"@id":"https:\/\/ziedikarmena.lv\/#\/schema\/logo\/image\/"},"sameAs":["https:\/\/www.facebook.com\/ziedikarmena.lv\/","https:\/\/www.instagram.com\/ziedikarmena.lv\/"]}]}},"_links":{"self":[{"href":"https:\/\/ziedikarmena.lv\/en\/wp-json\/wp\/v2\/product\/14902","targetHints":{"allow":["GET"]}}],"collection":[{"href":"https:\/\/ziedikarmena.lv\/en\/wp-json\/wp\/v2\/product"}],"about":[{"href":"https:\/\/ziedikarmena.lv\/en\/wp-json\/wp\/v2\/types\/product"}],"replies":[{"embeddable":true,"href":"https:\/\/ziedikarmena.lv\/en\/wp-json\/wp\/v2\/comments?post=14902"}],"version-history":[{"count":1,"href":"https:\/\/ziedikarmena.lv\/en\/wp-json\/wp\/v2\/product\/14902\/revisions"}],"predecessor-version":[{"id":16875,"href":"https:\/\/ziedikarmena.lv\/en\/wp-json\/wp\/v2\/product\/14902\/revisions\/16875"}],"wp:featuredmedia":[{"embeddable":true,"href":"https:\/\/ziedikarmena.lv\/en\/wp-json\/wp\/v2\/media\/14859"}],"wp:attachment":[{"href":"https:\/\/ziedikarmena.lv\/en\/wp-json\/wp\/v2\/media?parent=14902"}],"wp:term":[{"taxonomy":"product_brand","embeddable":true,"href":"https:\/\/ziedikarmena.lv\/en\/wp-json\/wp\/v2\/product_brand?post=14902"},{"taxonomy":"product_cat","embeddable":true,"href":"https:\/\/ziedikarmena.lv\/en\/wp-json\/wp\/v2\/product_cat?post=14902"},{"taxonomy":"product_tag","embeddable":true,"href":"https:\/\/ziedikarmena.lv\/en\/wp-json\/wp\/v2\/product_tag?post=14902"}],"curies":[{"name":"wp","href":"https:\/\/api.w.org\/{rel}","templated":true}]}}