{"id":14899,"date":"2024-05-22T11:47:18","date_gmt":"2024-05-22T11:47:18","guid":{"rendered":"https:\/\/ziedikarmena.lv\/?post_type=product&#038;p=14899"},"modified":"2024-05-25T17:41:49","modified_gmt":"2024-05-25T17:41:49","slug":"priecigs-ziedu-maisijums","status":"publish","type":"product","link":"https:\/\/ziedikarmena.lv\/en\/product\/priecigs-ziedu-maisijums\/","title":{"rendered":"Joyful Flower Mix"},"content":{"rendered":"<p>The \u201cJoyful Flower Mix\u201d bouquet is a bright and energetic composition including bright pink bush roses, sunny yellow freesias and orange alstromeria. Additional sophistication is added by chipericum and fresh herbs, and stylish packaging completes the image, emphasizing its joyful and elegant character.<\/p>","protected":false},"excerpt":{"rendered":"<p>The size of the bouquet and the number of flowers in it depends on the size of the chosen bouquet.<\/p>","protected":false},"featured_media":14856,"comment_status":"open","ping_status":"closed","template":"","meta":[],"product_brand":[],"product_cat":[149],"product_tag":[],"class_list":{"0":"post-14899","1":"product","2":"type-product","3":"status-publish","4":"has-post-thumbnail","6":"product_cat-ziedu-puski","7":"tm-has-options","9":"first","10":"instock","11":"shipping-taxable","12":"purchasable","13":"product-type-simple"},"yoast_head":"<!-- This site is optimized with the Yoast SEO plugin v27.2 - https:\/\/yoast.com\/product\/yoast-seo-wordpress\/ -->\n<title>Priec\u012bgs ziedu mais\u012bjums - Ziedu Pu\u0161\u0137is - ZiediKarmena.lv<\/title>\n<meta name=\"description\" content=\"Pu\u0161\u0137is \u201cPriec\u012bgs ziedu mais\u012bjums\u201d ir spilgta un ener\u0123iska kompoz\u012bcija, kur\u0101 ietilpst ko\u0161i roz\u0101 kr\u016bmu rozes, saulaini dzeltenas fr\u0113zijas.\" \/>\n<meta name=\"robots\" content=\"index, follow, max-snippet:-1, max-image-preview:large, max-video-preview:-1\" \/>\n<link rel=\"canonical\" href=\"https:\/\/ziedikarmena.lv\/en\/product\/priecigs-ziedu-maisijums\/\" \/>\n<meta property=\"og:locale\" content=\"en_GB\" \/>\n<meta property=\"og:type\" content=\"article\" \/>\n<meta property=\"og:title\" content=\"Priec\u012bgs ziedu mais\u012bjums - Ziedu Pu\u0161\u0137is - ZiediKarmena.lv\" \/>\n<meta property=\"og:description\" content=\"Pu\u0161\u0137is \u201cPriec\u012bgs ziedu mais\u012bjums\u201d ir spilgta un ener\u0123iska kompoz\u012bcija, kur\u0101 ietilpst ko\u0161i roz\u0101 kr\u016bmu rozes, saulaini dzeltenas fr\u0113zijas.\" \/>\n<meta property=\"og:url\" content=\"https:\/\/ziedikarmena.lv\/en\/product\/priecigs-ziedu-maisijums\/\" \/>\n<meta property=\"og:site_name\" content=\"Ziedi un Pu\u0161\u0137i R\u012bg\u0101 \u2013 ZiediKarmena\" \/>\n<meta property=\"article:publisher\" content=\"https:\/\/www.facebook.com\/ziedikarmena.lv\/\" \/>\n<meta property=\"article:modified_time\" content=\"2024-05-25T17:41:49+00:00\" \/>\n<meta property=\"og:image\" content=\"https:\/\/ziedikarmena.lv\/wp-content\/uploads\/2024\/05\/Priecigs-ziedu-maisijums.webp\" \/>\n\t<meta property=\"og:image:width\" content=\"2560\" \/>\n\t<meta property=\"og:image:height\" content=\"2560\" \/>\n\t<meta property=\"og:image:type\" content=\"image\/webp\" \/>\n<meta name=\"twitter:card\" content=\"summary_large_image\" \/>\n<meta name=\"twitter:label1\" content=\"Estimated reading time\" \/>\n\t<meta name=\"twitter:data1\" content=\"1 minute\" \/>\n<script type=\"application\/ld+json\" class=\"yoast-schema-graph\">{\"@context\":\"https:\/\/schema.org\",\"@graph\":[{\"@type\":\"WebPage\",\"@id\":\"https:\/\/ziedikarmena.lv\/product\/priecigs-ziedu-maisijums\/\",\"url\":\"https:\/\/ziedikarmena.lv\/product\/priecigs-ziedu-maisijums\/\",\"name\":\"Priec\u012bgs ziedu mais\u012bjums - Ziedu Pu\u0161\u0137is - ZiediKarmena.lv\",\"isPartOf\":{\"@id\":\"https:\/\/ziedikarmena.lv\/#website\"},\"primaryImageOfPage\":{\"@id\":\"https:\/\/ziedikarmena.lv\/product\/priecigs-ziedu-maisijums\/#primaryimage\"},\"image\":{\"@id\":\"https:\/\/ziedikarmena.lv\/product\/priecigs-ziedu-maisijums\/#primaryimage\"},\"thumbnailUrl\":\"https:\/\/ziedikarmena.lv\/wp-content\/uploads\/2024\/05\/Priecigs-ziedu-maisijums.webp\",\"datePublished\":\"2024-05-22T11:47:18+00:00\",\"dateModified\":\"2024-05-25T17:41:49+00:00\",\"description\":\"Pu\u0161\u0137is \u201cPriec\u012bgs ziedu mais\u012bjums\u201d ir spilgta un ener\u0123iska kompoz\u012bcija, kur\u0101 ietilpst ko\u0161i roz\u0101 kr\u016bmu rozes, saulaini dzeltenas fr\u0113zijas.\",\"breadcrumb\":{\"@id\":\"https:\/\/ziedikarmena.lv\/product\/priecigs-ziedu-maisijums\/#breadcrumb\"},\"inLanguage\":\"en-GB\",\"potentialAction\":[{\"@type\":\"ReadAction\",\"target\":[\"https:\/\/ziedikarmena.lv\/product\/priecigs-ziedu-maisijums\/\"]}]},{\"@type\":\"ImageObject\",\"inLanguage\":\"en-GB\",\"@id\":\"https:\/\/ziedikarmena.lv\/product\/priecigs-ziedu-maisijums\/#primaryimage\",\"url\":\"https:\/\/ziedikarmena.lv\/wp-content\/uploads\/2024\/05\/Priecigs-ziedu-maisijums.webp\",\"contentUrl\":\"https:\/\/ziedikarmena.lv\/wp-content\/uploads\/2024\/05\/Priecigs-ziedu-maisijums.webp\",\"width\":2560,\"height\":2560},{\"@type\":\"BreadcrumbList\",\"@id\":\"https:\/\/ziedikarmena.lv\/product\/priecigs-ziedu-maisijums\/#breadcrumb\",\"itemListElement\":[{\"@type\":\"ListItem\",\"position\":1,\"name\":\"Home\",\"item\":\"https:\/\/ziedikarmena.lv\/\"},{\"@type\":\"ListItem\",\"position\":2,\"name\":\"Katalogs\",\"item\":\"https:\/\/ziedikarmena.lv\/katalogs\/\"},{\"@type\":\"ListItem\",\"position\":3,\"name\":\"Priec\u012bgs ziedu mais\u012bjums\"}]},{\"@type\":\"WebSite\",\"@id\":\"https:\/\/ziedikarmena.lv\/#website\",\"url\":\"https:\/\/ziedikarmena.lv\/\",\"name\":\"\u0100tra pu\u0161\u0137u pieg\u0101de R\u012bg\u0101 \u2013 ZiediKarmena\",\"description\":\"Pu\u0161\u0137i tiks pieg\u0101d\u0101ti tie\u0161i j\u016bsu nor\u0101d\u012btaj\u0101 datum\u0101! Lab\u0101k\u0101s kvalit\u0101tes ziedi tikai pie ZiediKarmena!\",\"publisher\":{\"@id\":\"https:\/\/ziedikarmena.lv\/#organization\"},\"potentialAction\":[{\"@type\":\"SearchAction\",\"target\":{\"@type\":\"EntryPoint\",\"urlTemplate\":\"https:\/\/ziedikarmena.lv\/?s={search_term_string}\"},\"query-input\":{\"@type\":\"PropertyValueSpecification\",\"valueRequired\":true,\"valueName\":\"search_term_string\"}}],\"inLanguage\":\"en-GB\"},{\"@type\":\"Organization\",\"@id\":\"https:\/\/ziedikarmena.lv\/#organization\",\"name\":\"SIA \u201cSA EURO\u201d\",\"url\":\"https:\/\/ziedikarmena.lv\/\",\"logo\":{\"@type\":\"ImageObject\",\"inLanguage\":\"en-GB\",\"@id\":\"https:\/\/ziedikarmena.lv\/#\/schema\/logo\/image\/\",\"url\":\"https:\/\/ziedikarmena.lv\/wp-content\/uploads\/2023\/04\/logo-new.svg\",\"contentUrl\":\"https:\/\/ziedikarmena.lv\/wp-content\/uploads\/2023\/04\/logo-new.svg\",\"width\":182,\"height\":100,\"caption\":\"SIA \u201cSA EURO\u201d\"},\"image\":{\"@id\":\"https:\/\/ziedikarmena.lv\/#\/schema\/logo\/image\/\"},\"sameAs\":[\"https:\/\/www.facebook.com\/ziedikarmena.lv\/\",\"https:\/\/www.instagram.com\/ziedikarmena.lv\/\"]}]}<\/script>\n<!-- \/ Yoast SEO plugin. -->","yoast_head_json":{"title":"Priec\u012bgs ziedu mais\u012bjums - Ziedu Pu\u0161\u0137is - ZiediKarmena.lv","description":"Pu\u0161\u0137is \u201cPriec\u012bgs ziedu mais\u012bjums\u201d ir spilgta un ener\u0123iska kompoz\u012bcija, kur\u0101 ietilpst ko\u0161i roz\u0101 kr\u016bmu rozes, saulaini dzeltenas fr\u0113zijas.","robots":{"index":"index","follow":"follow","max-snippet":"max-snippet:-1","max-image-preview":"max-image-preview:large","max-video-preview":"max-video-preview:-1"},"canonical":"https:\/\/ziedikarmena.lv\/en\/product\/priecigs-ziedu-maisijums\/","og_locale":"en_GB","og_type":"article","og_title":"Priec\u012bgs ziedu mais\u012bjums - Ziedu Pu\u0161\u0137is - ZiediKarmena.lv","og_description":"Pu\u0161\u0137is \u201cPriec\u012bgs ziedu mais\u012bjums\u201d ir spilgta un ener\u0123iska kompoz\u012bcija, kur\u0101 ietilpst ko\u0161i roz\u0101 kr\u016bmu rozes, saulaini dzeltenas fr\u0113zijas.","og_url":"https:\/\/ziedikarmena.lv\/en\/product\/priecigs-ziedu-maisijums\/","og_site_name":"Ziedi un Pu\u0161\u0137i R\u012bg\u0101 \u2013 ZiediKarmena","article_publisher":"https:\/\/www.facebook.com\/ziedikarmena.lv\/","article_modified_time":"2024-05-25T17:41:49+00:00","og_image":[{"width":2560,"height":2560,"url":"https:\/\/ziedikarmena.lv\/wp-content\/uploads\/2024\/05\/Priecigs-ziedu-maisijums.webp","type":"image\/webp"}],"twitter_card":"summary_large_image","twitter_misc":{"Estimated reading time":"1 minute"},"schema":{"@context":"https:\/\/schema.org","@graph":[{"@type":"WebPage","@id":"https:\/\/ziedikarmena.lv\/product\/priecigs-ziedu-maisijums\/","url":"https:\/\/ziedikarmena.lv\/product\/priecigs-ziedu-maisijums\/","name":"Priec\u012bgs ziedu mais\u012bjums - Ziedu Pu\u0161\u0137is - ZiediKarmena.lv","isPartOf":{"@id":"https:\/\/ziedikarmena.lv\/#website"},"primaryImageOfPage":{"@id":"https:\/\/ziedikarmena.lv\/product\/priecigs-ziedu-maisijums\/#primaryimage"},"image":{"@id":"https:\/\/ziedikarmena.lv\/product\/priecigs-ziedu-maisijums\/#primaryimage"},"thumbnailUrl":"https:\/\/ziedikarmena.lv\/wp-content\/uploads\/2024\/05\/Priecigs-ziedu-maisijums.webp","datePublished":"2024-05-22T11:47:18+00:00","dateModified":"2024-05-25T17:41:49+00:00","description":"Pu\u0161\u0137is \u201cPriec\u012bgs ziedu mais\u012bjums\u201d ir spilgta un ener\u0123iska kompoz\u012bcija, kur\u0101 ietilpst ko\u0161i roz\u0101 kr\u016bmu rozes, saulaini dzeltenas fr\u0113zijas.","breadcrumb":{"@id":"https:\/\/ziedikarmena.lv\/product\/priecigs-ziedu-maisijums\/#breadcrumb"},"inLanguage":"en-GB","potentialAction":[{"@type":"ReadAction","target":["https:\/\/ziedikarmena.lv\/product\/priecigs-ziedu-maisijums\/"]}]},{"@type":"ImageObject","inLanguage":"en-GB","@id":"https:\/\/ziedikarmena.lv\/product\/priecigs-ziedu-maisijums\/#primaryimage","url":"https:\/\/ziedikarmena.lv\/wp-content\/uploads\/2024\/05\/Priecigs-ziedu-maisijums.webp","contentUrl":"https:\/\/ziedikarmena.lv\/wp-content\/uploads\/2024\/05\/Priecigs-ziedu-maisijums.webp","width":2560,"height":2560},{"@type":"BreadcrumbList","@id":"https:\/\/ziedikarmena.lv\/product\/priecigs-ziedu-maisijums\/#breadcrumb","itemListElement":[{"@type":"ListItem","position":1,"name":"Home","item":"https:\/\/ziedikarmena.lv\/"},{"@type":"ListItem","position":2,"name":"Katalogs","item":"https:\/\/ziedikarmena.lv\/katalogs\/"},{"@type":"ListItem","position":3,"name":"Priec\u012bgs ziedu mais\u012bjums"}]},{"@type":"WebSite","@id":"https:\/\/ziedikarmena.lv\/#website","url":"https:\/\/ziedikarmena.lv\/","name":"Fast bouquets delivery in Riga - ZiediKarmena","description":"Bouquets will be delivered right on the date you specified! The best quality flowers only at ZiediKarmena!","publisher":{"@id":"https:\/\/ziedikarmena.lv\/#organization"},"potentialAction":[{"@type":"SearchAction","target":{"@type":"EntryPoint","urlTemplate":"https:\/\/ziedikarmena.lv\/?s={search_term_string}"},"query-input":{"@type":"PropertyValueSpecification","valueRequired":true,"valueName":"search_term_string"}}],"inLanguage":"en-GB"},{"@type":"Organization","@id":"https:\/\/ziedikarmena.lv\/#organization","name":"SIA \u201cSA EURO\u201d","url":"https:\/\/ziedikarmena.lv\/","logo":{"@type":"ImageObject","inLanguage":"en-GB","@id":"https:\/\/ziedikarmena.lv\/#\/schema\/logo\/image\/","url":"https:\/\/ziedikarmena.lv\/wp-content\/uploads\/2023\/04\/logo-new.svg","contentUrl":"https:\/\/ziedikarmena.lv\/wp-content\/uploads\/2023\/04\/logo-new.svg","width":182,"height":100,"caption":"SIA \u201cSA EURO\u201d"},"image":{"@id":"https:\/\/ziedikarmena.lv\/#\/schema\/logo\/image\/"},"sameAs":["https:\/\/www.facebook.com\/ziedikarmena.lv\/","https:\/\/www.instagram.com\/ziedikarmena.lv\/"]}]}},"_links":{"self":[{"href":"https:\/\/ziedikarmena.lv\/en\/wp-json\/wp\/v2\/product\/14899","targetHints":{"allow":["GET"]}}],"collection":[{"href":"https:\/\/ziedikarmena.lv\/en\/wp-json\/wp\/v2\/product"}],"about":[{"href":"https:\/\/ziedikarmena.lv\/en\/wp-json\/wp\/v2\/types\/product"}],"replies":[{"embeddable":true,"href":"https:\/\/ziedikarmena.lv\/en\/wp-json\/wp\/v2\/comments?post=14899"}],"version-history":[{"count":0,"href":"https:\/\/ziedikarmena.lv\/en\/wp-json\/wp\/v2\/product\/14899\/revisions"}],"wp:featuredmedia":[{"embeddable":true,"href":"https:\/\/ziedikarmena.lv\/en\/wp-json\/wp\/v2\/media\/14856"}],"wp:attachment":[{"href":"https:\/\/ziedikarmena.lv\/en\/wp-json\/wp\/v2\/media?parent=14899"}],"wp:term":[{"taxonomy":"product_brand","embeddable":true,"href":"https:\/\/ziedikarmena.lv\/en\/wp-json\/wp\/v2\/product_brand?post=14899"},{"taxonomy":"product_cat","embeddable":true,"href":"https:\/\/ziedikarmena.lv\/en\/wp-json\/wp\/v2\/product_cat?post=14899"},{"taxonomy":"product_tag","embeddable":true,"href":"https:\/\/ziedikarmena.lv\/en\/wp-json\/wp\/v2\/product_tag?post=14899"}],"curies":[{"name":"wp","href":"https:\/\/api.w.org\/{rel}","templated":true}]}}