{"id":11347,"date":"2021-02-10T20:55:44","date_gmt":"2021-02-10T20:55:44","guid":{"rendered":"https:\/\/ziedikarmena.lv\/?product=ziedu-grozs-19"},"modified":"2023-05-15T16:31:56","modified_gmt":"2023-05-15T16:31:56","slug":"ziedu-grozs-19","status":"publish","type":"product","link":"https:\/\/ziedikarmena.lv\/en\/product\/ziedu-grozs-19\/","title":{"rendered":"Flower basket \"Solar radiation\""},"content":{"rendered":"<p>The brightness and warmth of the floral arrangements - yellow orchids and orange roses - create a bright, sunny mood. Vanda, usually associated with tropical lands, adds an exotic charm and elegance to this basket.<\/p>","protected":false},"excerpt":{"rendered":"<p>The brightness and warmth of the floral arrangements - yellow orchids and orange roses - create a bright, sunny mood. Vanda, usually associated with tropical lands, adds<\/p>","protected":false},"featured_media":11348,"comment_status":"open","ping_status":"closed","template":"","meta":[],"product_brand":[],"product_cat":[159],"product_tag":[],"class_list":{"0":"post-11347","1":"product","2":"type-product","3":"status-publish","4":"has-post-thumbnail","6":"product_cat-ziedu-grozi","7":"tm-has-options","9":"first","10":"instock","11":"shipping-taxable","12":"purchasable","13":"product-type-simple"},"yoast_head":"<!-- This site is optimized with the Yoast SEO plugin v27.2 - https:\/\/yoast.com\/product\/yoast-seo-wordpress\/ -->\n<title>Ziedu grozs &quot;Saules starojums&quot;<\/title>\n<meta name=\"description\" content=\"Ziedu grozs &quot;Saules starojums&quot; - spilgtums un siltums, dzelten\u0101s orhidejas un oran\u017e\u0101s rozes rada gai\u0161u, saulainu noska\u0146u.\" \/>\n<meta name=\"robots\" content=\"index, follow, max-snippet:-1, max-image-preview:large, max-video-preview:-1\" \/>\n<link rel=\"canonical\" href=\"https:\/\/ziedikarmena.lv\/en\/product\/ziedu-grozs-19\/\" \/>\n<meta property=\"og:locale\" content=\"en_GB\" \/>\n<meta property=\"og:type\" content=\"article\" \/>\n<meta property=\"og:title\" content=\"Ziedu grozs &quot;Saules starojums&quot;\" \/>\n<meta property=\"og:description\" content=\"Ziedu grozs &quot;Saules starojums&quot; - spilgtums un siltums, dzelten\u0101s orhidejas un oran\u017e\u0101s rozes rada gai\u0161u, saulainu noska\u0146u.\" \/>\n<meta property=\"og:url\" content=\"https:\/\/ziedikarmena.lv\/en\/product\/ziedu-grozs-19\/\" \/>\n<meta property=\"og:site_name\" content=\"Ziedi un Pu\u0161\u0137i R\u012bg\u0101 \u2013 ZiediKarmena\" \/>\n<meta property=\"article:publisher\" content=\"https:\/\/www.facebook.com\/ziedikarmena.lv\/\" \/>\n<meta property=\"article:modified_time\" content=\"2023-05-15T16:31:56+00:00\" \/>\n<meta property=\"og:image\" content=\"https:\/\/ziedikarmena.lv\/wp-content\/uploads\/2023\/04\/ziedugrozs019.jpg\" \/>\n\t<meta property=\"og:image:width\" content=\"1000\" \/>\n\t<meta property=\"og:image:height\" content=\"1000\" \/>\n\t<meta property=\"og:image:type\" content=\"image\/jpeg\" \/>\n<meta name=\"twitter:card\" content=\"summary_large_image\" \/>\n<meta name=\"twitter:label1\" content=\"Estimated reading time\" \/>\n\t<meta name=\"twitter:data1\" content=\"1 minute\" \/>\n<script type=\"application\/ld+json\" class=\"yoast-schema-graph\">{\"@context\":\"https:\/\/schema.org\",\"@graph\":[{\"@type\":\"WebPage\",\"@id\":\"https:\/\/ziedikarmena.lv\/product\/ziedu-grozs-19\/\",\"url\":\"https:\/\/ziedikarmena.lv\/product\/ziedu-grozs-19\/\",\"name\":\"Ziedu grozs \\\"Saules starojums\\\"\",\"isPartOf\":{\"@id\":\"https:\/\/ziedikarmena.lv\/#website\"},\"primaryImageOfPage\":{\"@id\":\"https:\/\/ziedikarmena.lv\/product\/ziedu-grozs-19\/#primaryimage\"},\"image\":{\"@id\":\"https:\/\/ziedikarmena.lv\/product\/ziedu-grozs-19\/#primaryimage\"},\"thumbnailUrl\":\"https:\/\/ziedikarmena.lv\/wp-content\/uploads\/2023\/04\/ziedugrozs019.jpg\",\"datePublished\":\"2021-02-10T20:55:44+00:00\",\"dateModified\":\"2023-05-15T16:31:56+00:00\",\"description\":\"Ziedu grozs \\\"Saules starojums\\\" - spilgtums un siltums, dzelten\u0101s orhidejas un oran\u017e\u0101s rozes rada gai\u0161u, saulainu noska\u0146u.\",\"breadcrumb\":{\"@id\":\"https:\/\/ziedikarmena.lv\/product\/ziedu-grozs-19\/#breadcrumb\"},\"inLanguage\":\"en-GB\",\"potentialAction\":[{\"@type\":\"ReadAction\",\"target\":[\"https:\/\/ziedikarmena.lv\/product\/ziedu-grozs-19\/\"]}]},{\"@type\":\"ImageObject\",\"inLanguage\":\"en-GB\",\"@id\":\"https:\/\/ziedikarmena.lv\/product\/ziedu-grozs-19\/#primaryimage\",\"url\":\"https:\/\/ziedikarmena.lv\/wp-content\/uploads\/2023\/04\/ziedugrozs019.jpg\",\"contentUrl\":\"https:\/\/ziedikarmena.lv\/wp-content\/uploads\/2023\/04\/ziedugrozs019.jpg\",\"width\":1000,\"height\":1000,\"caption\":\"Ziedu grozs \\\"Saules starojums\\\"\"},{\"@type\":\"BreadcrumbList\",\"@id\":\"https:\/\/ziedikarmena.lv\/product\/ziedu-grozs-19\/#breadcrumb\",\"itemListElement\":[{\"@type\":\"ListItem\",\"position\":1,\"name\":\"Home\",\"item\":\"https:\/\/ziedikarmena.lv\/\"},{\"@type\":\"ListItem\",\"position\":2,\"name\":\"Katalogs\",\"item\":\"https:\/\/ziedikarmena.lv\/katalogs\/\"},{\"@type\":\"ListItem\",\"position\":3,\"name\":\"Ziedu grozs &#8220;Saules starojums&#8221;\"}]},{\"@type\":\"WebSite\",\"@id\":\"https:\/\/ziedikarmena.lv\/#website\",\"url\":\"https:\/\/ziedikarmena.lv\/\",\"name\":\"\u0100tra pu\u0161\u0137u pieg\u0101de R\u012bg\u0101 \u2013 ZiediKarmena\",\"description\":\"Pu\u0161\u0137i tiks pieg\u0101d\u0101ti tie\u0161i j\u016bsu nor\u0101d\u012btaj\u0101 datum\u0101! Lab\u0101k\u0101s kvalit\u0101tes ziedi tikai pie ZiediKarmena!\",\"publisher\":{\"@id\":\"https:\/\/ziedikarmena.lv\/#organization\"},\"potentialAction\":[{\"@type\":\"SearchAction\",\"target\":{\"@type\":\"EntryPoint\",\"urlTemplate\":\"https:\/\/ziedikarmena.lv\/?s={search_term_string}\"},\"query-input\":{\"@type\":\"PropertyValueSpecification\",\"valueRequired\":true,\"valueName\":\"search_term_string\"}}],\"inLanguage\":\"en-GB\"},{\"@type\":\"Organization\",\"@id\":\"https:\/\/ziedikarmena.lv\/#organization\",\"name\":\"SIA \u201cSA EURO\u201d\",\"url\":\"https:\/\/ziedikarmena.lv\/\",\"logo\":{\"@type\":\"ImageObject\",\"inLanguage\":\"en-GB\",\"@id\":\"https:\/\/ziedikarmena.lv\/#\/schema\/logo\/image\/\",\"url\":\"https:\/\/ziedikarmena.lv\/wp-content\/uploads\/2023\/04\/logo-new.svg\",\"contentUrl\":\"https:\/\/ziedikarmena.lv\/wp-content\/uploads\/2023\/04\/logo-new.svg\",\"width\":182,\"height\":100,\"caption\":\"SIA \u201cSA EURO\u201d\"},\"image\":{\"@id\":\"https:\/\/ziedikarmena.lv\/#\/schema\/logo\/image\/\"},\"sameAs\":[\"https:\/\/www.facebook.com\/ziedikarmena.lv\/\",\"https:\/\/www.instagram.com\/ziedikarmena.lv\/\"]}]}<\/script>\n<!-- \/ Yoast SEO plugin. -->","yoast_head_json":{"title":"Flower basket \"Sunshine\"","description":"Sunshine flower basket - brightness and warmth, yellow orchids and orange roses create a bright, sunny mood.","robots":{"index":"index","follow":"follow","max-snippet":"max-snippet:-1","max-image-preview":"max-image-preview:large","max-video-preview":"max-video-preview:-1"},"canonical":"https:\/\/ziedikarmena.lv\/en\/product\/ziedu-grozs-19\/","og_locale":"en_GB","og_type":"article","og_title":"Ziedu grozs \"Saules starojums\"","og_description":"Ziedu grozs \"Saules starojums\" - spilgtums un siltums, dzelten\u0101s orhidejas un oran\u017e\u0101s rozes rada gai\u0161u, saulainu noska\u0146u.","og_url":"https:\/\/ziedikarmena.lv\/en\/product\/ziedu-grozs-19\/","og_site_name":"Ziedi un Pu\u0161\u0137i R\u012bg\u0101 \u2013 ZiediKarmena","article_publisher":"https:\/\/www.facebook.com\/ziedikarmena.lv\/","article_modified_time":"2023-05-15T16:31:56+00:00","og_image":[{"width":1000,"height":1000,"url":"https:\/\/ziedikarmena.lv\/wp-content\/uploads\/2023\/04\/ziedugrozs019.jpg","type":"image\/jpeg"}],"twitter_card":"summary_large_image","twitter_misc":{"Estimated reading time":"1 minute"},"schema":{"@context":"https:\/\/schema.org","@graph":[{"@type":"WebPage","@id":"https:\/\/ziedikarmena.lv\/product\/ziedu-grozs-19\/","url":"https:\/\/ziedikarmena.lv\/product\/ziedu-grozs-19\/","name":"Flower basket \"Sunshine\"","isPartOf":{"@id":"https:\/\/ziedikarmena.lv\/#website"},"primaryImageOfPage":{"@id":"https:\/\/ziedikarmena.lv\/product\/ziedu-grozs-19\/#primaryimage"},"image":{"@id":"https:\/\/ziedikarmena.lv\/product\/ziedu-grozs-19\/#primaryimage"},"thumbnailUrl":"https:\/\/ziedikarmena.lv\/wp-content\/uploads\/2023\/04\/ziedugrozs019.jpg","datePublished":"2021-02-10T20:55:44+00:00","dateModified":"2023-05-15T16:31:56+00:00","description":"Sunshine flower basket - brightness and warmth, yellow orchids and orange roses create a bright, sunny mood.","breadcrumb":{"@id":"https:\/\/ziedikarmena.lv\/product\/ziedu-grozs-19\/#breadcrumb"},"inLanguage":"en-GB","potentialAction":[{"@type":"ReadAction","target":["https:\/\/ziedikarmena.lv\/product\/ziedu-grozs-19\/"]}]},{"@type":"ImageObject","inLanguage":"en-GB","@id":"https:\/\/ziedikarmena.lv\/product\/ziedu-grozs-19\/#primaryimage","url":"https:\/\/ziedikarmena.lv\/wp-content\/uploads\/2023\/04\/ziedugrozs019.jpg","contentUrl":"https:\/\/ziedikarmena.lv\/wp-content\/uploads\/2023\/04\/ziedugrozs019.jpg","width":1000,"height":1000,"caption":"Ziedu grozs \"Saules starojums\""},{"@type":"BreadcrumbList","@id":"https:\/\/ziedikarmena.lv\/product\/ziedu-grozs-19\/#breadcrumb","itemListElement":[{"@type":"ListItem","position":1,"name":"Home","item":"https:\/\/ziedikarmena.lv\/"},{"@type":"ListItem","position":2,"name":"Katalogs","item":"https:\/\/ziedikarmena.lv\/katalogs\/"},{"@type":"ListItem","position":3,"name":"Ziedu grozs &#8220;Saules starojums&#8221;"}]},{"@type":"WebSite","@id":"https:\/\/ziedikarmena.lv\/#website","url":"https:\/\/ziedikarmena.lv\/","name":"Fast bouquets delivery in Riga - ZiediKarmena","description":"Bouquets will be delivered right on the date you specified! The best quality flowers only at ZiediKarmena!","publisher":{"@id":"https:\/\/ziedikarmena.lv\/#organization"},"potentialAction":[{"@type":"SearchAction","target":{"@type":"EntryPoint","urlTemplate":"https:\/\/ziedikarmena.lv\/?s={search_term_string}"},"query-input":{"@type":"PropertyValueSpecification","valueRequired":true,"valueName":"search_term_string"}}],"inLanguage":"en-GB"},{"@type":"Organization","@id":"https:\/\/ziedikarmena.lv\/#organization","name":"SIA \u201cSA EURO\u201d","url":"https:\/\/ziedikarmena.lv\/","logo":{"@type":"ImageObject","inLanguage":"en-GB","@id":"https:\/\/ziedikarmena.lv\/#\/schema\/logo\/image\/","url":"https:\/\/ziedikarmena.lv\/wp-content\/uploads\/2023\/04\/logo-new.svg","contentUrl":"https:\/\/ziedikarmena.lv\/wp-content\/uploads\/2023\/04\/logo-new.svg","width":182,"height":100,"caption":"SIA \u201cSA EURO\u201d"},"image":{"@id":"https:\/\/ziedikarmena.lv\/#\/schema\/logo\/image\/"},"sameAs":["https:\/\/www.facebook.com\/ziedikarmena.lv\/","https:\/\/www.instagram.com\/ziedikarmena.lv\/"]}]}},"_links":{"self":[{"href":"https:\/\/ziedikarmena.lv\/en\/wp-json\/wp\/v2\/product\/11347","targetHints":{"allow":["GET"]}}],"collection":[{"href":"https:\/\/ziedikarmena.lv\/en\/wp-json\/wp\/v2\/product"}],"about":[{"href":"https:\/\/ziedikarmena.lv\/en\/wp-json\/wp\/v2\/types\/product"}],"replies":[{"embeddable":true,"href":"https:\/\/ziedikarmena.lv\/en\/wp-json\/wp\/v2\/comments?post=11347"}],"version-history":[{"count":0,"href":"https:\/\/ziedikarmena.lv\/en\/wp-json\/wp\/v2\/product\/11347\/revisions"}],"wp:featuredmedia":[{"embeddable":true,"href":"https:\/\/ziedikarmena.lv\/en\/wp-json\/wp\/v2\/media\/11348"}],"wp:attachment":[{"href":"https:\/\/ziedikarmena.lv\/en\/wp-json\/wp\/v2\/media?parent=11347"}],"wp:term":[{"taxonomy":"product_brand","embeddable":true,"href":"https:\/\/ziedikarmena.lv\/en\/wp-json\/wp\/v2\/product_brand?post=11347"},{"taxonomy":"product_cat","embeddable":true,"href":"https:\/\/ziedikarmena.lv\/en\/wp-json\/wp\/v2\/product_cat?post=11347"},{"taxonomy":"product_tag","embeddable":true,"href":"https:\/\/ziedikarmena.lv\/en\/wp-json\/wp\/v2\/product_tag?post=11347"}],"curies":[{"name":"wp","href":"https:\/\/api.w.org\/{rel}","templated":true}]}}