{"id":11289,"date":"2020-12-09T06:17:50","date_gmt":"2020-12-09T06:17:50","guid":{"rendered":"https:\/\/ziedikarmena.lv\/?product=puskis-33"},"modified":"2023-05-13T12:21:19","modified_gmt":"2023-05-13T12:21:19","slug":"puskis-33","status":"publish","type":"product","link":"https:\/\/ziedikarmena.lv\/en\/product\/puskis-33\/","title":{"rendered":"Sun shine"},"content":{"rendered":"<p>The bright yellow colour of the flowers in this bouquet symbolises sunny joy and happiness. It will fill the room with warmth and cosiness and improve your mood and mental strength.<\/p>","protected":false},"excerpt":{"rendered":"<p>The size of the bouquet and the number of flowers in it depends on the size of the chosen bouquet.<\/p>","protected":false},"featured_media":11290,"comment_status":"open","ping_status":"closed","template":"","meta":[],"product_brand":[],"product_cat":[149],"product_tag":[],"class_list":{"0":"post-11289","1":"product","2":"type-product","3":"status-publish","4":"has-post-thumbnail","6":"product_cat-ziedu-puski","7":"tm-has-options","9":"first","10":"instock","11":"shipping-taxable","12":"purchasable","13":"product-type-simple"},"yoast_head":"<!-- This site is optimized with the Yoast SEO plugin v27.3 - https:\/\/yoast.com\/product\/yoast-seo-wordpress\/ -->\n<title>Ziedu pu\u0161\u0137is &quot;Saules stari\u0146\u0161&quot; - Ziedi no ZiediKarmena<\/title>\n<meta name=\"description\" content=\"Ziedu pu\u0161\u0137is &quot;Saules stari\u0146\u0161&quot; - spilgti dzelten\u0101 ziedu kr\u0101sa \u0161aj\u0101 pu\u0161\u0137\u012b simboliz\u0113 saulainu prieku un laimi. Tas piepild\u012bs telpu ar siltumu un m\u0101j\u012bgumu\" \/>\n<meta name=\"robots\" content=\"index, follow, max-snippet:-1, max-image-preview:large, max-video-preview:-1\" \/>\n<link rel=\"canonical\" href=\"https:\/\/ziedikarmena.lv\/en\/product\/puskis-33\/\" \/>\n<meta property=\"og:locale\" content=\"en_GB\" \/>\n<meta property=\"og:type\" content=\"article\" \/>\n<meta property=\"og:title\" content=\"Ziedu pu\u0161\u0137is &quot;Saules stari\u0146\u0161&quot; - Ziedi no ZiediKarmena\" \/>\n<meta property=\"og:description\" content=\"Ziedu pu\u0161\u0137is &quot;Saules stari\u0146\u0161&quot; - spilgti dzelten\u0101 ziedu kr\u0101sa \u0161aj\u0101 pu\u0161\u0137\u012b simboliz\u0113 saulainu prieku un laimi. Tas piepild\u012bs telpu ar siltumu un m\u0101j\u012bgumu\" \/>\n<meta property=\"og:url\" content=\"https:\/\/ziedikarmena.lv\/en\/product\/puskis-33\/\" \/>\n<meta property=\"og:site_name\" content=\"Ziedi un Pu\u0161\u0137i R\u012bg\u0101 \u2013 ZiediKarmena\" \/>\n<meta property=\"article:publisher\" content=\"https:\/\/www.facebook.com\/ziedikarmena.lv\/\" \/>\n<meta property=\"article:modified_time\" content=\"2023-05-13T12:21:19+00:00\" \/>\n<meta property=\"og:image\" content=\"https:\/\/ziedikarmena.lv\/wp-content\/uploads\/2023\/04\/buketi033.jpg\" \/>\n\t<meta property=\"og:image:width\" content=\"1000\" \/>\n\t<meta property=\"og:image:height\" content=\"1000\" \/>\n\t<meta property=\"og:image:type\" content=\"image\/jpeg\" \/>\n<meta name=\"twitter:card\" content=\"summary_large_image\" \/>\n<meta name=\"twitter:label1\" content=\"Estimated reading time\" \/>\n\t<meta name=\"twitter:data1\" content=\"1 minute\" \/>\n<script type=\"application\/ld+json\" class=\"yoast-schema-graph\">{\"@context\":\"https:\\\/\\\/schema.org\",\"@graph\":[{\"@type\":\"WebPage\",\"@id\":\"https:\\\/\\\/ziedikarmena.lv\\\/product\\\/puskis-33\\\/\",\"url\":\"https:\\\/\\\/ziedikarmena.lv\\\/product\\\/puskis-33\\\/\",\"name\":\"Ziedu pu\u0161\u0137is \\\"Saules stari\u0146\u0161\\\" - Ziedi no ZiediKarmena\",\"isPartOf\":{\"@id\":\"https:\\\/\\\/ziedikarmena.lv\\\/#website\"},\"primaryImageOfPage\":{\"@id\":\"https:\\\/\\\/ziedikarmena.lv\\\/product\\\/puskis-33\\\/#primaryimage\"},\"image\":{\"@id\":\"https:\\\/\\\/ziedikarmena.lv\\\/product\\\/puskis-33\\\/#primaryimage\"},\"thumbnailUrl\":\"https:\\\/\\\/ziedikarmena.lv\\\/wp-content\\\/uploads\\\/2023\\\/04\\\/buketi033.jpg\",\"datePublished\":\"2020-12-09T06:17:50+00:00\",\"dateModified\":\"2023-05-13T12:21:19+00:00\",\"description\":\"Ziedu pu\u0161\u0137is \\\"Saules stari\u0146\u0161\\\" - spilgti dzelten\u0101 ziedu kr\u0101sa \u0161aj\u0101 pu\u0161\u0137\u012b simboliz\u0113 saulainu prieku un laimi. Tas piepild\u012bs telpu ar siltumu un m\u0101j\u012bgumu\",\"breadcrumb\":{\"@id\":\"https:\\\/\\\/ziedikarmena.lv\\\/product\\\/puskis-33\\\/#breadcrumb\"},\"inLanguage\":\"en-GB\",\"potentialAction\":[{\"@type\":\"ReadAction\",\"target\":[\"https:\\\/\\\/ziedikarmena.lv\\\/product\\\/puskis-33\\\/\"]}]},{\"@type\":\"ImageObject\",\"inLanguage\":\"en-GB\",\"@id\":\"https:\\\/\\\/ziedikarmena.lv\\\/product\\\/puskis-33\\\/#primaryimage\",\"url\":\"https:\\\/\\\/ziedikarmena.lv\\\/wp-content\\\/uploads\\\/2023\\\/04\\\/buketi033.jpg\",\"contentUrl\":\"https:\\\/\\\/ziedikarmena.lv\\\/wp-content\\\/uploads\\\/2023\\\/04\\\/buketi033.jpg\",\"width\":1000,\"height\":1000},{\"@type\":\"BreadcrumbList\",\"@id\":\"https:\\\/\\\/ziedikarmena.lv\\\/product\\\/puskis-33\\\/#breadcrumb\",\"itemListElement\":[{\"@type\":\"ListItem\",\"position\":1,\"name\":\"Home\",\"item\":\"https:\\\/\\\/ziedikarmena.lv\\\/\"},{\"@type\":\"ListItem\",\"position\":2,\"name\":\"Katalogs\",\"item\":\"https:\\\/\\\/ziedikarmena.lv\\\/katalogs\\\/\"},{\"@type\":\"ListItem\",\"position\":3,\"name\":\"Saules stari\u0146\u0161\"}]},{\"@type\":\"WebSite\",\"@id\":\"https:\\\/\\\/ziedikarmena.lv\\\/#website\",\"url\":\"https:\\\/\\\/ziedikarmena.lv\\\/\",\"name\":\"\u0100tra pu\u0161\u0137u pieg\u0101de R\u012bg\u0101 \u2013 ZiediKarmena\",\"description\":\"Pu\u0161\u0137i tiks pieg\u0101d\u0101ti tie\u0161i j\u016bsu nor\u0101d\u012btaj\u0101 datum\u0101! Lab\u0101k\u0101s kvalit\u0101tes ziedi tikai pie ZiediKarmena!\",\"publisher\":{\"@id\":\"https:\\\/\\\/ziedikarmena.lv\\\/#organization\"},\"potentialAction\":[{\"@type\":\"SearchAction\",\"target\":{\"@type\":\"EntryPoint\",\"urlTemplate\":\"https:\\\/\\\/ziedikarmena.lv\\\/?s={search_term_string}\"},\"query-input\":{\"@type\":\"PropertyValueSpecification\",\"valueRequired\":true,\"valueName\":\"search_term_string\"}}],\"inLanguage\":\"en-GB\"},{\"@type\":\"Organization\",\"@id\":\"https:\\\/\\\/ziedikarmena.lv\\\/#organization\",\"name\":\"SIA \u201cSA EURO\u201d\",\"url\":\"https:\\\/\\\/ziedikarmena.lv\\\/\",\"logo\":{\"@type\":\"ImageObject\",\"inLanguage\":\"en-GB\",\"@id\":\"https:\\\/\\\/ziedikarmena.lv\\\/#\\\/schema\\\/logo\\\/image\\\/\",\"url\":\"https:\\\/\\\/ziedikarmena.lv\\\/wp-content\\\/uploads\\\/2023\\\/04\\\/logo-new.svg\",\"contentUrl\":\"https:\\\/\\\/ziedikarmena.lv\\\/wp-content\\\/uploads\\\/2023\\\/04\\\/logo-new.svg\",\"width\":182,\"height\":100,\"caption\":\"SIA \u201cSA EURO\u201d\"},\"image\":{\"@id\":\"https:\\\/\\\/ziedikarmena.lv\\\/#\\\/schema\\\/logo\\\/image\\\/\"},\"sameAs\":[\"https:\\\/\\\/www.facebook.com\\\/ziedikarmena.lv\\\/\",\"https:\\\/\\\/www.instagram.com\\\/ziedikarmena.lv\\\/\"]}]}<\/script>\n<!-- \/ Yoast SEO plugin. -->","yoast_head_json":{"title":"Bouquet of flowers \"Sun Ray\" - Flowers by ZiediKarmena","description":"Flower bouquet \"Sunshine\" - the bright yellow colour of the flowers in this bouquet symbolises sunny joy and happiness. It will fill the room with warmth and cosiness","robots":{"index":"index","follow":"follow","max-snippet":"max-snippet:-1","max-image-preview":"max-image-preview:large","max-video-preview":"max-video-preview:-1"},"canonical":"https:\/\/ziedikarmena.lv\/en\/product\/puskis-33\/","og_locale":"en_GB","og_type":"article","og_title":"Ziedu pu\u0161\u0137is \"Saules stari\u0146\u0161\" - Ziedi no ZiediKarmena","og_description":"Ziedu pu\u0161\u0137is \"Saules stari\u0146\u0161\" - spilgti dzelten\u0101 ziedu kr\u0101sa \u0161aj\u0101 pu\u0161\u0137\u012b simboliz\u0113 saulainu prieku un laimi. Tas piepild\u012bs telpu ar siltumu un m\u0101j\u012bgumu","og_url":"https:\/\/ziedikarmena.lv\/en\/product\/puskis-33\/","og_site_name":"Ziedi un Pu\u0161\u0137i R\u012bg\u0101 \u2013 ZiediKarmena","article_publisher":"https:\/\/www.facebook.com\/ziedikarmena.lv\/","article_modified_time":"2023-05-13T12:21:19+00:00","og_image":[{"width":1000,"height":1000,"url":"https:\/\/ziedikarmena.lv\/wp-content\/uploads\/2023\/04\/buketi033.jpg","type":"image\/jpeg"}],"twitter_card":"summary_large_image","twitter_misc":{"Estimated reading time":"1 minute"},"schema":{"@context":"https:\/\/schema.org","@graph":[{"@type":"WebPage","@id":"https:\/\/ziedikarmena.lv\/product\/puskis-33\/","url":"https:\/\/ziedikarmena.lv\/product\/puskis-33\/","name":"Bouquet of flowers \"Sun Ray\" - Flowers by ZiediKarmena","isPartOf":{"@id":"https:\/\/ziedikarmena.lv\/#website"},"primaryImageOfPage":{"@id":"https:\/\/ziedikarmena.lv\/product\/puskis-33\/#primaryimage"},"image":{"@id":"https:\/\/ziedikarmena.lv\/product\/puskis-33\/#primaryimage"},"thumbnailUrl":"https:\/\/ziedikarmena.lv\/wp-content\/uploads\/2023\/04\/buketi033.jpg","datePublished":"2020-12-09T06:17:50+00:00","dateModified":"2023-05-13T12:21:19+00:00","description":"Flower bouquet \"Sunshine\" - the bright yellow colour of the flowers in this bouquet symbolises sunny joy and happiness. It will fill the room with warmth and cosiness","breadcrumb":{"@id":"https:\/\/ziedikarmena.lv\/product\/puskis-33\/#breadcrumb"},"inLanguage":"en-GB","potentialAction":[{"@type":"ReadAction","target":["https:\/\/ziedikarmena.lv\/product\/puskis-33\/"]}]},{"@type":"ImageObject","inLanguage":"en-GB","@id":"https:\/\/ziedikarmena.lv\/product\/puskis-33\/#primaryimage","url":"https:\/\/ziedikarmena.lv\/wp-content\/uploads\/2023\/04\/buketi033.jpg","contentUrl":"https:\/\/ziedikarmena.lv\/wp-content\/uploads\/2023\/04\/buketi033.jpg","width":1000,"height":1000},{"@type":"BreadcrumbList","@id":"https:\/\/ziedikarmena.lv\/product\/puskis-33\/#breadcrumb","itemListElement":[{"@type":"ListItem","position":1,"name":"Home","item":"https:\/\/ziedikarmena.lv\/"},{"@type":"ListItem","position":2,"name":"Katalogs","item":"https:\/\/ziedikarmena.lv\/katalogs\/"},{"@type":"ListItem","position":3,"name":"Saules stari\u0146\u0161"}]},{"@type":"WebSite","@id":"https:\/\/ziedikarmena.lv\/#website","url":"https:\/\/ziedikarmena.lv\/","name":"Fast bouquets delivery in Riga - ZiediKarmena","description":"Bouquets will be delivered right on the date you specified! The best quality flowers only at ZiediKarmena!","publisher":{"@id":"https:\/\/ziedikarmena.lv\/#organization"},"potentialAction":[{"@type":"SearchAction","target":{"@type":"EntryPoint","urlTemplate":"https:\/\/ziedikarmena.lv\/?s={search_term_string}"},"query-input":{"@type":"PropertyValueSpecification","valueRequired":true,"valueName":"search_term_string"}}],"inLanguage":"en-GB"},{"@type":"Organization","@id":"https:\/\/ziedikarmena.lv\/#organization","name":"SIA \u201cSA EURO\u201d","url":"https:\/\/ziedikarmena.lv\/","logo":{"@type":"ImageObject","inLanguage":"en-GB","@id":"https:\/\/ziedikarmena.lv\/#\/schema\/logo\/image\/","url":"https:\/\/ziedikarmena.lv\/wp-content\/uploads\/2023\/04\/logo-new.svg","contentUrl":"https:\/\/ziedikarmena.lv\/wp-content\/uploads\/2023\/04\/logo-new.svg","width":182,"height":100,"caption":"SIA \u201cSA EURO\u201d"},"image":{"@id":"https:\/\/ziedikarmena.lv\/#\/schema\/logo\/image\/"},"sameAs":["https:\/\/www.facebook.com\/ziedikarmena.lv\/","https:\/\/www.instagram.com\/ziedikarmena.lv\/"]}]}},"_links":{"self":[{"href":"https:\/\/ziedikarmena.lv\/en\/wp-json\/wp\/v2\/product\/11289","targetHints":{"allow":["GET"]}}],"collection":[{"href":"https:\/\/ziedikarmena.lv\/en\/wp-json\/wp\/v2\/product"}],"about":[{"href":"https:\/\/ziedikarmena.lv\/en\/wp-json\/wp\/v2\/types\/product"}],"replies":[{"embeddable":true,"href":"https:\/\/ziedikarmena.lv\/en\/wp-json\/wp\/v2\/comments?post=11289"}],"version-history":[{"count":0,"href":"https:\/\/ziedikarmena.lv\/en\/wp-json\/wp\/v2\/product\/11289\/revisions"}],"wp:featuredmedia":[{"embeddable":true,"href":"https:\/\/ziedikarmena.lv\/en\/wp-json\/wp\/v2\/media\/11290"}],"wp:attachment":[{"href":"https:\/\/ziedikarmena.lv\/en\/wp-json\/wp\/v2\/media?parent=11289"}],"wp:term":[{"taxonomy":"product_brand","embeddable":true,"href":"https:\/\/ziedikarmena.lv\/en\/wp-json\/wp\/v2\/product_brand?post=11289"},{"taxonomy":"product_cat","embeddable":true,"href":"https:\/\/ziedikarmena.lv\/en\/wp-json\/wp\/v2\/product_cat?post=11289"},{"taxonomy":"product_tag","embeddable":true,"href":"https:\/\/ziedikarmena.lv\/en\/wp-json\/wp\/v2\/product_tag?post=11289"}],"curies":[{"name":"wp","href":"https:\/\/api.w.org\/{rel}","templated":true}]}}