{"id":11124,"date":"2020-03-04T17:22:42","date_gmt":"2020-03-04T17:22:42","guid":{"rendered":"https:\/\/ziedikarmena.lv\/?product=ziedu-grozs-17"},"modified":"2025-02-26T21:17:14","modified_gmt":"2025-02-26T21:17:14","slug":"ziedu-grozs-17","status":"publish","type":"product","link":"https:\/\/ziedikarmena.lv\/en\/product\/ziedu-grozs-17\/","title":{"rendered":"Flower basket \"Pink dance\""},"content":{"rendered":"<p>\"Pink Dance\" is the name, reflecting the combination of pink tones in this basket of flowers with elements of green. It could resemble a delicate dance performance in which the pink flowers interact with each other as the main actors. The red alstroemeria adds contrast and depth, while the pale roses add subtlety and sophistication.<\/p>","protected":false},"excerpt":{"rendered":"<p>\"Pink Dance\" is the name, reflecting the combination of pink tones in this basket of flowers with elements of green. It might be reminiscent of a delicate dance<\/p>","protected":false},"featured_media":11125,"comment_status":"open","ping_status":"closed","template":"","meta":[],"product_brand":[],"product_cat":[159],"product_tag":[],"class_list":{"0":"post-11124","1":"product","2":"type-product","3":"status-publish","4":"has-post-thumbnail","6":"product_cat-ziedu-grozi","7":"tm-has-options","9":"first","10":"instock","11":"shipping-taxable","12":"purchasable","13":"product-type-simple"},"yoast_head":"<!-- This site is optimized with the Yoast SEO plugin v27.2 - https:\/\/yoast.com\/product\/yoast-seo-wordpress\/ -->\n<title>Ziedu grozs &quot;Roz\u0101 deja&quot; - Ziedi no ZiediKarmena<\/title>\n<meta name=\"description\" content=\"Ziedu grozs &quot;Roz\u0101 deja&quot; ir nosaukums, kas atspogu\u013co roz\u0101 to\u0146u kombin\u0101ciju \u0161aj\u0101 ziedu groz\u0101 ar za\u013cuma elementiem. Ziedu grozi ar pieg\u0101di\" \/>\n<meta name=\"robots\" content=\"index, follow, max-snippet:-1, max-image-preview:large, max-video-preview:-1\" \/>\n<link rel=\"canonical\" href=\"https:\/\/ziedikarmena.lv\/en\/product\/ziedu-grozs-17\/\" \/>\n<meta property=\"og:locale\" content=\"en_GB\" \/>\n<meta property=\"og:type\" content=\"article\" \/>\n<meta property=\"og:title\" content=\"Ziedu grozs &quot;Roz\u0101 deja&quot; - Ziedi no ZiediKarmena\" \/>\n<meta property=\"og:description\" content=\"Ziedu grozs &quot;Roz\u0101 deja&quot; ir nosaukums, kas atspogu\u013co roz\u0101 to\u0146u kombin\u0101ciju \u0161aj\u0101 ziedu groz\u0101 ar za\u013cuma elementiem. Ziedu grozi ar pieg\u0101di\" \/>\n<meta property=\"og:url\" content=\"https:\/\/ziedikarmena.lv\/en\/product\/ziedu-grozs-17\/\" \/>\n<meta property=\"og:site_name\" content=\"Ziedi un Pu\u0161\u0137i R\u012bg\u0101 \u2013 ZiediKarmena\" \/>\n<meta property=\"article:publisher\" content=\"https:\/\/www.facebook.com\/ziedikarmena.lv\/\" \/>\n<meta property=\"article:modified_time\" content=\"2025-02-26T21:17:14+00:00\" \/>\n<meta property=\"og:image\" content=\"https:\/\/ziedikarmena.lv\/wp-content\/uploads\/2023\/04\/ziedugrozs017.jpg\" \/>\n\t<meta property=\"og:image:width\" content=\"1000\" \/>\n\t<meta property=\"og:image:height\" content=\"1000\" \/>\n\t<meta property=\"og:image:type\" content=\"image\/jpeg\" \/>\n<meta name=\"twitter:card\" content=\"summary_large_image\" \/>\n<meta name=\"twitter:label1\" content=\"Estimated reading time\" \/>\n\t<meta name=\"twitter:data1\" content=\"1 minute\" \/>\n<script type=\"application\/ld+json\" class=\"yoast-schema-graph\">{\"@context\":\"https:\/\/schema.org\",\"@graph\":[{\"@type\":\"WebPage\",\"@id\":\"https:\/\/ziedikarmena.lv\/product\/ziedu-grozs-17\/\",\"url\":\"https:\/\/ziedikarmena.lv\/product\/ziedu-grozs-17\/\",\"name\":\"Ziedu grozs \\\"Roz\u0101 deja\\\" - Ziedi no ZiediKarmena\",\"isPartOf\":{\"@id\":\"https:\/\/ziedikarmena.lv\/#website\"},\"primaryImageOfPage\":{\"@id\":\"https:\/\/ziedikarmena.lv\/product\/ziedu-grozs-17\/#primaryimage\"},\"image\":{\"@id\":\"https:\/\/ziedikarmena.lv\/product\/ziedu-grozs-17\/#primaryimage\"},\"thumbnailUrl\":\"https:\/\/ziedikarmena.lv\/wp-content\/uploads\/2023\/04\/ziedugrozs017.jpg\",\"datePublished\":\"2020-03-04T17:22:42+00:00\",\"dateModified\":\"2025-02-26T21:17:14+00:00\",\"description\":\"Ziedu grozs \\\"Roz\u0101 deja\\\" ir nosaukums, kas atspogu\u013co roz\u0101 to\u0146u kombin\u0101ciju \u0161aj\u0101 ziedu groz\u0101 ar za\u013cuma elementiem. Ziedu grozi ar pieg\u0101di\",\"breadcrumb\":{\"@id\":\"https:\/\/ziedikarmena.lv\/product\/ziedu-grozs-17\/#breadcrumb\"},\"inLanguage\":\"en-GB\",\"potentialAction\":[{\"@type\":\"ReadAction\",\"target\":[\"https:\/\/ziedikarmena.lv\/product\/ziedu-grozs-17\/\"]}]},{\"@type\":\"ImageObject\",\"inLanguage\":\"en-GB\",\"@id\":\"https:\/\/ziedikarmena.lv\/product\/ziedu-grozs-17\/#primaryimage\",\"url\":\"https:\/\/ziedikarmena.lv\/wp-content\/uploads\/2023\/04\/ziedugrozs017.jpg\",\"contentUrl\":\"https:\/\/ziedikarmena.lv\/wp-content\/uploads\/2023\/04\/ziedugrozs017.jpg\",\"width\":1000,\"height\":1000,\"caption\":\"Ziedu grozs \\\"Roz\u0101 deja\\\"\"},{\"@type\":\"BreadcrumbList\",\"@id\":\"https:\/\/ziedikarmena.lv\/product\/ziedu-grozs-17\/#breadcrumb\",\"itemListElement\":[{\"@type\":\"ListItem\",\"position\":1,\"name\":\"Home\",\"item\":\"https:\/\/ziedikarmena.lv\/\"},{\"@type\":\"ListItem\",\"position\":2,\"name\":\"Katalogs\",\"item\":\"https:\/\/ziedikarmena.lv\/katalogs\/\"},{\"@type\":\"ListItem\",\"position\":3,\"name\":\"Ziedu grozs &#8220;Roz\u0101 deja&#8221;\"}]},{\"@type\":\"WebSite\",\"@id\":\"https:\/\/ziedikarmena.lv\/#website\",\"url\":\"https:\/\/ziedikarmena.lv\/\",\"name\":\"\u0100tra pu\u0161\u0137u pieg\u0101de R\u012bg\u0101 \u2013 ZiediKarmena\",\"description\":\"Pu\u0161\u0137i tiks pieg\u0101d\u0101ti tie\u0161i j\u016bsu nor\u0101d\u012btaj\u0101 datum\u0101! Lab\u0101k\u0101s kvalit\u0101tes ziedi tikai pie ZiediKarmena!\",\"publisher\":{\"@id\":\"https:\/\/ziedikarmena.lv\/#organization\"},\"potentialAction\":[{\"@type\":\"SearchAction\",\"target\":{\"@type\":\"EntryPoint\",\"urlTemplate\":\"https:\/\/ziedikarmena.lv\/?s={search_term_string}\"},\"query-input\":{\"@type\":\"PropertyValueSpecification\",\"valueRequired\":true,\"valueName\":\"search_term_string\"}}],\"inLanguage\":\"en-GB\"},{\"@type\":\"Organization\",\"@id\":\"https:\/\/ziedikarmena.lv\/#organization\",\"name\":\"SIA \u201cSA EURO\u201d\",\"url\":\"https:\/\/ziedikarmena.lv\/\",\"logo\":{\"@type\":\"ImageObject\",\"inLanguage\":\"en-GB\",\"@id\":\"https:\/\/ziedikarmena.lv\/#\/schema\/logo\/image\/\",\"url\":\"https:\/\/ziedikarmena.lv\/wp-content\/uploads\/2023\/04\/logo-new.svg\",\"contentUrl\":\"https:\/\/ziedikarmena.lv\/wp-content\/uploads\/2023\/04\/logo-new.svg\",\"width\":182,\"height\":100,\"caption\":\"SIA \u201cSA EURO\u201d\"},\"image\":{\"@id\":\"https:\/\/ziedikarmena.lv\/#\/schema\/logo\/image\/\"},\"sameAs\":[\"https:\/\/www.facebook.com\/ziedikarmena.lv\/\",\"https:\/\/www.instagram.com\/ziedikarmena.lv\/\"]}]}<\/script>\n<!-- \/ Yoast SEO plugin. -->","yoast_head_json":{"title":"Flower basket \"Pink Dance\" - Flowers from ZiediKarmena","description":"The name of the \"Pink Dance\" flower basket reflects the combination of pink tones in this flower basket with elements of green. Flower baskets with delivery","robots":{"index":"index","follow":"follow","max-snippet":"max-snippet:-1","max-image-preview":"max-image-preview:large","max-video-preview":"max-video-preview:-1"},"canonical":"https:\/\/ziedikarmena.lv\/en\/product\/ziedu-grozs-17\/","og_locale":"en_GB","og_type":"article","og_title":"Ziedu grozs \"Roz\u0101 deja\" - Ziedi no ZiediKarmena","og_description":"Ziedu grozs \"Roz\u0101 deja\" ir nosaukums, kas atspogu\u013co roz\u0101 to\u0146u kombin\u0101ciju \u0161aj\u0101 ziedu groz\u0101 ar za\u013cuma elementiem. Ziedu grozi ar pieg\u0101di","og_url":"https:\/\/ziedikarmena.lv\/en\/product\/ziedu-grozs-17\/","og_site_name":"Ziedi un Pu\u0161\u0137i R\u012bg\u0101 \u2013 ZiediKarmena","article_publisher":"https:\/\/www.facebook.com\/ziedikarmena.lv\/","article_modified_time":"2025-02-26T21:17:14+00:00","og_image":[{"width":1000,"height":1000,"url":"https:\/\/ziedikarmena.lv\/wp-content\/uploads\/2023\/04\/ziedugrozs017.jpg","type":"image\/jpeg"}],"twitter_card":"summary_large_image","twitter_misc":{"Estimated reading time":"1 minute"},"schema":{"@context":"https:\/\/schema.org","@graph":[{"@type":"WebPage","@id":"https:\/\/ziedikarmena.lv\/product\/ziedu-grozs-17\/","url":"https:\/\/ziedikarmena.lv\/product\/ziedu-grozs-17\/","name":"Flower basket \"Pink Dance\" - Flowers from ZiediKarmena","isPartOf":{"@id":"https:\/\/ziedikarmena.lv\/#website"},"primaryImageOfPage":{"@id":"https:\/\/ziedikarmena.lv\/product\/ziedu-grozs-17\/#primaryimage"},"image":{"@id":"https:\/\/ziedikarmena.lv\/product\/ziedu-grozs-17\/#primaryimage"},"thumbnailUrl":"https:\/\/ziedikarmena.lv\/wp-content\/uploads\/2023\/04\/ziedugrozs017.jpg","datePublished":"2020-03-04T17:22:42+00:00","dateModified":"2025-02-26T21:17:14+00:00","description":"The name of the \"Pink Dance\" flower basket reflects the combination of pink tones in this flower basket with elements of green. Flower baskets with delivery","breadcrumb":{"@id":"https:\/\/ziedikarmena.lv\/product\/ziedu-grozs-17\/#breadcrumb"},"inLanguage":"en-GB","potentialAction":[{"@type":"ReadAction","target":["https:\/\/ziedikarmena.lv\/product\/ziedu-grozs-17\/"]}]},{"@type":"ImageObject","inLanguage":"en-GB","@id":"https:\/\/ziedikarmena.lv\/product\/ziedu-grozs-17\/#primaryimage","url":"https:\/\/ziedikarmena.lv\/wp-content\/uploads\/2023\/04\/ziedugrozs017.jpg","contentUrl":"https:\/\/ziedikarmena.lv\/wp-content\/uploads\/2023\/04\/ziedugrozs017.jpg","width":1000,"height":1000,"caption":"Ziedu grozs \"Roz\u0101 deja\""},{"@type":"BreadcrumbList","@id":"https:\/\/ziedikarmena.lv\/product\/ziedu-grozs-17\/#breadcrumb","itemListElement":[{"@type":"ListItem","position":1,"name":"Home","item":"https:\/\/ziedikarmena.lv\/"},{"@type":"ListItem","position":2,"name":"Katalogs","item":"https:\/\/ziedikarmena.lv\/katalogs\/"},{"@type":"ListItem","position":3,"name":"Ziedu grozs &#8220;Roz\u0101 deja&#8221;"}]},{"@type":"WebSite","@id":"https:\/\/ziedikarmena.lv\/#website","url":"https:\/\/ziedikarmena.lv\/","name":"Fast bouquets delivery in Riga - ZiediKarmena","description":"Bouquets will be delivered right on the date you specified! The best quality flowers only at ZiediKarmena!","publisher":{"@id":"https:\/\/ziedikarmena.lv\/#organization"},"potentialAction":[{"@type":"SearchAction","target":{"@type":"EntryPoint","urlTemplate":"https:\/\/ziedikarmena.lv\/?s={search_term_string}"},"query-input":{"@type":"PropertyValueSpecification","valueRequired":true,"valueName":"search_term_string"}}],"inLanguage":"en-GB"},{"@type":"Organization","@id":"https:\/\/ziedikarmena.lv\/#organization","name":"SIA \u201cSA EURO\u201d","url":"https:\/\/ziedikarmena.lv\/","logo":{"@type":"ImageObject","inLanguage":"en-GB","@id":"https:\/\/ziedikarmena.lv\/#\/schema\/logo\/image\/","url":"https:\/\/ziedikarmena.lv\/wp-content\/uploads\/2023\/04\/logo-new.svg","contentUrl":"https:\/\/ziedikarmena.lv\/wp-content\/uploads\/2023\/04\/logo-new.svg","width":182,"height":100,"caption":"SIA \u201cSA EURO\u201d"},"image":{"@id":"https:\/\/ziedikarmena.lv\/#\/schema\/logo\/image\/"},"sameAs":["https:\/\/www.facebook.com\/ziedikarmena.lv\/","https:\/\/www.instagram.com\/ziedikarmena.lv\/"]}]}},"_links":{"self":[{"href":"https:\/\/ziedikarmena.lv\/en\/wp-json\/wp\/v2\/product\/11124","targetHints":{"allow":["GET"]}}],"collection":[{"href":"https:\/\/ziedikarmena.lv\/en\/wp-json\/wp\/v2\/product"}],"about":[{"href":"https:\/\/ziedikarmena.lv\/en\/wp-json\/wp\/v2\/types\/product"}],"replies":[{"embeddable":true,"href":"https:\/\/ziedikarmena.lv\/en\/wp-json\/wp\/v2\/comments?post=11124"}],"version-history":[{"count":0,"href":"https:\/\/ziedikarmena.lv\/en\/wp-json\/wp\/v2\/product\/11124\/revisions"}],"wp:featuredmedia":[{"embeddable":true,"href":"https:\/\/ziedikarmena.lv\/en\/wp-json\/wp\/v2\/media\/11125"}],"wp:attachment":[{"href":"https:\/\/ziedikarmena.lv\/en\/wp-json\/wp\/v2\/media?parent=11124"}],"wp:term":[{"taxonomy":"product_brand","embeddable":true,"href":"https:\/\/ziedikarmena.lv\/en\/wp-json\/wp\/v2\/product_brand?post=11124"},{"taxonomy":"product_cat","embeddable":true,"href":"https:\/\/ziedikarmena.lv\/en\/wp-json\/wp\/v2\/product_cat?post=11124"},{"taxonomy":"product_tag","embeddable":true,"href":"https:\/\/ziedikarmena.lv\/en\/wp-json\/wp\/v2\/product_tag?post=11124"}],"curies":[{"name":"wp","href":"https:\/\/api.w.org\/{rel}","templated":true}]}}