{"id":12,"date":"2023-05-08T14:20:58","date_gmt":"2023-05-08T14:20:58","guid":{"rendered":"https:\/\/ziedikarmena.lv\/?page_id=12"},"modified":"2023-05-11T09:04:42","modified_gmt":"2023-05-11T09:04:42","slug":"refund","status":"publish","type":"page","link":"https:\/\/ziedikarmena.lv\/en\/refund\/","title":{"rendered":"Return and refund"},"content":{"rendered":"<p>The buyer can cancel the service and return the money if:<\/p>\n\n\n\n<ol class=\"wp-block-list\">\n<li>The purchased item is damaged (during delivery)<\/li>\n\n\n\n<li>The delivery had not been made<\/li>\n<\/ol>\n\n\n\n<p>Refunds will be made within 14 days of payment<\/p>\n\n\n\n<p>A live item cannot be returned after 6 hours<\/p>","protected":false},"excerpt":{"rendered":"<p>Pirc\u0113js var atteikties no pakalpojuma un atgriezt naudas l\u012bdzek\u013cus, gad\u012bjum\u0101 ja: Naudas l\u012bdzek\u013ci tiks atgriezti atpaka\u013c 14 dienu laik\u0101 p\u0113c<\/p>","protected":false},"author":697,"featured_media":0,"parent":0,"menu_order":0,"comment_status":"closed","ping_status":"closed","template":"","meta":{"footnotes":""},"class_list":["post-12","page","type-page","status-publish","hentry"],"yoast_head":"<!-- This site is optimized with the Yoast SEO plugin v27.3 - https:\/\/yoast.com\/product\/yoast-seo-wordpress\/ -->\n<title>Atteik\u0161ana no preces &#8211; Ziedi un Pu\u0161\u0137i R\u012bg\u0101 \u2013 ZiediKarmena<\/title>\n<meta name=\"description\" content=\"Atteik\u0161ana no preces. 14 dienu laik\u0101 p\u0113c maks\u0101juma veik\u0161anasDz\u012bvo preci nevar atgriezt atpaka\u013c p\u0113c 6 stund\u0101m\" \/>\n<meta name=\"robots\" content=\"index, follow, max-snippet:-1, max-image-preview:large, max-video-preview:-1\" \/>\n<link rel=\"canonical\" href=\"https:\/\/ziedikarmena.lv\/en\/refund\/\" \/>\n<meta property=\"og:locale\" content=\"en_GB\" \/>\n<meta property=\"og:type\" content=\"article\" \/>\n<meta property=\"og:title\" content=\"Atteik\u0161ana no preces &#8211; Ziedi un Pu\u0161\u0137i R\u012bg\u0101 \u2013 ZiediKarmena\" \/>\n<meta property=\"og:description\" content=\"Atteik\u0161ana no preces. 14 dienu laik\u0101 p\u0113c maks\u0101juma veik\u0161anasDz\u012bvo preci nevar atgriezt atpaka\u013c p\u0113c 6 stund\u0101m\" \/>\n<meta property=\"og:url\" content=\"https:\/\/ziedikarmena.lv\/en\/refund\/\" \/>\n<meta property=\"og:site_name\" content=\"Ziedi un Pu\u0161\u0137i R\u012bg\u0101 \u2013 ZiediKarmena\" \/>\n<meta property=\"article:publisher\" content=\"https:\/\/www.facebook.com\/ziedikarmena.lv\/\" \/>\n<meta property=\"article:modified_time\" content=\"2023-05-11T09:04:42+00:00\" \/>\n<meta name=\"twitter:card\" content=\"summary_large_image\" \/>\n<meta name=\"twitter:label1\" content=\"Estimated reading time\" \/>\n\t<meta name=\"twitter:data1\" content=\"1 minute\" \/>\n<script type=\"application\/ld+json\" class=\"yoast-schema-graph\">{\"@context\":\"https:\\\/\\\/schema.org\",\"@graph\":[{\"@type\":\"WebPage\",\"@id\":\"https:\\\/\\\/ziedikarmena.lv\\\/refund\\\/\",\"url\":\"https:\\\/\\\/ziedikarmena.lv\\\/refund\\\/\",\"name\":\"Atteik\u0161ana no preces &#8211; Ziedi un Pu\u0161\u0137i R\u012bg\u0101 \u2013 ZiediKarmena\",\"isPartOf\":{\"@id\":\"https:\\\/\\\/ziedikarmena.lv\\\/#website\"},\"datePublished\":\"2023-05-08T14:20:58+00:00\",\"dateModified\":\"2023-05-11T09:04:42+00:00\",\"description\":\"Atteik\u0161ana no preces. 14 dienu laik\u0101 p\u0113c maks\u0101juma veik\u0161anasDz\u012bvo preci nevar atgriezt atpaka\u013c p\u0113c 6 stund\u0101m\",\"breadcrumb\":{\"@id\":\"https:\\\/\\\/ziedikarmena.lv\\\/refund\\\/#breadcrumb\"},\"inLanguage\":\"en-GB\",\"potentialAction\":[{\"@type\":\"ReadAction\",\"target\":[\"https:\\\/\\\/ziedikarmena.lv\\\/refund\\\/\"]}]},{\"@type\":\"BreadcrumbList\",\"@id\":\"https:\\\/\\\/ziedikarmena.lv\\\/refund\\\/#breadcrumb\",\"itemListElement\":[{\"@type\":\"ListItem\",\"position\":1,\"name\":\"Home\",\"item\":\"https:\\\/\\\/ziedikarmena.lv\\\/\"},{\"@type\":\"ListItem\",\"position\":2,\"name\":\"Atteik\u0161ana no preces\"}]},{\"@type\":\"WebSite\",\"@id\":\"https:\\\/\\\/ziedikarmena.lv\\\/#website\",\"url\":\"https:\\\/\\\/ziedikarmena.lv\\\/\",\"name\":\"\u0100tra pu\u0161\u0137u pieg\u0101de R\u012bg\u0101 \u2013 ZiediKarmena\",\"description\":\"Pu\u0161\u0137i tiks pieg\u0101d\u0101ti tie\u0161i j\u016bsu nor\u0101d\u012btaj\u0101 datum\u0101! Lab\u0101k\u0101s kvalit\u0101tes ziedi tikai pie ZiediKarmena!\",\"publisher\":{\"@id\":\"https:\\\/\\\/ziedikarmena.lv\\\/#organization\"},\"potentialAction\":[{\"@type\":\"SearchAction\",\"target\":{\"@type\":\"EntryPoint\",\"urlTemplate\":\"https:\\\/\\\/ziedikarmena.lv\\\/?s={search_term_string}\"},\"query-input\":{\"@type\":\"PropertyValueSpecification\",\"valueRequired\":true,\"valueName\":\"search_term_string\"}}],\"inLanguage\":\"en-GB\"},{\"@type\":\"Organization\",\"@id\":\"https:\\\/\\\/ziedikarmena.lv\\\/#organization\",\"name\":\"SIA \u201cSA EURO\u201d\",\"url\":\"https:\\\/\\\/ziedikarmena.lv\\\/\",\"logo\":{\"@type\":\"ImageObject\",\"inLanguage\":\"en-GB\",\"@id\":\"https:\\\/\\\/ziedikarmena.lv\\\/#\\\/schema\\\/logo\\\/image\\\/\",\"url\":\"https:\\\/\\\/ziedikarmena.lv\\\/wp-content\\\/uploads\\\/2023\\\/04\\\/logo-new.svg\",\"contentUrl\":\"https:\\\/\\\/ziedikarmena.lv\\\/wp-content\\\/uploads\\\/2023\\\/04\\\/logo-new.svg\",\"width\":182,\"height\":100,\"caption\":\"SIA \u201cSA EURO\u201d\"},\"image\":{\"@id\":\"https:\\\/\\\/ziedikarmena.lv\\\/#\\\/schema\\\/logo\\\/image\\\/\"},\"sameAs\":[\"https:\\\/\\\/www.facebook.com\\\/ziedikarmena.lv\\\/\",\"https:\\\/\\\/www.instagram.com\\\/ziedikarmena.lv\\\/\"]}]}<\/script>\n<!-- \/ Yoast SEO plugin. -->","yoast_head_json":{"title":"Atteik\u0161ana no preces &#8211; Ziedi un Pu\u0161\u0137i R\u012bg\u0101 \u2013 ZiediKarmena","description":"Atteik\u0161ana no preces. 14 dienu laik\u0101 p\u0113c maks\u0101juma veik\u0161anasDz\u012bvo preci nevar atgriezt atpaka\u013c p\u0113c 6 stund\u0101m","robots":{"index":"index","follow":"follow","max-snippet":"max-snippet:-1","max-image-preview":"max-image-preview:large","max-video-preview":"max-video-preview:-1"},"canonical":"https:\/\/ziedikarmena.lv\/en\/refund\/","og_locale":"en_GB","og_type":"article","og_title":"Atteik\u0161ana no preces &#8211; Ziedi un Pu\u0161\u0137i R\u012bg\u0101 \u2013 ZiediKarmena","og_description":"Atteik\u0161ana no preces. 14 dienu laik\u0101 p\u0113c maks\u0101juma veik\u0161anasDz\u012bvo preci nevar atgriezt atpaka\u013c p\u0113c 6 stund\u0101m","og_url":"https:\/\/ziedikarmena.lv\/en\/refund\/","og_site_name":"Ziedi un Pu\u0161\u0137i R\u012bg\u0101 \u2013 ZiediKarmena","article_publisher":"https:\/\/www.facebook.com\/ziedikarmena.lv\/","article_modified_time":"2023-05-11T09:04:42+00:00","twitter_card":"summary_large_image","twitter_misc":{"Estimated reading time":"1 minute"},"schema":{"@context":"https:\/\/schema.org","@graph":[{"@type":"WebPage","@id":"https:\/\/ziedikarmena.lv\/refund\/","url":"https:\/\/ziedikarmena.lv\/refund\/","name":"Atteik\u0161ana no preces &#8211; Ziedi un Pu\u0161\u0137i R\u012bg\u0101 \u2013 ZiediKarmena","isPartOf":{"@id":"https:\/\/ziedikarmena.lv\/#website"},"datePublished":"2023-05-08T14:20:58+00:00","dateModified":"2023-05-11T09:04:42+00:00","description":"Atteik\u0161ana no preces. 14 dienu laik\u0101 p\u0113c maks\u0101juma veik\u0161anasDz\u012bvo preci nevar atgriezt atpaka\u013c p\u0113c 6 stund\u0101m","breadcrumb":{"@id":"https:\/\/ziedikarmena.lv\/refund\/#breadcrumb"},"inLanguage":"en-GB","potentialAction":[{"@type":"ReadAction","target":["https:\/\/ziedikarmena.lv\/refund\/"]}]},{"@type":"BreadcrumbList","@id":"https:\/\/ziedikarmena.lv\/refund\/#breadcrumb","itemListElement":[{"@type":"ListItem","position":1,"name":"Home","item":"https:\/\/ziedikarmena.lv\/"},{"@type":"ListItem","position":2,"name":"Atteik\u0161ana no preces"}]},{"@type":"WebSite","@id":"https:\/\/ziedikarmena.lv\/#website","url":"https:\/\/ziedikarmena.lv\/","name":"Fast bouquets delivery in Riga - ZiediKarmena","description":"Bouquets will be delivered right on the date you specified! The best quality flowers only at ZiediKarmena!","publisher":{"@id":"https:\/\/ziedikarmena.lv\/#organization"},"potentialAction":[{"@type":"SearchAction","target":{"@type":"EntryPoint","urlTemplate":"https:\/\/ziedikarmena.lv\/?s={search_term_string}"},"query-input":{"@type":"PropertyValueSpecification","valueRequired":true,"valueName":"search_term_string"}}],"inLanguage":"en-GB"},{"@type":"Organization","@id":"https:\/\/ziedikarmena.lv\/#organization","name":"SIA \u201cSA EURO\u201d","url":"https:\/\/ziedikarmena.lv\/","logo":{"@type":"ImageObject","inLanguage":"en-GB","@id":"https:\/\/ziedikarmena.lv\/#\/schema\/logo\/image\/","url":"https:\/\/ziedikarmena.lv\/wp-content\/uploads\/2023\/04\/logo-new.svg","contentUrl":"https:\/\/ziedikarmena.lv\/wp-content\/uploads\/2023\/04\/logo-new.svg","width":182,"height":100,"caption":"SIA \u201cSA EURO\u201d"},"image":{"@id":"https:\/\/ziedikarmena.lv\/#\/schema\/logo\/image\/"},"sameAs":["https:\/\/www.facebook.com\/ziedikarmena.lv\/","https:\/\/www.instagram.com\/ziedikarmena.lv\/"]}]}},"_links":{"self":[{"href":"https:\/\/ziedikarmena.lv\/en\/wp-json\/wp\/v2\/pages\/12","targetHints":{"allow":["GET"]}}],"collection":[{"href":"https:\/\/ziedikarmena.lv\/en\/wp-json\/wp\/v2\/pages"}],"about":[{"href":"https:\/\/ziedikarmena.lv\/en\/wp-json\/wp\/v2\/types\/page"}],"author":[{"embeddable":true,"href":"https:\/\/ziedikarmena.lv\/en\/wp-json\/wp\/v2\/users\/697"}],"replies":[{"embeddable":true,"href":"https:\/\/ziedikarmena.lv\/en\/wp-json\/wp\/v2\/comments?post=12"}],"version-history":[{"count":0,"href":"https:\/\/ziedikarmena.lv\/en\/wp-json\/wp\/v2\/pages\/12\/revisions"}],"wp:attachment":[{"href":"https:\/\/ziedikarmena.lv\/en\/wp-json\/wp\/v2\/media?parent=12"}],"curies":[{"name":"wp","href":"https:\/\/api.w.org\/{rel}","templated":true}]}}